{"id":17126,"date":"2024-07-10T23:01:21","date_gmt":"2024-07-10T23:01:21","guid":{"rendered":"https:\/\/para-pharmacity.tn\/?product=filorga-ncef-shot-15ml"},"modified":"2024-08-27T13:58:38","modified_gmt":"2024-08-27T13:58:38","slug":"filorga-ncef-shot-15ml","status":"publish","type":"product","link":"https:\/\/para-pharmacity.tn\/?product=filorga-ncef-shot-15ml","title":{"rendered":"FILORGA NCEF SHOT 15ML"},"content":{"rendered":"<p><strong>Description :<\/strong><\/p>\n<p>Cette cure anti-rides de 10 jours a une formule ultra concentr\u00e9e en NCEF pour booster la beaut\u00e9 de votre peau et corriger les signes du vieillissement.<\/p>\n<div>\n<p>NCEF-Shot\u00a0est un concentr\u00e9 polyrevitalisant supr\u00eame anti-\u00e2ge. Ce cosm\u00e9tique vous propose une r\u00e9novation intensive de la qualit\u00e9 de peau en 10 jours de cure.<\/p>\n<p>Sa formule contient le complexe brevet\u00e9 NCEF concentr\u00e9 \u00e0 un dosage \u00e9quivalent \u00e0 celui d\u2019une m\u00e9so-injection par jour. Ainsi, ses 50 ingr\u00e9dients permettent l&rsquo;activation des cellules pour r\u00e9duire les rides, la perte de fermet\u00e9 et r\u00e9veiller le teint terne et fatigu\u00e9. Id\u00e9al lors des changements de saisons.<\/p>\n<p>Sa texture l\u00e9g\u00e8re p\u00e9n\u00e8tre facilement et enveloppe votre visage du parfum signature des\u00a0produits Filorga.<\/p>\n<p>Votre peau est r\u00e9g\u00e9n\u00e9r\u00e9e et \u00e9clatante en 10 jours seulement.<\/p>\n<\/div>\n<p><strong>Conseils d&rsquo;utilisation :<\/strong><\/p>\n<p>Appliquez le concentr\u00e9 NCEF-Shot matin et soir pendant 10 jours sur l\u2019ensemble du visage, du cou et du d\u00e9collet\u00e9 avant le s\u00e9rum ou sous la cr\u00e8me. A l\u2019aide de la pipette, pr\u00e9levez le soin Filorga jusqu\u2019au trait, chauffez-le dans le creux des mains puis appliquez-le en lissage sur le visage.<\/p>\n<p>Bien agiter avant utilisation.<\/p>\n","protected":false},"excerpt":{"rendered":"<p>Filorga NCEF \u2013 SHOT Concentr\u00e9 Polyrevitalisant Supr\u00eame 15 ml est un soin ultra-concentr\u00e9 en NCEF pour une action pro-jeunesse intense et une qualit\u00e9 de peau.<\/p>\n<p>NCEF-Shot est un concentr\u00e9 polyrevitalisant supr\u00eame anti-\u00e2ge. Ce cosm\u00e9tique vous propose une r\u00e9novation intensive de la qualit\u00e9 de peau en 10 jours de cure.<\/p>\n","protected":false},"featured_media":24104,"comment_status":"open","ping_status":"closed","template":"","meta":[],"product_cat":[20],"product_tag":[],"class_list":{"0":"post-17126","1":"product","2":"type-product","3":"status-publish","4":"has-post-thumbnail","6":"product_cat-accessories","8":"first","9":"instock","10":"shipping-taxable","11":"product-type-simple"},"jetpack_sharing_enabled":true,"_links":{"self":[{"href":"https:\/\/para-pharmacity.tn\/index.php?rest_route=\/wp\/v2\/product\/17126","targetHints":{"allow":["GET"]}}],"collection":[{"href":"https:\/\/para-pharmacity.tn\/index.php?rest_route=\/wp\/v2\/product"}],"about":[{"href":"https:\/\/para-pharmacity.tn\/index.php?rest_route=\/wp\/v2\/types\/product"}],"replies":[{"embeddable":true,"href":"https:\/\/para-pharmacity.tn\/index.php?rest_route=%2Fwp%2Fv2%2Fcomments&post=17126"}],"version-history":[{"count":2,"href":"https:\/\/para-pharmacity.tn\/index.php?rest_route=\/wp\/v2\/product\/17126\/revisions"}],"predecessor-version":[{"id":24111,"href":"https:\/\/para-pharmacity.tn\/index.php?rest_route=\/wp\/v2\/product\/17126\/revisions\/24111"}],"wp:featuredmedia":[{"embeddable":true,"href":"https:\/\/para-pharmacity.tn\/index.php?rest_route=\/wp\/v2\/media\/24104"}],"wp:attachment":[{"href":"https:\/\/para-pharmacity.tn\/index.php?rest_route=%2Fwp%2Fv2%2Fmedia&parent=17126"}],"wp:term":[{"taxonomy":"product_cat","embeddable":true,"href":"https:\/\/para-pharmacity.tn\/index.php?rest_route=%2Fwp%2Fv2%2Fproduct_cat&post=17126"},{"taxonomy":"product_tag","embeddable":true,"href":"https:\/\/para-pharmacity.tn\/index.php?rest_route=%2Fwp%2Fv2%2Fproduct_tag&post=17126"}],"curies":[{"name":"wp","href":"https:\/\/api.w.org\/{rel}","templated":true}]}}