{"id":17125,"date":"2024-07-10T23:01:21","date_gmt":"2024-07-10T23:01:21","guid":{"rendered":"https:\/\/para-pharmacity.tn\/?product=filorga-mousse-demaqui-150-ml"},"modified":"2024-08-27T13:47:02","modified_gmt":"2024-08-27T13:47:02","slug":"filorga-mousse-demaqui-150-ml","status":"publish","type":"product","link":"https:\/\/para-pharmacity.tn\/?product=filorga-mousse-demaqui-150-ml","title":{"rendered":"FILORGA MOUSSE DEMAQUI 150 ML"},"content":{"rendered":"<p><strong>Description :<\/strong><\/p>\n<div class=\"specifications\">Cette mousse convient aussi bien au nettoyage et au d\u00e9maquillage du visage comme des yeux. Sa formule contenant de l&rsquo;acide hyaluronique lui conf\u00e8re des propri\u00e9t\u00e9s hydratante et pr\u00e9pare votre peau \u00e0 recevoir les soins anti-\u00e2ge.<\/div>\n<p><strong>Conseil d&rsquo;utilisation :<\/strong><\/p>\n<div class=\"specifications\">Appliquer dans le creux de la main et masser doucement sur peau humide. rincer abondamment.<\/div>\n<p><strong>Composition :<\/strong><\/p>\n<div class=\"specifications\">Aqua, Sodium Laureth Sulfate, Butylene Glycol, PEG-8, Caprylyl\/Capryl Glucoside, Coco-Betaine, Sodium Chloride, Sodium Methyl Cocoyl Taurate, Parfum (Fragrance), Phenoxyethanol, Sodium Hyaluronate, 1,2-Hexanediol, Caprylyl Glycol, Ethylhexylglycerin, Citric Acid, Sodium Cocyl Isethionate, Maltodextrin, Methylisothiazolinone, Lilium Candidum Flower Extract<\/div>\n","protected":false},"excerpt":{"rendered":"<p>La Mousse D\u00e9maquillante de Filorga nettoie, d\u00e9maquille et hydrate votre peau. Elle convient aussi bien au visage qu&rsquo;aux yeux.<\/p>\n","protected":false},"featured_media":24099,"comment_status":"open","ping_status":"closed","template":"","meta":[],"product_cat":[20],"product_tag":[],"class_list":{"0":"post-17125","1":"product","2":"type-product","3":"status-publish","4":"has-post-thumbnail","6":"product_cat-accessories","8":"first","9":"instock","10":"shipping-taxable","11":"product-type-simple"},"jetpack_sharing_enabled":true,"_links":{"self":[{"href":"https:\/\/para-pharmacity.tn\/index.php?rest_route=\/wp\/v2\/product\/17125","targetHints":{"allow":["GET"]}}],"collection":[{"href":"https:\/\/para-pharmacity.tn\/index.php?rest_route=\/wp\/v2\/product"}],"about":[{"href":"https:\/\/para-pharmacity.tn\/index.php?rest_route=\/wp\/v2\/types\/product"}],"replies":[{"embeddable":true,"href":"https:\/\/para-pharmacity.tn\/index.php?rest_route=%2Fwp%2Fv2%2Fcomments&post=17125"}],"version-history":[{"count":2,"href":"https:\/\/para-pharmacity.tn\/index.php?rest_route=\/wp\/v2\/product\/17125\/revisions"}],"predecessor-version":[{"id":24102,"href":"https:\/\/para-pharmacity.tn\/index.php?rest_route=\/wp\/v2\/product\/17125\/revisions\/24102"}],"wp:featuredmedia":[{"embeddable":true,"href":"https:\/\/para-pharmacity.tn\/index.php?rest_route=\/wp\/v2\/media\/24099"}],"wp:attachment":[{"href":"https:\/\/para-pharmacity.tn\/index.php?rest_route=%2Fwp%2Fv2%2Fmedia&parent=17125"}],"wp:term":[{"taxonomy":"product_cat","embeddable":true,"href":"https:\/\/para-pharmacity.tn\/index.php?rest_route=%2Fwp%2Fv2%2Fproduct_cat&post=17125"},{"taxonomy":"product_tag","embeddable":true,"href":"https:\/\/para-pharmacity.tn\/index.php?rest_route=%2Fwp%2Fv2%2Fproduct_tag&post=17125"}],"curies":[{"name":"wp","href":"https:\/\/api.w.org\/{rel}","templated":true}]}}