{"id":17123,"date":"2024-07-10T23:01:20","date_gmt":"2024-07-10T23:01:20","guid":{"rendered":"https:\/\/para-pharmacity.tn\/?product=filorga-meso-mask-50-ml"},"modified":"2024-08-27T13:32:18","modified_gmt":"2024-08-27T13:32:18","slug":"filorga-meso-mask-50-ml","status":"publish","type":"product","link":"https:\/\/para-pharmacity.tn\/?product=filorga-meso-mask-50-ml","title":{"rendered":"FILORGA MESO MASK 50 ML"},"content":{"rendered":"<p><strong>FILORGA MESO-MASK MASQUE LISSANT ILLUMINATEUR &#8211; 50 ML<\/strong><\/p>\n<p>Ce meso Mask\u00a0apaise les irritations, unifie et \u00e9claircit le teint d&rsquo;une fa\u00e7on instantann\u00e9e\u00a0et durable.<\/p>\n<p>Efface les signes de fatigue et traite les rides.<\/p>\n<p>Filorga masque lissant illuminateur\u00a0stimule l\u2019activit\u00e9 cellulaire et la production du collag\u00e9ne.<\/p>\n<p>Il se\u00a0carat\u00e9rise par une texture cr\u00e8me d\u00e9licate pour un moment unique de d\u00e9tente.<\/p>\n<p>Votre\u00a0peau sera\u00a0repulp\u00e9e, \u00e9clatante de sant\u00e9 et de fra\u00eecheur.<\/p>\n","protected":false},"excerpt":{"rendered":"<p>Sublime la peau en lui apportant lumi\u00e8re et \u00e9clat. Traite les rides et efface les signes de fatigue.<\/p>\n","protected":false},"featured_media":24086,"comment_status":"open","ping_status":"closed","template":"","meta":[],"product_cat":[20],"product_tag":[],"class_list":{"0":"post-17123","1":"product","2":"type-product","3":"status-publish","4":"has-post-thumbnail","6":"product_cat-accessories","8":"first","9":"instock","10":"shipping-taxable","11":"product-type-simple"},"jetpack_sharing_enabled":true,"_links":{"self":[{"href":"https:\/\/para-pharmacity.tn\/index.php?rest_route=\/wp\/v2\/product\/17123","targetHints":{"allow":["GET"]}}],"collection":[{"href":"https:\/\/para-pharmacity.tn\/index.php?rest_route=\/wp\/v2\/product"}],"about":[{"href":"https:\/\/para-pharmacity.tn\/index.php?rest_route=\/wp\/v2\/types\/product"}],"replies":[{"embeddable":true,"href":"https:\/\/para-pharmacity.tn\/index.php?rest_route=%2Fwp%2Fv2%2Fcomments&post=17123"}],"version-history":[{"count":2,"href":"https:\/\/para-pharmacity.tn\/index.php?rest_route=\/wp\/v2\/product\/17123\/revisions"}],"predecessor-version":[{"id":24094,"href":"https:\/\/para-pharmacity.tn\/index.php?rest_route=\/wp\/v2\/product\/17123\/revisions\/24094"}],"wp:featuredmedia":[{"embeddable":true,"href":"https:\/\/para-pharmacity.tn\/index.php?rest_route=\/wp\/v2\/media\/24086"}],"wp:attachment":[{"href":"https:\/\/para-pharmacity.tn\/index.php?rest_route=%2Fwp%2Fv2%2Fmedia&parent=17123"}],"wp:term":[{"taxonomy":"product_cat","embeddable":true,"href":"https:\/\/para-pharmacity.tn\/index.php?rest_route=%2Fwp%2Fv2%2Fproduct_cat&post=17123"},{"taxonomy":"product_tag","embeddable":true,"href":"https:\/\/para-pharmacity.tn\/index.php?rest_route=%2Fwp%2Fv2%2Fproduct_tag&post=17123"}],"curies":[{"name":"wp","href":"https:\/\/api.w.org\/{rel}","templated":true}]}}