{"id":17122,"date":"2024-07-10T23:01:19","date_gmt":"2024-07-10T23:01:19","guid":{"rendered":"https:\/\/para-pharmacity.tn\/?product=filorga-lift-structure-50-ml"},"modified":"2024-08-27T13:21:30","modified_gmt":"2024-08-27T13:21:30","slug":"filorga-lift-structure-50-ml","status":"publish","type":"product","link":"https:\/\/para-pharmacity.tn\/?product=filorga-lift-structure-50-ml","title":{"rendered":"FILORGA LIFT STRUCTURE 50 ML"},"content":{"rendered":"<p>IFT-STRUCTURE, une cr\u00e8me visage anti-\u00e2ge ultra-liftante formul\u00e9e \u00e0 base d\u2019actifs issus des proc\u00e9dures esth\u00e9tiques.<\/p>\n<p>D\u00e9couvrez LIFT-STRUCTURE, une cr\u00e8me anti-\u00e2ge ultra-liftante qui lutte contre les signes de l\u2019\u00e2ge en agissant sur le raffermissement cutan\u00e9.<\/p>\n<p>Efficacit\u00e9 liftante [traits liss\u00e9s + volumes red\u00e9finis] \u00a0Int\u00e9gr\u00e9 pour la premi\u00e8re fois dans une cr\u00e8me, le Plasmatic Lifting Factors\u00ae associe [Facteurs cellulaires + Collag\u00e8ne + Acide hyaluronique] pour retendre visiblement les traits, repulper la peau et remodeler les volumes.<\/p>\n<p>Action raffermissante intensive \u00a0Issu des derni\u00e8res recherches en biotechnologie, un duo d\u2019actifs v\u00e9g\u00e9taux stimule les composants majeurs de la peau pour lui redonner tonicit\u00e9 et fermet\u00e9. \u00a0Texture cr\u00e8me riche \u2013 Pot 50ml<\/p>\n<p><strong>Comment l&rsquo;utiliser \u00a0<\/strong><\/p>\n<p>Appliquer le matin, seule ou combin\u00e9e \u00e0 un s\u00e9rum. \u00a0Faire p\u00e9n\u00e9trer en massant. \u00a0Utiliser la cr\u00e8me au niveau du cou en effectuant des mouvements de bas en haut.<\/p>\n","protected":false},"excerpt":{"rendered":"<p>Cr\u00e8me de jour Ultra-Liftante LIFT-STRUCTURE, une cr\u00e8me visage anti-\u00e2ge ultra-liftante formul\u00e9e \u00e0 base d\u2019actifs issus des proc\u00e9dures esth\u00e9tiques.<\/p>\n","protected":false},"featured_media":24078,"comment_status":"open","ping_status":"closed","template":"","meta":[],"product_cat":[20],"product_tag":[],"class_list":{"0":"post-17122","1":"product","2":"type-product","3":"status-publish","4":"has-post-thumbnail","6":"product_cat-accessories","8":"first","9":"instock","10":"shipping-taxable","11":"product-type-simple"},"jetpack_sharing_enabled":true,"_links":{"self":[{"href":"https:\/\/para-pharmacity.tn\/index.php?rest_route=\/wp\/v2\/product\/17122","targetHints":{"allow":["GET"]}}],"collection":[{"href":"https:\/\/para-pharmacity.tn\/index.php?rest_route=\/wp\/v2\/product"}],"about":[{"href":"https:\/\/para-pharmacity.tn\/index.php?rest_route=\/wp\/v2\/types\/product"}],"replies":[{"embeddable":true,"href":"https:\/\/para-pharmacity.tn\/index.php?rest_route=%2Fwp%2Fv2%2Fcomments&post=17122"}],"version-history":[{"count":3,"href":"https:\/\/para-pharmacity.tn\/index.php?rest_route=\/wp\/v2\/product\/17122\/revisions"}],"predecessor-version":[{"id":24084,"href":"https:\/\/para-pharmacity.tn\/index.php?rest_route=\/wp\/v2\/product\/17122\/revisions\/24084"}],"wp:featuredmedia":[{"embeddable":true,"href":"https:\/\/para-pharmacity.tn\/index.php?rest_route=\/wp\/v2\/media\/24078"}],"wp:attachment":[{"href":"https:\/\/para-pharmacity.tn\/index.php?rest_route=%2Fwp%2Fv2%2Fmedia&parent=17122"}],"wp:term":[{"taxonomy":"product_cat","embeddable":true,"href":"https:\/\/para-pharmacity.tn\/index.php?rest_route=%2Fwp%2Fv2%2Fproduct_cat&post=17122"},{"taxonomy":"product_tag","embeddable":true,"href":"https:\/\/para-pharmacity.tn\/index.php?rest_route=%2Fwp%2Fv2%2Fproduct_tag&post=17122"}],"curies":[{"name":"wp","href":"https:\/\/api.w.org\/{rel}","templated":true}]}}