{"id":17121,"date":"2024-07-10T23:01:19","date_gmt":"2024-07-10T23:01:19","guid":{"rendered":"https:\/\/para-pharmacity.tn\/?product=filorga-lift-mask-14-ml"},"modified":"2024-08-27T13:10:41","modified_gmt":"2024-08-27T13:10:41","slug":"filorga-lift-mask-14-ml","status":"publish","type":"product","link":"https:\/\/para-pharmacity.tn\/?product=filorga-lift-mask-14-ml","title":{"rendered":"FILORGA LIFT MASK 14 ML"},"content":{"rendered":"<p>D\u00e9couvrez le masque visage ultra-liftant LIFT-MASK, toute la puissance d\u2019un s\u00e9rum concentr\u00e9e dans un masque nouvelle g\u00e9n\u00e9ration pour un effet anti-\u00e2ge surprenant en 15 minutes chrono.<\/p>\n<p>\/Double effet tenseur [traits lift\u00e9s + peau repulp\u00e9e]<\/p>\n<p>Int\u00e9gr\u00e9 pour la premi\u00e8re fois chez les Laboratoires FILORGA dans un masque, le Plasmatic Lifting Factors associe [facteurs cellulaires + collag\u00e8ne + acide hyaluronique] pour retendre visiblement les traits et repulper la peau.<\/p>\n<p>\/Action anti-\u00e2ge intensive [Polyph\u00e9nols Antioxydants]<\/p>\n<p>Un puissant antioxydant pour un effet jeunesse visible et des polyph\u00e9nols extraits de Sophora japonica, fleur utilis\u00e9e en m\u00e9decine chinoise, luttent contre le vieillissement cutan\u00e9.<\/p>\n<p>\/Accelerateur de diffusion cutan\u00e9e\u00a0 [Skin-Lifting Technology]<\/p>\n<p>Pour la premi\u00e8re fois, FILORGA cr\u00e9e un masque \u00e0 texture biocellulose effet seconde peau pour une adh\u00e9sion parfaite aux courbes du visage et une impr\u00e9gnation des actifs optimis\u00e9e.<\/p>\n","protected":false},"excerpt":{"rendered":"<p>D\u00e9couvrez le masque visage ultra-liftant LIFT-MASK, toute la puissance d\u2019un s\u00e9rum concentr\u00e9e dans un masque nouvelle g\u00e9n\u00e9ration pour un effet anti-\u00e2ge surprenant en 15 minutes chrono.<\/p>\n","protected":false},"featured_media":24073,"comment_status":"open","ping_status":"closed","template":"","meta":[],"product_cat":[20],"product_tag":[],"class_list":{"0":"post-17121","1":"product","2":"type-product","3":"status-publish","4":"has-post-thumbnail","6":"product_cat-accessories","8":"first","9":"instock","10":"shipping-taxable","11":"product-type-simple"},"jetpack_sharing_enabled":true,"_links":{"self":[{"href":"https:\/\/para-pharmacity.tn\/index.php?rest_route=\/wp\/v2\/product\/17121","targetHints":{"allow":["GET"]}}],"collection":[{"href":"https:\/\/para-pharmacity.tn\/index.php?rest_route=\/wp\/v2\/product"}],"about":[{"href":"https:\/\/para-pharmacity.tn\/index.php?rest_route=\/wp\/v2\/types\/product"}],"replies":[{"embeddable":true,"href":"https:\/\/para-pharmacity.tn\/index.php?rest_route=%2Fwp%2Fv2%2Fcomments&post=17121"}],"version-history":[{"count":2,"href":"https:\/\/para-pharmacity.tn\/index.php?rest_route=\/wp\/v2\/product\/17121\/revisions"}],"predecessor-version":[{"id":24076,"href":"https:\/\/para-pharmacity.tn\/index.php?rest_route=\/wp\/v2\/product\/17121\/revisions\/24076"}],"wp:featuredmedia":[{"embeddable":true,"href":"https:\/\/para-pharmacity.tn\/index.php?rest_route=\/wp\/v2\/media\/24073"}],"wp:attachment":[{"href":"https:\/\/para-pharmacity.tn\/index.php?rest_route=%2Fwp%2Fv2%2Fmedia&parent=17121"}],"wp:term":[{"taxonomy":"product_cat","embeddable":true,"href":"https:\/\/para-pharmacity.tn\/index.php?rest_route=%2Fwp%2Fv2%2Fproduct_cat&post=17121"},{"taxonomy":"product_tag","embeddable":true,"href":"https:\/\/para-pharmacity.tn\/index.php?rest_route=%2Fwp%2Fv2%2Fproduct_tag&post=17121"}],"curies":[{"name":"wp","href":"https:\/\/api.w.org\/{rel}","templated":true}]}}