{"id":17120,"date":"2024-07-10T23:01:19","date_gmt":"2024-07-10T23:01:19","guid":{"rendered":"https:\/\/para-pharmacity.tn\/?product=filorga-lift-designer-30-ml"},"modified":"2024-08-27T13:02:54","modified_gmt":"2024-08-27T13:02:54","slug":"filorga-lift-designer-30-ml","status":"publish","type":"product","link":"https:\/\/para-pharmacity.tn\/?product=filorga-lift-designer-30-ml","title":{"rendered":"FILORGA LIFT DESIGNER 30 ML"},"content":{"rendered":"<div class=\"description\">\n<p>Ce s\u00e9rum ultra-sensoriel p\u00e9n\u00e8tre rapidement et apporte un effet d\u00e9froissant \u00e0 la peau pour une double action tenseur + coup d\u2019\u00e9clat sans effet carton.<\/p>\n<\/div>\n<div id=\"readmore\" class=\"readmore hide\">\n<p>Un soin malin et une utilisation pratique !<\/p>\n<p><strong>\/ Efficacit\u00e9 liftante surprenante [traits liss\u00e9s + volumes red\u00e9finis] :<\/strong>\u00a0int\u00e9gr\u00e9 pour la premi\u00e8re fois dans un s\u00e9rum, le Plasmatic Lifting Factors\u00ae associe [Facteurs cellulaires + Collag\u00e8ne + Acide hyaluronique] pour retendre visiblement les traits, repulper la peau et sculpter les volumes.<\/p>\n<p><strong>\/ Tenseur double action [biologique + m\u00e9canique] :<\/strong>\u00a0un duo d\u2019actifs ultra-tenseurs [imm\u00e9diat + long-terme] associ\u00e9 \u00e0 un applicateur-roller \u00e0 effet liftant pour stimuler le tissu cutan\u00e9.<\/p>\n<p><strong>\/ EFFET LIFTANT VISIBLE D\u00c8S 7 JOURS !<\/strong><\/p>\n<p>Texture ultra-sensorielle \u00e0 p\u00e9n\u00e9tration rapide qui laisse une peau rapidement retendue et un teint frais. 30ml.<\/p>\n<\/div>\n","protected":false},"excerpt":{"rendered":"<p>UN S\u00c9RUM ULTRA-LIFTANT FORMUL\u00c9 \u00c0 BASE D\u2019ACTIFS ISSUS DES PROC\u00c9DURES ESTH\u00c9TIQUES POUR UN EFFET ANTI-\u00c2GE RADICAL.<\/p>\n","protected":false},"featured_media":24067,"comment_status":"open","ping_status":"closed","template":"","meta":[],"product_cat":[20],"product_tag":[],"class_list":{"0":"post-17120","1":"product","2":"type-product","3":"status-publish","4":"has-post-thumbnail","6":"product_cat-accessories","8":"first","9":"instock","10":"shipping-taxable","11":"product-type-simple"},"jetpack_sharing_enabled":true,"_links":{"self":[{"href":"https:\/\/para-pharmacity.tn\/index.php?rest_route=\/wp\/v2\/product\/17120","targetHints":{"allow":["GET"]}}],"collection":[{"href":"https:\/\/para-pharmacity.tn\/index.php?rest_route=\/wp\/v2\/product"}],"about":[{"href":"https:\/\/para-pharmacity.tn\/index.php?rest_route=\/wp\/v2\/types\/product"}],"replies":[{"embeddable":true,"href":"https:\/\/para-pharmacity.tn\/index.php?rest_route=%2Fwp%2Fv2%2Fcomments&post=17120"}],"version-history":[{"count":2,"href":"https:\/\/para-pharmacity.tn\/index.php?rest_route=\/wp\/v2\/product\/17120\/revisions"}],"predecessor-version":[{"id":24071,"href":"https:\/\/para-pharmacity.tn\/index.php?rest_route=\/wp\/v2\/product\/17120\/revisions\/24071"}],"wp:featuredmedia":[{"embeddable":true,"href":"https:\/\/para-pharmacity.tn\/index.php?rest_route=\/wp\/v2\/media\/24067"}],"wp:attachment":[{"href":"https:\/\/para-pharmacity.tn\/index.php?rest_route=%2Fwp%2Fv2%2Fmedia&parent=17120"}],"wp:term":[{"taxonomy":"product_cat","embeddable":true,"href":"https:\/\/para-pharmacity.tn\/index.php?rest_route=%2Fwp%2Fv2%2Fproduct_cat&post=17120"},{"taxonomy":"product_tag","embeddable":true,"href":"https:\/\/para-pharmacity.tn\/index.php?rest_route=%2Fwp%2Fv2%2Fproduct_tag&post=17120"}],"curies":[{"name":"wp","href":"https:\/\/api.w.org\/{rel}","templated":true}]}}