{"id":17119,"date":"2024-07-10T23:01:18","date_gmt":"2024-07-10T23:01:18","guid":{"rendered":"https:\/\/para-pharmacity.tn\/?product=filorga-iso-structure-50-ml"},"modified":"2024-08-27T12:54:35","modified_gmt":"2024-08-27T12:54:35","slug":"filorga-iso-structure-50-ml","status":"publish","type":"product","link":"https:\/\/para-pharmacity.tn\/?product=filorga-iso-structure-50-ml","title":{"rendered":"FILORGA ISO STRUCTURE 50 ML"},"content":{"rendered":"<p><strong>FILORGA ISO STRUCTURE CREME \u2013 50ML<\/strong><\/p>\n<p>Ce soin fortifiant aux actifs redensifiants combat le relachement des tissus, comble les rides et remod\u00e8le l\u2019architecture du visage.<\/p>\n<p>Le\u00a0NCTF\u00ae et l\u2019acide hyaluronique agissent en synergie avec un pr\u00e9curseur de laminine 5 pour reconstruire la \u00ab Jonction Dermo-\u00e9pidermique \u00bb responsable de la perte de fermet\u00e9.<\/p>\n<p>L\u2019utilisation de cette cr\u00e9me procure une sensation de maintien galbant instantann\u00e9e.<\/p>\n<p><strong><u>Conseils d\u2019utilisation:<\/u><\/strong><\/p>\n<p>Il est indiqu\u00e9 de l\u2019appliquer chaque matin sur le cou et le visage.<\/p>\n<p>Il est conseill\u00e9 de faire p\u00e9n\u00e9trer en tapotant du bout des doigts.<\/p>\n","protected":false},"excerpt":{"rendered":"<p>Soin redensifiant qui raffermit les tissus, comble les rides et remod\u00e8le le visage gr\u00e2ce au NCTF\u00ae, acide hyaluronique, et laminine 5. Effet tenseur imm\u00e9diat.<\/p>\n","protected":false},"featured_media":24061,"comment_status":"open","ping_status":"closed","template":"","meta":[],"product_cat":[20],"product_tag":[],"class_list":{"0":"post-17119","1":"product","2":"type-product","3":"status-publish","4":"has-post-thumbnail","6":"product_cat-accessories","8":"first","9":"instock","10":"shipping-taxable","11":"product-type-simple"},"jetpack_sharing_enabled":true,"_links":{"self":[{"href":"https:\/\/para-pharmacity.tn\/index.php?rest_route=\/wp\/v2\/product\/17119","targetHints":{"allow":["GET"]}}],"collection":[{"href":"https:\/\/para-pharmacity.tn\/index.php?rest_route=\/wp\/v2\/product"}],"about":[{"href":"https:\/\/para-pharmacity.tn\/index.php?rest_route=\/wp\/v2\/types\/product"}],"replies":[{"embeddable":true,"href":"https:\/\/para-pharmacity.tn\/index.php?rest_route=%2Fwp%2Fv2%2Fcomments&post=17119"}],"version-history":[{"count":2,"href":"https:\/\/para-pharmacity.tn\/index.php?rest_route=\/wp\/v2\/product\/17119\/revisions"}],"predecessor-version":[{"id":24065,"href":"https:\/\/para-pharmacity.tn\/index.php?rest_route=\/wp\/v2\/product\/17119\/revisions\/24065"}],"wp:featuredmedia":[{"embeddable":true,"href":"https:\/\/para-pharmacity.tn\/index.php?rest_route=\/wp\/v2\/media\/24061"}],"wp:attachment":[{"href":"https:\/\/para-pharmacity.tn\/index.php?rest_route=%2Fwp%2Fv2%2Fmedia&parent=17119"}],"wp:term":[{"taxonomy":"product_cat","embeddable":true,"href":"https:\/\/para-pharmacity.tn\/index.php?rest_route=%2Fwp%2Fv2%2Fproduct_cat&post=17119"},{"taxonomy":"product_tag","embeddable":true,"href":"https:\/\/para-pharmacity.tn\/index.php?rest_route=%2Fwp%2Fv2%2Fproduct_tag&post=17119"}],"curies":[{"name":"wp","href":"https:\/\/api.w.org\/{rel}","templated":true}]}}