{"id":17118,"date":"2024-07-10T23:01:18","date_gmt":"2024-07-10T23:01:18","guid":{"rendered":"https:\/\/para-pharmacity.tn\/?product=filorga-hydra-filler-mask"},"modified":"2024-08-27T12:42:54","modified_gmt":"2024-08-27T12:42:54","slug":"filorga-hydra-filler-mask","status":"publish","type":"product","link":"https:\/\/para-pharmacity.tn\/?product=filorga-hydra-filler-mask","title":{"rendered":"FILORGA HYDRA-FILLER MASK"},"content":{"rendered":"<p><strong>Description<\/strong><\/p>\n<p>Le masque en tissu super-hydratant Hydra-Filler de Filorga, repulpe votre peau en 15 minutes !<br \/>\nGr\u00e2ce \u00e0 sa formule d&rsquo;acide hyaluronique associ\u00e9 \u00e0 des NMF, facteurs naturels d&rsquo;hydratation, gorge votre peau d&rsquo;eau pour un effet hydra-repulpant intense.<\/p>\n<p>Effet belle peau imm\u00e9diat : de l&rsquo;aloe vera, supra-plantes riche en vitamines, min\u00e9raux et oligo-\u00e9l\u00e9ments, redynamise la peau pour restaurer l&rsquo;\u00e9clat et la fraicheur du teint.<strong><br \/>\n<\/strong><\/p>\n<p><strong>Conseils d&rsquo;utilisation<br \/>\n<\/strong><\/p>\n<ul>\n<li>Apr\u00e8s ouverture du sachet, d\u00e9plier le masque puis retirer d\u00e9licatement son maillage protecteur<\/li>\n<li>Placer le masque sur le visage pr\u00e9alablement nettoy\u00e9<\/li>\n<li>Laisser agir durant 15 minutes<\/li>\n<li>Faire p\u00e9n\u00e9trer l&rsquo;exc\u00e9dent de s\u00e9rum du bout des doigts<\/li>\n<li>Sans rin\u00e7age<\/li>\n<li>Application \u00e0 renouveler 1 \u00e0 2 fois par semaine<\/li>\n<\/ul>\n<p><strong>Composition<\/strong><\/p>\n<p>Aqua (water), glycerin, pentylene glycol, xanthan gum, polysorbate 20, sodium hyaluronate, sodium pca, sodium lactate, parfum (fragrance), tetrasodium glutamate diacetate, citric acid, aloe barbadensis leaf juice powder, fructose, glycine, niacinamide, sodium benzoate, urea, sodium hydroxide, inositol<\/p>\n","protected":false},"excerpt":{"rendered":"<p>Le masque en tissu super-hydratant Hydra-Filler de Filorga, repulpe votre peau en 15 minutes !<br \/>\nGr\u00e2ce \u00e0 sa formule d&rsquo;acide hyaluronique associ\u00e9 \u00e0 des NMF, facteurs naturels d&rsquo;hydratation, gorge votre peau d&rsquo;eau pour un effet hydra-repulpant intense.<\/p>\n","protected":false},"featured_media":24057,"comment_status":"open","ping_status":"closed","template":"","meta":[],"product_cat":[20],"product_tag":[],"class_list":{"0":"post-17118","1":"product","2":"type-product","3":"status-publish","4":"has-post-thumbnail","6":"product_cat-accessories","8":"first","9":"instock","10":"shipping-taxable","11":"product-type-simple"},"jetpack_sharing_enabled":true,"_links":{"self":[{"href":"https:\/\/para-pharmacity.tn\/index.php?rest_route=\/wp\/v2\/product\/17118","targetHints":{"allow":["GET"]}}],"collection":[{"href":"https:\/\/para-pharmacity.tn\/index.php?rest_route=\/wp\/v2\/product"}],"about":[{"href":"https:\/\/para-pharmacity.tn\/index.php?rest_route=\/wp\/v2\/types\/product"}],"replies":[{"embeddable":true,"href":"https:\/\/para-pharmacity.tn\/index.php?rest_route=%2Fwp%2Fv2%2Fcomments&post=17118"}],"version-history":[{"count":2,"href":"https:\/\/para-pharmacity.tn\/index.php?rest_route=\/wp\/v2\/product\/17118\/revisions"}],"predecessor-version":[{"id":24059,"href":"https:\/\/para-pharmacity.tn\/index.php?rest_route=\/wp\/v2\/product\/17118\/revisions\/24059"}],"wp:featuredmedia":[{"embeddable":true,"href":"https:\/\/para-pharmacity.tn\/index.php?rest_route=\/wp\/v2\/media\/24057"}],"wp:attachment":[{"href":"https:\/\/para-pharmacity.tn\/index.php?rest_route=%2Fwp%2Fv2%2Fmedia&parent=17118"}],"wp:term":[{"taxonomy":"product_cat","embeddable":true,"href":"https:\/\/para-pharmacity.tn\/index.php?rest_route=%2Fwp%2Fv2%2Fproduct_cat&post=17118"},{"taxonomy":"product_tag","embeddable":true,"href":"https:\/\/para-pharmacity.tn\/index.php?rest_route=%2Fwp%2Fv2%2Fproduct_tag&post=17118"}],"curies":[{"name":"wp","href":"https:\/\/api.w.org\/{rel}","templated":true}]}}