{"id":17115,"date":"2024-07-10T23:01:17","date_gmt":"2024-07-10T23:01:17","guid":{"rendered":"https:\/\/para-pharmacity.tn\/?product=filorga-hydra-filler-mat"},"modified":"2024-08-27T12:17:16","modified_gmt":"2024-08-27T12:17:16","slug":"filorga-hydra-filler-mat","status":"publish","type":"product","link":"https:\/\/para-pharmacity.tn\/?product=filorga-hydra-filler-mat","title":{"rendered":"FILORGA HYDRA FILLER MAT"},"content":{"rendered":"<p>Filorga hydra filler mat contenant L\u2019hydratant cellulaire qui est capable de repulper, de resserrer les pores, de lisser le grain de peau et de r\u00e9v\u00e9ler l\u2019\u00e9clat du teint dans une texture gel-cr\u00e8me non grasse, au fini mat. Recommand\u00e9 pour les peaux mixtes \u00e0 grasses recherchant une hydratation performante, les peaux jeunes recherchant un fini mat, toutes les peaux en p\u00e9riode estivale gr\u00e2ce \u00e0 sa texture l\u00e9g\u00e8re et confortable.<\/p>\n<p>Ce gel cr\u00e9me contient un puissant duo d\u2019acides hyaluroniques qui impr\u00e8gne le tissu cutan\u00e9 pour une hydratation multi-couches \u00e0 effet repulpant. En parall\u00e8le, un exopolysaccharide qui restaure le r\u00f4le barri\u00e8re de la peau pour limiter la d\u00e9shydratation tout au long de la journ\u00e9e.<\/p>\n<p>Hydra Filler Mat est formul\u00e9e par une technologie bio-lissante associ\u00e9e au NCTFR lib\u00e8re des actifs r\u00e9g\u00e9n\u00e9rants pour affiner le grain de peau avec un actif astringent permettant de r\u00e9duire la taille des pores<\/p>\n<p>La peau est intens\u00e9ment hydrat\u00e9e et repulp\u00e9e. Jour apr\u00e8s jour, le grain de peau est lisse, les pores sont resserres, le teint est pur<\/p>\n<p><b>Conseils D\u2019utilisation:<\/b><\/p>\n<p>Il est indiqu\u00e9 d\u2019Appliquer en soin quotidien matin et\/ou soir sur l\u2019ensemble du visage et du cou. Id\u00e9al en base de maquillage.<\/p>\n","protected":false},"excerpt":{"rendered":"<p>HYDRA-FILLER MAT, toute la puissance de l\u2019acide hyaluronique pur dans un soin visage hydratant perfecteur pour hydrater intens\u00e9ment et r\u00e9v\u00e9ler une peau haute d\u00e9finition.<\/p>\n","protected":false},"featured_media":24053,"comment_status":"open","ping_status":"closed","template":"","meta":[],"product_cat":[20],"product_tag":[],"class_list":{"0":"post-17115","1":"product","2":"type-product","3":"status-publish","4":"has-post-thumbnail","6":"product_cat-accessories","8":"first","9":"instock","10":"shipping-taxable","11":"product-type-simple"},"jetpack_sharing_enabled":true,"_links":{"self":[{"href":"https:\/\/para-pharmacity.tn\/index.php?rest_route=\/wp\/v2\/product\/17115","targetHints":{"allow":["GET"]}}],"collection":[{"href":"https:\/\/para-pharmacity.tn\/index.php?rest_route=\/wp\/v2\/product"}],"about":[{"href":"https:\/\/para-pharmacity.tn\/index.php?rest_route=\/wp\/v2\/types\/product"}],"replies":[{"embeddable":true,"href":"https:\/\/para-pharmacity.tn\/index.php?rest_route=%2Fwp%2Fv2%2Fcomments&post=17115"}],"version-history":[{"count":2,"href":"https:\/\/para-pharmacity.tn\/index.php?rest_route=\/wp\/v2\/product\/17115\/revisions"}],"predecessor-version":[{"id":24055,"href":"https:\/\/para-pharmacity.tn\/index.php?rest_route=\/wp\/v2\/product\/17115\/revisions\/24055"}],"wp:featuredmedia":[{"embeddable":true,"href":"https:\/\/para-pharmacity.tn\/index.php?rest_route=\/wp\/v2\/media\/24053"}],"wp:attachment":[{"href":"https:\/\/para-pharmacity.tn\/index.php?rest_route=%2Fwp%2Fv2%2Fmedia&parent=17115"}],"wp:term":[{"taxonomy":"product_cat","embeddable":true,"href":"https:\/\/para-pharmacity.tn\/index.php?rest_route=%2Fwp%2Fv2%2Fproduct_cat&post=17115"},{"taxonomy":"product_tag","embeddable":true,"href":"https:\/\/para-pharmacity.tn\/index.php?rest_route=%2Fwp%2Fv2%2Fproduct_tag&post=17115"}],"curies":[{"name":"wp","href":"https:\/\/api.w.org\/{rel}","templated":true}]}}