{"id":17114,"date":"2024-07-10T23:01:16","date_gmt":"2024-07-10T23:01:16","guid":{"rendered":"https:\/\/para-pharmacity.tn\/?product=filorga-hand-absolute-50-ml"},"modified":"2024-08-27T11:30:13","modified_gmt":"2024-08-27T11:30:13","slug":"filorga-hand-absolute-50-ml","status":"publish","type":"product","link":"https:\/\/para-pharmacity.tn\/?product=filorga-hand-absolute-50-ml","title":{"rendered":"FILORGA HAND ABSOLUTE 50 ML"},"content":{"rendered":"<p><strong>Description<\/strong><br \/>\nNutrition absolue : un complexe r\u00e9parateur de beurres pr\u00e9cieux incorpor\u00e9 dans une texture sensorielle unique ultra p\u00e9n\u00e9trante qui nourrit profond\u00e9ment la peau sans laisser de film gras. anti-age int\u00e9gral : un trio d\u2019actifs, acide hyaluronique \u2013 collag\u00e8ne \u2013 lipopeptide lisse, qui raffermi et repulpe les mains en un seul geste pour les rajeunir visiblement.Homog\u00e9n\u00e9it\u00e9 parfaite : un extrait rare de lys de mer \u00e9claircissant qui lutte contre les taches, uniformise les mains et leur redonne l\u2019\u00e9clat de la jeunesse.Ongles sublimes : un booster de k\u00e9ratine qui stimule et renforce les ongles pour les rendre plus lisses, plus brillants, moins cassants.<\/p>\n<p><strong>Utilisation<\/strong><br \/>\nAppliquer \u00e0 tout moment de la journ\u00e9e par de l\u00e9gers massages circulaires sur les mains et les ongles.ConditionnementTube<\/p>\n<p>FILORGA Hand Absolute Cr\u00e8me Mains, 50mlMAINS S\u00c8CHES, ABIM\u00c9ES \u2013 ONGLES CASSANTS, STRI\u00c9S. TACHES, MANQUE D\u2019UNIFORMIT\u00c9 \u2013 VIEILLISSEMENT CUTAN\u00c9. EFFET RAJEUNISSANT DES MAINS EN 30 JOURS Quality: 1 2 3 4 5 Title: * Comment: * * Required fields Submit \u00a0 or\u00a0 Cancel<\/p>\n","protected":false},"excerpt":{"rendered":"<p>HAND-ABSOLUTE\u00ae<br \/>\nSOIN R\u00c9JUVATION ULTIME MAINS &amp; ONGLES<\/p>\n<p>MAINS S\u00c8CHES, ABIM\u00c9ES \u2013 ONGLES CASSANTS, STRI\u00c9S \u2013 TACHES, MANQUE D\u2019UNIFORMIT\u00c9 \u2013 VIEILLISSEMENT CUTAN\u00c9. MANUCURE ANTI-\u00c2GE EN 30 JOURS CHRONO.<\/p>\n","protected":false},"featured_media":24048,"comment_status":"open","ping_status":"closed","template":"","meta":[],"product_cat":[20],"product_tag":[],"class_list":{"0":"post-17114","1":"product","2":"type-product","3":"status-publish","4":"has-post-thumbnail","6":"product_cat-accessories","8":"first","9":"instock","10":"shipping-taxable","11":"product-type-simple"},"jetpack_sharing_enabled":true,"_links":{"self":[{"href":"https:\/\/para-pharmacity.tn\/index.php?rest_route=\/wp\/v2\/product\/17114","targetHints":{"allow":["GET"]}}],"collection":[{"href":"https:\/\/para-pharmacity.tn\/index.php?rest_route=\/wp\/v2\/product"}],"about":[{"href":"https:\/\/para-pharmacity.tn\/index.php?rest_route=\/wp\/v2\/types\/product"}],"replies":[{"embeddable":true,"href":"https:\/\/para-pharmacity.tn\/index.php?rest_route=%2Fwp%2Fv2%2Fcomments&post=17114"}],"version-history":[{"count":2,"href":"https:\/\/para-pharmacity.tn\/index.php?rest_route=\/wp\/v2\/product\/17114\/revisions"}],"predecessor-version":[{"id":24051,"href":"https:\/\/para-pharmacity.tn\/index.php?rest_route=\/wp\/v2\/product\/17114\/revisions\/24051"}],"wp:featuredmedia":[{"embeddable":true,"href":"https:\/\/para-pharmacity.tn\/index.php?rest_route=\/wp\/v2\/media\/24048"}],"wp:attachment":[{"href":"https:\/\/para-pharmacity.tn\/index.php?rest_route=%2Fwp%2Fv2%2Fmedia&parent=17114"}],"wp:term":[{"taxonomy":"product_cat","embeddable":true,"href":"https:\/\/para-pharmacity.tn\/index.php?rest_route=%2Fwp%2Fv2%2Fproduct_cat&post=17114"},{"taxonomy":"product_tag","embeddable":true,"href":"https:\/\/para-pharmacity.tn\/index.php?rest_route=%2Fwp%2Fv2%2Fproduct_tag&post=17114"}],"curies":[{"name":"wp","href":"https:\/\/api.w.org\/{rel}","templated":true}]}}