{"id":17113,"date":"2024-07-10T23:01:16","date_gmt":"2024-07-10T23:01:16","guid":{"rendered":"https:\/\/para-pharmacity.tn\/?product=filorga-global-repair-intensive-serum"},"modified":"2024-08-27T11:07:40","modified_gmt":"2024-08-27T11:07:40","slug":"filorga-global-repair-intensive-serum","status":"publish","type":"product","link":"https:\/\/para-pharmacity.tn\/?product=filorga-global-repair-intensive-serum","title":{"rendered":"FILORGA GLOBAL REPAIR INTENSIVE SERUM"},"content":{"rendered":"<p>Filorga GLOBAL-REPAIR Intensive S\u00e9rum Nutri-Jeunesse Multi-Revitalisant 30 ml est un soin \u00e0 la formule concentr\u00e9e et \u00e0 l&rsquo;action globale intensive. D\u00e9shydratation, rides marqu\u00e9es, manque de fermet\u00e9\/ovale rel\u00e2ch\u00e9, traits creus\u00e9s, taches, teint fatigu\u00e9 : ce s\u00e9rum est donc multi-actif. Il est sp\u00e9cialement indiqu\u00e9 pour les peaux d\u00e9vitalis\u00e9es, inspir\u00e9 des techniques de m\u00e9decine esth\u00e9tique reconnues pour un effet jeunesse visible et intensif. Il offre plusieurs effets :<\/p>\n<p>&#8211; nutrition revitalisante : 3 supernutriments agissent en synergie pour redonner souplesse et vitalit\u00e9 \u00e0 la peau ;<\/p>\n<p>&#8211; correction anti-\u00e2ge multi-intensive : 50 m\u00e9so-ingr\u00e9dients + 4 boosters cellulaires inspir\u00e9s des techniques de m\u00e9decine esth\u00e9tique se combinent pour agir sur l&rsquo;ensemble des signes du vieillissement cutan\u00e9 ;<\/p>\n<p>&#8211; action chrono-boost\u00e9e &#8211; efficacit\u00e9 booster intensif : il s&rsquo;utilise le jour et m\u00e9lang\u00e9 \u00e0 la cr\u00e8me de nuit pour une exp\u00e9rience sensorielle unique.<\/p>\n<p>Il offre un fini velours absolu. La peau est lumineuse avec un effet raffermissant et des pommettes remodel\u00e9es.<\/p>\n<p>Fabriqu\u00e9 en France.<\/p>\n<h2><strong>Conseil d&rsquo;utilisation<\/strong><\/h2>\n<p>A utiliser en soin quotidien matin et\/ou soir sur visage et cou.<\/p>\n<p>Le matin : appliquer en couche fine sous la cr\u00e8me.<\/p>\n<p>Le soir : m\u00e9langer \u00e0 la cr\u00e8me de la gamme Global-Repair dans le creux de la main puis appliquer en couche \u00e9paisse comme un masque. Laisser p\u00e9n\u00e9trer toute la nuit.<\/p>\n<p>Indication : Soin anti-\u00e2ge. Tous types de peaux.<\/p>\n","protected":false},"excerpt":{"rendered":"<p>Filorga GLOBAL-REPAIR Intensive S\u00e9rum Nutri-Jeunesse Multi-Revitalisant 30 ml est un soin \u00e0 la formule concentr\u00e9e et \u00e0 l&rsquo;action globale intensive<\/p>\n","protected":false},"featured_media":24040,"comment_status":"open","ping_status":"closed","template":"","meta":[],"product_cat":[20],"product_tag":[],"class_list":{"0":"post-17113","1":"product","2":"type-product","3":"status-publish","4":"has-post-thumbnail","6":"product_cat-accessories","8":"first","9":"instock","10":"shipping-taxable","11":"product-type-simple"},"jetpack_sharing_enabled":true,"_links":{"self":[{"href":"https:\/\/para-pharmacity.tn\/index.php?rest_route=\/wp\/v2\/product\/17113","targetHints":{"allow":["GET"]}}],"collection":[{"href":"https:\/\/para-pharmacity.tn\/index.php?rest_route=\/wp\/v2\/product"}],"about":[{"href":"https:\/\/para-pharmacity.tn\/index.php?rest_route=\/wp\/v2\/types\/product"}],"replies":[{"embeddable":true,"href":"https:\/\/para-pharmacity.tn\/index.php?rest_route=%2Fwp%2Fv2%2Fcomments&post=17113"}],"version-history":[{"count":2,"href":"https:\/\/para-pharmacity.tn\/index.php?rest_route=\/wp\/v2\/product\/17113\/revisions"}],"predecessor-version":[{"id":24046,"href":"https:\/\/para-pharmacity.tn\/index.php?rest_route=\/wp\/v2\/product\/17113\/revisions\/24046"}],"wp:featuredmedia":[{"embeddable":true,"href":"https:\/\/para-pharmacity.tn\/index.php?rest_route=\/wp\/v2\/media\/24040"}],"wp:attachment":[{"href":"https:\/\/para-pharmacity.tn\/index.php?rest_route=%2Fwp%2Fv2%2Fmedia&parent=17113"}],"wp:term":[{"taxonomy":"product_cat","embeddable":true,"href":"https:\/\/para-pharmacity.tn\/index.php?rest_route=%2Fwp%2Fv2%2Fproduct_cat&post=17113"},{"taxonomy":"product_tag","embeddable":true,"href":"https:\/\/para-pharmacity.tn\/index.php?rest_route=%2Fwp%2Fv2%2Fproduct_tag&post=17113"}],"curies":[{"name":"wp","href":"https:\/\/api.w.org\/{rel}","templated":true}]}}