{"id":17112,"date":"2024-07-10T23:01:16","date_gmt":"2024-07-10T23:01:16","guid":{"rendered":"https:\/\/para-pharmacity.tn\/?product=filorga-global-repair-creme"},"modified":"2024-08-27T10:57:02","modified_gmt":"2024-08-27T10:57:02","slug":"filorga-global-repair-creme","status":"publish","type":"product","link":"https:\/\/para-pharmacity.tn\/?product=filorga-global-repair-creme","title":{"rendered":"FILORGA GLOBAL REPAIR CREME"},"content":{"rendered":"<h1>FILORGA GLOBAL REPAIR CR\u00c8ME 50ML<\/h1>\n<div id=\"short_description_block\">\n<div id=\"short_description_content\" class=\"rte align_justify\">\n<p>Global Repair cr\u00e8me de jour<br \/>\nLa cr\u00e8me Filorga Global-Repair s&rsquo;inspire des avanc\u00e9es de la m\u00e9decine esth\u00e9tique pour r\u00e9hausser le teint et raffermir les peaux matures d\u00e9shydrat\u00e9es, rel\u00e2ch\u00e9es et pr\u00e9sentant les signes visibles de l&rsquo;\u00e2ge.<\/p>\n<p>Le soin Global-Repair apporte 3 actions aux peaux d\u00e9vitalis\u00e9es :<\/p>\n<p>&#8211; La nutrition revitalisante gr\u00e2ce \u00e0 3 super nutriments qui agissent ensemble pour redonner souplesse et vitalit\u00e9 \u00e0 la peau.<br \/>\n&#8211; La correction anti-\u00e2ge multi-intensive \u00e0 l&rsquo;aide de 50 meso-ingr\u00e9dients accompagn\u00e9s de 4 boosters cellulaires. Ils agissent en synergie sur les signes du vieillissement cutan\u00e9. Leur action est directement inspir\u00e9e des techniques de m\u00e9decine esth\u00e9tique.<br \/>\n&#8211; L&rsquo;action chrono-boost\u00e9e correspond \u00e0 l&rsquo;utilisation jour\/nuit de la cr\u00e8me Global-Repair : le jour en tant que cr\u00e8le de jour et la nuit en tant que sleeping mask, un soin que vous laissez agir toute la nuit sur votre visage.<\/p>\n<p>Pour une action plus intensive, d\u00e9couvrez le s\u00e9rum Filorga de la m\u00eame gamme.<\/p>\n<p>&nbsp;<\/p>\n<p><strong>Conseils d&rsquo;utilisation<\/strong><br \/>\nAppliquez le matin en couche fine et faites p\u00e9n\u00e9trer en massant.<br \/>\nEt\/ou appliquez le soir en couche \u00e9paisse comme un masque et laissez p\u00e9n\u00e9trer toute la nuit.<\/p>\n<\/div>\n<\/div>\n","protected":false},"excerpt":{"rendered":"<p>GLOBAL-REPAIR, la cr\u00e8me r\u00e9paratrice et anti-\u00e2ge visage au r\u00e9tinol pour une peau plus ferme et un teint \u00e9clatant.<\/p>\n","protected":false},"featured_media":24031,"comment_status":"open","ping_status":"closed","template":"","meta":[],"product_cat":[20],"product_tag":[],"class_list":{"0":"post-17112","1":"product","2":"type-product","3":"status-publish","4":"has-post-thumbnail","6":"product_cat-accessories","8":"first","9":"instock","10":"shipping-taxable","11":"product-type-simple"},"jetpack_sharing_enabled":true,"_links":{"self":[{"href":"https:\/\/para-pharmacity.tn\/index.php?rest_route=\/wp\/v2\/product\/17112","targetHints":{"allow":["GET"]}}],"collection":[{"href":"https:\/\/para-pharmacity.tn\/index.php?rest_route=\/wp\/v2\/product"}],"about":[{"href":"https:\/\/para-pharmacity.tn\/index.php?rest_route=\/wp\/v2\/types\/product"}],"replies":[{"embeddable":true,"href":"https:\/\/para-pharmacity.tn\/index.php?rest_route=%2Fwp%2Fv2%2Fcomments&post=17112"}],"version-history":[{"count":2,"href":"https:\/\/para-pharmacity.tn\/index.php?rest_route=\/wp\/v2\/product\/17112\/revisions"}],"predecessor-version":[{"id":24038,"href":"https:\/\/para-pharmacity.tn\/index.php?rest_route=\/wp\/v2\/product\/17112\/revisions\/24038"}],"wp:featuredmedia":[{"embeddable":true,"href":"https:\/\/para-pharmacity.tn\/index.php?rest_route=\/wp\/v2\/media\/24031"}],"wp:attachment":[{"href":"https:\/\/para-pharmacity.tn\/index.php?rest_route=%2Fwp%2Fv2%2Fmedia&parent=17112"}],"wp:term":[{"taxonomy":"product_cat","embeddable":true,"href":"https:\/\/para-pharmacity.tn\/index.php?rest_route=%2Fwp%2Fv2%2Fproduct_cat&post=17112"},{"taxonomy":"product_tag","embeddable":true,"href":"https:\/\/para-pharmacity.tn\/index.php?rest_route=%2Fwp%2Fv2%2Fproduct_tag&post=17112"}],"curies":[{"name":"wp","href":"https:\/\/api.w.org\/{rel}","templated":true}]}}