{"id":17111,"date":"2024-07-10T23:01:15","date_gmt":"2024-07-10T23:01:15","guid":{"rendered":"https:\/\/para-pharmacity.tn\/?product=filorga-flash-nude-powder"},"modified":"2024-08-27T10:46:40","modified_gmt":"2024-08-27T10:46:40","slug":"filorga-flash-nude-powder","status":"publish","type":"product","link":"https:\/\/para-pharmacity.tn\/?product=filorga-flash-nude-powder","title":{"rendered":"FILORGA FLASH NUDE POWDER"},"content":{"rendered":"<p>FILORGA FLASH-NUDE POUDRE\u00a0PRO-PERFECTION<\/p>\n<p>Poudre Invisible Pro-Perfection \/ Effet Peau Nue Z\u00e9ro D\u00e9faut<br \/>\nUNE POUDRE INVISIBLE DOUBLE ACTION [FLASH + DURABLE] POUR SUBLIMER ET PARFAIRE LA PEAU.<\/p>\n<p>&nbsp;<\/p>\n<ul>\n<li>Action perfectrice flash [technologie perfect-blur] :\u00a0 Une poudre qui fond sur la peau en transparence pour flouter les irr\u00e9gularit\u00e9s, unifier le teint et matifier la peau en un flash. De l\u2019acide hyaluronique hydratant pour un fini non-dess\u00e9chant.<\/li>\n<li>Multi-correction durable [lissage \u2013 uniformit\u00e9 -\u00e9clat] : Un actif marin r\u00e9g\u00e9n\u00e9rant pour parfaire la peau jour apr\u00e8s jour : grain de peau liss\u00e9, pores resserr\u00e9s, teint plus lumineux et homog\u00e8ne.<\/li>\n<li>Le + :\u00a0 une protection cutan\u00e9e urbaine [Lumi\u00e8re bleue + infra-rouges + pollution ] quotidienne<\/li>\n<\/ul>\n<p>Poudre soyeuse fini imperceptible. Tous types de peaux, toutes carnations. Boitier 6,2g<\/p>\n<hr \/>\n<p>Conseils d&rsquo;utilisations:<\/p>\n<p>Il est recommand\u00e9 d&rsquo;Appliquer apr\u00e8s les soins quotidiens et\/ou maquillage sur l\u2019ensemble du visage \u00e0 l\u2019aide d\u2019un pinceau. Peut \u00e9galement s\u2019utiliser en retouche au cours de la journ\u00e9e pour une mise en beaut\u00e9 flash.<\/p>\n","protected":false},"excerpt":{"rendered":"<p>POUDRE INVISIBLE PRO-PERFECTION EFFET PEAU NUE Z\u00c9RO D\u00c9FAUT UNE POUDRE INVISIBLE DOUBLE ACTION<\/p>\n","protected":false},"featured_media":24027,"comment_status":"open","ping_status":"closed","template":"","meta":[],"product_cat":[20],"product_tag":[],"class_list":{"0":"post-17111","1":"product","2":"type-product","3":"status-publish","4":"has-post-thumbnail","6":"product_cat-accessories","8":"first","9":"instock","10":"shipping-taxable","11":"product-type-simple"},"jetpack_sharing_enabled":true,"_links":{"self":[{"href":"https:\/\/para-pharmacity.tn\/index.php?rest_route=\/wp\/v2\/product\/17111","targetHints":{"allow":["GET"]}}],"collection":[{"href":"https:\/\/para-pharmacity.tn\/index.php?rest_route=\/wp\/v2\/product"}],"about":[{"href":"https:\/\/para-pharmacity.tn\/index.php?rest_route=\/wp\/v2\/types\/product"}],"replies":[{"embeddable":true,"href":"https:\/\/para-pharmacity.tn\/index.php?rest_route=%2Fwp%2Fv2%2Fcomments&post=17111"}],"version-history":[{"count":2,"href":"https:\/\/para-pharmacity.tn\/index.php?rest_route=\/wp\/v2\/product\/17111\/revisions"}],"predecessor-version":[{"id":24029,"href":"https:\/\/para-pharmacity.tn\/index.php?rest_route=\/wp\/v2\/product\/17111\/revisions\/24029"}],"wp:featuredmedia":[{"embeddable":true,"href":"https:\/\/para-pharmacity.tn\/index.php?rest_route=\/wp\/v2\/media\/24027"}],"wp:attachment":[{"href":"https:\/\/para-pharmacity.tn\/index.php?rest_route=%2Fwp%2Fv2%2Fmedia&parent=17111"}],"wp:term":[{"taxonomy":"product_cat","embeddable":true,"href":"https:\/\/para-pharmacity.tn\/index.php?rest_route=%2Fwp%2Fv2%2Fproduct_cat&post=17111"},{"taxonomy":"product_tag","embeddable":true,"href":"https:\/\/para-pharmacity.tn\/index.php?rest_route=%2Fwp%2Fv2%2Fproduct_tag&post=17111"}],"curies":[{"name":"wp","href":"https:\/\/api.w.org\/{rel}","templated":true}]}}