{"id":17109,"date":"2024-07-10T23:01:14","date_gmt":"2024-07-10T23:01:14","guid":{"rendered":"https:\/\/para-pharmacity.tn\/?product=filorga-flash-nude-02-gold"},"modified":"2024-08-27T10:28:54","modified_gmt":"2024-08-27T10:28:54","slug":"filorga-flash-nude-02-gold","status":"publish","type":"product","link":"https:\/\/para-pharmacity.tn\/?product=filorga-flash-nude-02-gold","title":{"rendered":"FILORGA FLASH NUDE 02 GOLD"},"content":{"rendered":"<p style=\"font-weight: 400\"><b><strong>FLASH-NUDE [FLUID], un fluide de teint double action [Flash + Durable] pour un effet peau nue z\u00e9ro d\u00e9faut.<\/strong><\/b><\/p>\n<p style=\"font-style: inherit;font-weight: inherit\">Le make-up actif \u00e0 la double action [Flash + Durable] :<\/p>\n<p style=\"font-style: inherit;font-weight: inherit\">\u00a0<b><strong style=\"font-style: inherit\">Action perfectrice flash [technologie adjustable-cover*]\u00a0:<\/strong><\/b>\u00a0Des micro-pigments \u00ab skin-fusion**\u00bb pour un effet peau z\u00e9ro d\u00e9faut imm\u00e9diat et une couvrance modulable, lumineuse et naturelle sans effet mati\u00e8re.<\/p>\n<p style=\"font-weight: 400\">\u00a0<b><strong>Multi-correction durable [ lissage + \u00e9clat + uniformit\u00e9 ]\u00a0:<\/strong><\/b>\u00a0De l\u2019acide hyaluronique combin\u00e9 \u00e0 un actif v\u00e9g\u00e9tal pour lisser la peau et un complexe uniformisant \u00e0 base d\u2019hexylresorcinol pour homog\u00e9n\u00e9iser la peau au fur et \u00e0 mesure des applications.<\/p>\n<p style=\"font-weight: 400\"><b><strong>Le + :\u00a0<\/strong><\/b>Une formule haute protection [UVA+UVB] int\u00e9grant de la niacinamide<\/p>\n<p style=\"font-weight: 400\"><b><strong>Conseils d&rsquo;utilisations:<\/strong><\/b><\/p>\n<p style=\"font-weight: 400\">Appliquer le matin, agiter avant emploi. Appliquer uniform\u00e9ment et en quantit\u00e9 suffisante, en soin quotidien apr\u00e8s la cr\u00e8me de jour sur l\u2019ensemble du visage, aux doigts ou \u00e0 l\u2019aide d\u2019un pinceau pour une couvrance l\u00e9g\u00e8re.<\/p>\n<p style=\"font-weight: 400\">R\u00e9appliquer le produit pour une couvrance plus soutenue.<\/p>\n","protected":false},"excerpt":{"rendered":"<p>FILORGA FLASH NUDE GOLD 02 FLUIDE 30ML<br \/>\nUn fluide de teint double action [Flash + Durable] pour un effet peau nue z\u00e9ro d\u00e9faut.<\/p>\n","protected":false},"featured_media":24018,"comment_status":"open","ping_status":"closed","template":"","meta":[],"product_cat":[20],"product_tag":[],"class_list":{"0":"post-17109","1":"product","2":"type-product","3":"status-publish","4":"has-post-thumbnail","6":"product_cat-accessories","8":"first","9":"instock","10":"shipping-taxable","11":"product-type-simple"},"jetpack_sharing_enabled":true,"_links":{"self":[{"href":"https:\/\/para-pharmacity.tn\/index.php?rest_route=\/wp\/v2\/product\/17109","targetHints":{"allow":["GET"]}}],"collection":[{"href":"https:\/\/para-pharmacity.tn\/index.php?rest_route=\/wp\/v2\/product"}],"about":[{"href":"https:\/\/para-pharmacity.tn\/index.php?rest_route=\/wp\/v2\/types\/product"}],"replies":[{"embeddable":true,"href":"https:\/\/para-pharmacity.tn\/index.php?rest_route=%2Fwp%2Fv2%2Fcomments&post=17109"}],"version-history":[{"count":2,"href":"https:\/\/para-pharmacity.tn\/index.php?rest_route=\/wp\/v2\/product\/17109\/revisions"}],"predecessor-version":[{"id":24020,"href":"https:\/\/para-pharmacity.tn\/index.php?rest_route=\/wp\/v2\/product\/17109\/revisions\/24020"}],"wp:featuredmedia":[{"embeddable":true,"href":"https:\/\/para-pharmacity.tn\/index.php?rest_route=\/wp\/v2\/media\/24018"}],"wp:attachment":[{"href":"https:\/\/para-pharmacity.tn\/index.php?rest_route=%2Fwp%2Fv2%2Fmedia&parent=17109"}],"wp:term":[{"taxonomy":"product_cat","embeddable":true,"href":"https:\/\/para-pharmacity.tn\/index.php?rest_route=%2Fwp%2Fv2%2Fproduct_cat&post=17109"},{"taxonomy":"product_tag","embeddable":true,"href":"https:\/\/para-pharmacity.tn\/index.php?rest_route=%2Fwp%2Fv2%2Fproduct_tag&post=17109"}],"curies":[{"name":"wp","href":"https:\/\/api.w.org\/{rel}","templated":true}]}}