{"id":17108,"date":"2024-07-10T23:01:14","date_gmt":"2024-07-10T23:01:14","guid":{"rendered":"https:\/\/para-pharmacity.tn\/?product=filorga-flash-nude-01-beige"},"modified":"2024-08-27T10:11:29","modified_gmt":"2024-08-27T10:11:29","slug":"filorga-flash-nude-01-beige","status":"publish","type":"product","link":"https:\/\/para-pharmacity.tn\/?product=filorga-flash-nude-01-beige","title":{"rendered":"FILORGA FLASH NUDE 01 BEIGE"},"content":{"rendered":"<p>Filorga FLASH-NUDE [Fluid] SPF30 30 ml est un fluide de teint pro-perfection \u00e0 la texture hydra-fluide respirante pour un effet peau nue z\u00e9ro d\u00e9faut. Ce fluide de teint offre plusieurs actions : Action perfectrice flash [technologie adjustable-cover] : des micro-pigments \u00ab skin-fusion\u00bb offrent un effet peau z\u00e9ro d\u00e9faut imm\u00e9diat et une couvrance modulable, lumineuse et naturelle sans effet mati\u00e8re. Multi-correction durable [lissage + \u00e9clat + uniformit\u00e9] : gr\u00e2ce \u00e0 l&rsquo;acide hyaluronique combin\u00e9 \u00e0 un actif v\u00e9g\u00e9tal pour lisser la peau. Un complexe uniformisant \u00e0 base d&rsquo;hexylresorcinol permet d&rsquo;homog\u00e9n\u00e9iser la peau au fur et \u00e0 mesure des applications. La formule haute protection [UVA+UVB] de ce fluide int\u00e8gre \u00e9galement de la niacinamide anti-pollution. Non com\u00e9dog\u00e8ne. CONSEIL D&rsquo;UTILISATION Agiter avant emploi. Appliquer uniform\u00e9ment et en quantit\u00e9 suffisante, en soin quotidien apr\u00e8s la cr\u00e8me de jour sur l&rsquo;ensemble du visage, avec les doigts ou \u00e0 l&rsquo;aide d&rsquo;un pinceau pour une couvrance l\u00e9g\u00e8re. R\u00e9-appliquer le produit pour une couvrance plus soutenue.<\/p>\n","protected":false},"excerpt":{"rendered":"<p>Filorga FLASH-NUDE 01 [Fluid] SPF30 30 ml Fluide de teint pro-perfection SPF 30 pour un effet peau nue z\u00e9ro d\u00e9faut La formule haute protection [UVA+UVB] de ce fluide int\u00e8gre \u00e9galement de la niacinamide anti-pollution Non com\u00e9dog\u00e8ne<\/p>\n","protected":false},"featured_media":24013,"comment_status":"open","ping_status":"closed","template":"","meta":[],"product_cat":[20],"product_tag":[],"class_list":{"0":"post-17108","1":"product","2":"type-product","3":"status-publish","4":"has-post-thumbnail","6":"product_cat-accessories","8":"first","9":"instock","10":"shipping-taxable","11":"product-type-simple"},"jetpack_sharing_enabled":true,"_links":{"self":[{"href":"https:\/\/para-pharmacity.tn\/index.php?rest_route=\/wp\/v2\/product\/17108","targetHints":{"allow":["GET"]}}],"collection":[{"href":"https:\/\/para-pharmacity.tn\/index.php?rest_route=\/wp\/v2\/product"}],"about":[{"href":"https:\/\/para-pharmacity.tn\/index.php?rest_route=\/wp\/v2\/types\/product"}],"replies":[{"embeddable":true,"href":"https:\/\/para-pharmacity.tn\/index.php?rest_route=%2Fwp%2Fv2%2Fcomments&post=17108"}],"version-history":[{"count":2,"href":"https:\/\/para-pharmacity.tn\/index.php?rest_route=\/wp\/v2\/product\/17108\/revisions"}],"predecessor-version":[{"id":24015,"href":"https:\/\/para-pharmacity.tn\/index.php?rest_route=\/wp\/v2\/product\/17108\/revisions\/24015"}],"wp:featuredmedia":[{"embeddable":true,"href":"https:\/\/para-pharmacity.tn\/index.php?rest_route=\/wp\/v2\/media\/24013"}],"wp:attachment":[{"href":"https:\/\/para-pharmacity.tn\/index.php?rest_route=%2Fwp%2Fv2%2Fmedia&parent=17108"}],"wp:term":[{"taxonomy":"product_cat","embeddable":true,"href":"https:\/\/para-pharmacity.tn\/index.php?rest_route=%2Fwp%2Fv2%2Fproduct_cat&post=17108"},{"taxonomy":"product_tag","embeddable":true,"href":"https:\/\/para-pharmacity.tn\/index.php?rest_route=%2Fwp%2Fv2%2Fproduct_tag&post=17108"}],"curies":[{"name":"wp","href":"https:\/\/api.w.org\/{rel}","templated":true}]}}