{"id":17105,"date":"2024-07-10T23:01:13","date_gmt":"2024-07-10T23:01:13","guid":{"rendered":"https:\/\/para-pharmacity.tn\/?product=filorga-coffret-voyage"},"modified":"2024-08-26T14:05:14","modified_gmt":"2024-08-26T14:05:14","slug":"filorga-coffret-voyage","status":"publish","type":"product","link":"https:\/\/para-pharmacity.tn\/?product=filorga-coffret-voyage","title":{"rendered":"FILORGA COFFRET VOYAGE"},"content":{"rendered":"<p><strong>1\/ SOLUTION MICELLAIRE<\/strong><\/p>\n<p>Eau d\u00e9maquillante enrichie en actifs hydratants et apaisants pour nettoyer la peau en douceur.<\/p>\n<p><em>Flacon de 50ml<\/em><\/p>\n<p><strong>2\/ MESO-MASK<\/strong><\/p>\n<p>Masque sublimateur intensif pour illuminer et \u00e9claircir le teint, lisser les rides et r\u00e9duire les signes de fatigue cutan\u00e9e.<\/p>\n<p><em>Tube de 15ml<\/em><\/p>\n<p><strong>3\/ TIME-FILLER INTENSIVE<\/strong><\/p>\n<p>S\u00e9rum lissant inspir\u00e9 des techniques de m\u00e9decine esth\u00e9tique pour une correction intensive de tous les types de rides.<\/p>\n<p><em>Tube de 7ml<\/em><\/p>\n<p><strong>4\/ OPTIM EYES<\/strong><\/p>\n<p>Soin regard pour une correction sur les cernes, poches, ridules et une action ultra-d\u00e9fatiguante. Convient aux yeux sensibles.<\/p>\n<p><em>Tube de 4ml<\/em><\/p>\n<p><strong>5\/ TIME-FILLER 5XP<\/strong><\/p>\n<p>Cr\u00e8me anti-rides best-seller qui agit simultan\u00e9ment sur les 5 types de rides.<\/p>\n<p><em>Tube de 15ml<\/em><\/p>\n","protected":false},"excerpt":{"rendered":"<p>D\u00e9couvrez vos essentiels anti-\u00e2ge en format voyage pour emporter partout. Votre routine contient une EAU MICELLAIRE 50ml, un masque MESO-MASK 15ml, le s\u00e9rum TIME-FILLER INTENSIVE 7 ml, la cr\u00e8me contour des yeux OPTIM-EYES 4ml et la cr\u00e8me TIME-FILLER 5XP 15ml.<\/p>\n","protected":false},"featured_media":24006,"comment_status":"open","ping_status":"closed","template":"","meta":[],"product_cat":[20],"product_tag":[],"class_list":{"0":"post-17105","1":"product","2":"type-product","3":"status-publish","4":"has-post-thumbnail","6":"product_cat-accessories","8":"first","9":"instock","10":"shipping-taxable","11":"product-type-simple"},"jetpack_sharing_enabled":true,"_links":{"self":[{"href":"https:\/\/para-pharmacity.tn\/index.php?rest_route=\/wp\/v2\/product\/17105","targetHints":{"allow":["GET"]}}],"collection":[{"href":"https:\/\/para-pharmacity.tn\/index.php?rest_route=\/wp\/v2\/product"}],"about":[{"href":"https:\/\/para-pharmacity.tn\/index.php?rest_route=\/wp\/v2\/types\/product"}],"replies":[{"embeddable":true,"href":"https:\/\/para-pharmacity.tn\/index.php?rest_route=%2Fwp%2Fv2%2Fcomments&post=17105"}],"version-history":[{"count":2,"href":"https:\/\/para-pharmacity.tn\/index.php?rest_route=\/wp\/v2\/product\/17105\/revisions"}],"predecessor-version":[{"id":24008,"href":"https:\/\/para-pharmacity.tn\/index.php?rest_route=\/wp\/v2\/product\/17105\/revisions\/24008"}],"wp:featuredmedia":[{"embeddable":true,"href":"https:\/\/para-pharmacity.tn\/index.php?rest_route=\/wp\/v2\/media\/24006"}],"wp:attachment":[{"href":"https:\/\/para-pharmacity.tn\/index.php?rest_route=%2Fwp%2Fv2%2Fmedia&parent=17105"}],"wp:term":[{"taxonomy":"product_cat","embeddable":true,"href":"https:\/\/para-pharmacity.tn\/index.php?rest_route=%2Fwp%2Fv2%2Fproduct_cat&post=17105"},{"taxonomy":"product_tag","embeddable":true,"href":"https:\/\/para-pharmacity.tn\/index.php?rest_route=%2Fwp%2Fv2%2Fproduct_tag&post=17105"}],"curies":[{"name":"wp","href":"https:\/\/api.w.org\/{rel}","templated":true}]}}