{"id":17103,"date":"2024-07-10T23:01:12","date_gmt":"2024-07-10T23:01:12","guid":{"rendered":"https:\/\/para-pharmacity.tn\/?product=filorga-coffret-time-zero-2018"},"modified":"2024-08-26T13:36:20","modified_gmt":"2024-08-26T13:36:20","slug":"filorga-coffret-time-zero-2018","status":"publish","type":"product","link":"https:\/\/para-pharmacity.tn\/?product=filorga-coffret-time-zero-2018","title":{"rendered":"FILORGA COFFRET TIME ZERO 2018"},"content":{"rendered":"<p>FILORGA Coffret Time Zero contient:<\/p>\n<p>\u2013 Le s\u00e9rum Time-Zero Filorga : 30ml<\/p>\n<p>\u2013 La cr\u00e8me absolue Time-Filler Filorga: 15ml\u00a0(Offert)<\/p>\n<div id=\"tab-content\" class=\"tab-content\">\n<div id=\"description\" class=\"tab-pane fade in active\" role=\"tabpanel\">\n<div class=\"product-description\">\n<p>Votre peau est mature et pr\u00e9sente des rides ? Le coffret Super lissant de Filorga se compose de deux produits incontournables de la c\u00e9l\u00e8bre marque en terme de soin anti-\u00e2ge ! La cr\u00e8me absolue Time Filler ainsi que le s\u00e9rum Time Zero formeront le duo id\u00e9al pour votre nouvelle routine beaut\u00e9.<br \/>\nGr\u00e2ce \u00e0 eux, vous pourrez agir efficacement et durablement sur toutes vos rides quelque soit leur type : rides d\u2019expression, rides de fatigue, rides profondes ou encore les rides de surface.<\/p>\n<p><strong>La<\/strong>\u00a0cr\u00e8me absolue Time-Filler Filorga\u00a0divise par 2 votre nombre de rides en seulement 2 mois ! En effet, lors d\u2019une application matin et soir sur une peau propre et nettoy\u00e9e, la cr\u00e8me absolue Time-Filler Filorga corrige tous les types de rides gr\u00e2ce \u00e0 ses trois actifs anti-rides r\u00e9volutionnaires ; le Tripeptide Botox-like agit sur les rides de contraction afin de lisser vos traits, l\u2019acide hyaluronique associ\u00e9 \u00e0 un puissant peptide comble visiblement des rides profondes et la pr\u00e9sence d\u2019extrait v\u00e9g\u00e9tal capteur d\u2019eau apporte hydratation \u00e0 votre peau afin de lutter contre les rides de dess\u00e8chement.<br \/>\nContenance : 30 ml<\/p>\n<p>Le s\u00e9rum Time-Zero Filorgaest un double s\u00e9rum qui combine un concentr\u00e9 z\u00e9ro rides \u00e0 un gel lift intense et s\u2019utilise matin et soir avant la cr\u00e8me absolue Time Filler. Il vous apporte une multi correction anti-rides. Combin\u00e9 \u00e0 la cr\u00e8me absolue Time-Filler, le s\u00e9rum Time-Zero Filorga rajeunit instantan\u00e9ment votre visage gr\u00e2ce \u00e0 sa formule qui contient toute l\u2019expertise de la m\u00e9decine esth\u00e9tique concentr\u00e9e dans un s\u00e9rum haute efficacit\u00e9.<br \/>\nContenance : 30 ml<\/p>\n<p title=\"Conseils d'utilisation du produit FILORGA Time Zero Ride Coffret\">Conseils d\u2019utilisation<\/p>\n<p>-Cr\u00e8me Time Filler<strong>\u00a0:<\/strong>\u00a0Appliquer la cr\u00e8me en petite quantit\u00e9 matin et\/ou soir.<\/p>\n<p>-S\u00e9rum Time Zero<strong>\u00a0:<\/strong>\u00a0Appliquer en soin quotidien, matin et\/ou soir, avant la cr\u00e8me de jour et\/ou nuit.<\/p>\n<\/div>\n<\/div>\n<\/div>\n","protected":false},"excerpt":{"rendered":"<p>FILORGA Coffret Time Zero contient:<\/p>\n<p>Le s\u00e9rum Time-Zero : 30ml<\/p>\n<p>La cr\u00e8me absolue Time-Filler : 15ml (Offert)<\/p>\n","protected":false},"featured_media":24002,"comment_status":"open","ping_status":"closed","template":"","meta":[],"product_cat":[20],"product_tag":[],"class_list":{"0":"post-17103","1":"product","2":"type-product","3":"status-publish","4":"has-post-thumbnail","6":"product_cat-accessories","8":"first","9":"instock","10":"shipping-taxable","11":"product-type-simple"},"jetpack_sharing_enabled":true,"_links":{"self":[{"href":"https:\/\/para-pharmacity.tn\/index.php?rest_route=\/wp\/v2\/product\/17103","targetHints":{"allow":["GET"]}}],"collection":[{"href":"https:\/\/para-pharmacity.tn\/index.php?rest_route=\/wp\/v2\/product"}],"about":[{"href":"https:\/\/para-pharmacity.tn\/index.php?rest_route=\/wp\/v2\/types\/product"}],"replies":[{"embeddable":true,"href":"https:\/\/para-pharmacity.tn\/index.php?rest_route=%2Fwp%2Fv2%2Fcomments&post=17103"}],"version-history":[{"count":2,"href":"https:\/\/para-pharmacity.tn\/index.php?rest_route=\/wp\/v2\/product\/17103\/revisions"}],"predecessor-version":[{"id":24005,"href":"https:\/\/para-pharmacity.tn\/index.php?rest_route=\/wp\/v2\/product\/17103\/revisions\/24005"}],"wp:featuredmedia":[{"embeddable":true,"href":"https:\/\/para-pharmacity.tn\/index.php?rest_route=\/wp\/v2\/media\/24002"}],"wp:attachment":[{"href":"https:\/\/para-pharmacity.tn\/index.php?rest_route=%2Fwp%2Fv2%2Fmedia&parent=17103"}],"wp:term":[{"taxonomy":"product_cat","embeddable":true,"href":"https:\/\/para-pharmacity.tn\/index.php?rest_route=%2Fwp%2Fv2%2Fproduct_cat&post=17103"},{"taxonomy":"product_tag","embeddable":true,"href":"https:\/\/para-pharmacity.tn\/index.php?rest_route=%2Fwp%2Fv2%2Fproduct_tag&post=17103"}],"curies":[{"name":"wp","href":"https:\/\/api.w.org\/{rel}","templated":true}]}}