{"id":17100,"date":"2024-07-10T23:01:11","date_gmt":"2024-07-10T23:01:11","guid":{"rendered":"https:\/\/para-pharmacity.tn\/?product=filorga-coffret-sup-skin-nctf"},"modified":"2024-08-26T13:31:47","modified_gmt":"2024-08-26T13:31:47","slug":"filorga-coffret-sup-skin-nctf","status":"publish","type":"product","link":"https:\/\/para-pharmacity.tn\/?product=filorga-coffret-sup-skin-nctf","title":{"rendered":"FILORGA COFFRET SUP SKIN NCTF"},"content":{"rendered":"<p>NCEF-REVERSE S\u00e9rum Multi-Correcteur Supr\u00eame (30 ml) : s\u00e9rum l\u00e9ger et \u00e0 absorption rapide, inspir\u00e9 des m\u00e9so-injections pour une revitalisation intense.<\/p>\n<p>NCEF-REVERSE Cr\u00e8me Multi-Correctrice Supr\u00eame (15 ml) : cr\u00e8me riche en karit\u00e9, ultra-confortable, formul\u00e9e avec des actifs anti-\u00e2ge puissants.<\/p>\n","protected":false},"excerpt":{"rendered":"<p>NCEF-REVERSE S\u00e9rum Multi-Correcteur Supr\u00eame (30 ml)<\/p>\n<p>NCEF-REVERSE Cr\u00e8me Multi-Correctrice Supr\u00eame (15 ml)<\/p>\n","protected":false},"featured_media":23999,"comment_status":"open","ping_status":"closed","template":"","meta":[],"product_cat":[20],"product_tag":[],"class_list":{"0":"post-17100","1":"product","2":"type-product","3":"status-publish","4":"has-post-thumbnail","6":"product_cat-accessories","8":"first","9":"instock","10":"shipping-taxable","11":"product-type-simple"},"jetpack_sharing_enabled":true,"_links":{"self":[{"href":"https:\/\/para-pharmacity.tn\/index.php?rest_route=\/wp\/v2\/product\/17100","targetHints":{"allow":["GET"]}}],"collection":[{"href":"https:\/\/para-pharmacity.tn\/index.php?rest_route=\/wp\/v2\/product"}],"about":[{"href":"https:\/\/para-pharmacity.tn\/index.php?rest_route=\/wp\/v2\/types\/product"}],"replies":[{"embeddable":true,"href":"https:\/\/para-pharmacity.tn\/index.php?rest_route=%2Fwp%2Fv2%2Fcomments&post=17100"}],"version-history":[{"count":3,"href":"https:\/\/para-pharmacity.tn\/index.php?rest_route=\/wp\/v2\/product\/17100\/revisions"}],"predecessor-version":[{"id":24001,"href":"https:\/\/para-pharmacity.tn\/index.php?rest_route=\/wp\/v2\/product\/17100\/revisions\/24001"}],"wp:featuredmedia":[{"embeddable":true,"href":"https:\/\/para-pharmacity.tn\/index.php?rest_route=\/wp\/v2\/media\/23999"}],"wp:attachment":[{"href":"https:\/\/para-pharmacity.tn\/index.php?rest_route=%2Fwp%2Fv2%2Fmedia&parent=17100"}],"wp:term":[{"taxonomy":"product_cat","embeddable":true,"href":"https:\/\/para-pharmacity.tn\/index.php?rest_route=%2Fwp%2Fv2%2Fproduct_cat&post=17100"},{"taxonomy":"product_tag","embeddable":true,"href":"https:\/\/para-pharmacity.tn\/index.php?rest_route=%2Fwp%2Fv2%2Fproduct_tag&post=17100"}],"curies":[{"name":"wp","href":"https:\/\/api.w.org\/{rel}","templated":true}]}}