{"id":17097,"date":"2024-07-10T23:01:08","date_gmt":"2024-07-10T23:01:08","guid":{"rendered":"https:\/\/para-pharmacity.tn\/?product=filorga-coffret-skin-absolut-day"},"modified":"2024-08-26T13:21:08","modified_gmt":"2024-08-26T13:21:08","slug":"filorga-coffret-skin-absolut-day","status":"publish","type":"product","link":"https:\/\/para-pharmacity.tn\/?product=filorga-coffret-skin-absolut-day","title":{"rendered":"FILORGA COFFRET SKIN ABSOLUT DAY"},"content":{"rendered":"<p>Ce soin au saphir blanc capte l\u2019\u00e9nergie de la lumi\u00e8re du jour pour aboutir \u00e0 une action anti-\u00e2ge globale acc\u00e9l\u00e9r\u00e9e. Un flash de r\u00e9juv\u00e9nation en 30 jours chrono. Ce soin se caract\u00e9rise par une multi-correction des signes de l\u2019\u00e2ge et une triple protection : anti-UV-infra rouge et celle du pollution. C\u2019est un excellent soin \u00e9claircissant : associ\u00e9 au Saphir Blanc, capable de capter puissamment la lumi\u00e8re, un extrait riche en fructanes d\u00e9toxifiantes qui purifie le teint pour une peau rayonnante. SOIN REJUVENATION ULTIME JOUR RIDES &#8211; HOMOG\u00c9N\u00c9IT\u00c9 &#8211; FERMET\u00c9 &#8211; \u00c9CLAT &#8211; GRAIN DE PEAU. RAJEUNISSEMENT GLOBAL EN 30 JOURS CHRONO.<\/p>\n","protected":false},"excerpt":{"rendered":"<p>Ce soin de jour au saphir blanc acc\u00e9l\u00e8re l&rsquo;anti-\u00e2ge en 30 jours. Il corrige les signes de l&rsquo;\u00e2ge, prot\u00e8ge contre les UV, infrarouges, et la pollution. Il illumine la peau et d\u00e9toxifie gr\u00e2ce aux fructanes pour un teint \u00e9clatant et rajeuni.<\/p>\n","protected":false},"featured_media":23994,"comment_status":"open","ping_status":"closed","template":"","meta":[],"product_cat":[20],"product_tag":[],"class_list":{"0":"post-17097","1":"product","2":"type-product","3":"status-publish","4":"has-post-thumbnail","6":"product_cat-accessories","8":"first","9":"instock","10":"shipping-taxable","11":"product-type-simple"},"jetpack_sharing_enabled":true,"_links":{"self":[{"href":"https:\/\/para-pharmacity.tn\/index.php?rest_route=\/wp\/v2\/product\/17097","targetHints":{"allow":["GET"]}}],"collection":[{"href":"https:\/\/para-pharmacity.tn\/index.php?rest_route=\/wp\/v2\/product"}],"about":[{"href":"https:\/\/para-pharmacity.tn\/index.php?rest_route=\/wp\/v2\/types\/product"}],"replies":[{"embeddable":true,"href":"https:\/\/para-pharmacity.tn\/index.php?rest_route=%2Fwp%2Fv2%2Fcomments&post=17097"}],"version-history":[{"count":3,"href":"https:\/\/para-pharmacity.tn\/index.php?rest_route=\/wp\/v2\/product\/17097\/revisions"}],"predecessor-version":[{"id":23997,"href":"https:\/\/para-pharmacity.tn\/index.php?rest_route=\/wp\/v2\/product\/17097\/revisions\/23997"}],"wp:featuredmedia":[{"embeddable":true,"href":"https:\/\/para-pharmacity.tn\/index.php?rest_route=\/wp\/v2\/media\/23994"}],"wp:attachment":[{"href":"https:\/\/para-pharmacity.tn\/index.php?rest_route=%2Fwp%2Fv2%2Fmedia&parent=17097"}],"wp:term":[{"taxonomy":"product_cat","embeddable":true,"href":"https:\/\/para-pharmacity.tn\/index.php?rest_route=%2Fwp%2Fv2%2Fproduct_cat&post=17097"},{"taxonomy":"product_tag","embeddable":true,"href":"https:\/\/para-pharmacity.tn\/index.php?rest_route=%2Fwp%2Fv2%2Fproduct_tag&post=17097"}],"curies":[{"name":"wp","href":"https:\/\/api.w.org\/{rel}","templated":true}]}}