{"id":17094,"date":"2024-07-10T23:01:07","date_gmt":"2024-07-10T23:01:07","guid":{"rendered":"https:\/\/para-pharmacity.tn\/?product=filorga-coffret-pigment-white"},"modified":"2024-08-26T12:48:36","modified_gmt":"2024-08-26T12:48:36","slug":"filorga-coffret-pigment-white","status":"publish","type":"product","link":"https:\/\/para-pharmacity.tn\/?product=filorga-coffret-pigment-white","title":{"rendered":"FILORGA COFFRET PIGMENT WHITE"},"content":{"rendered":"<p>Le coffret filorga pigment white zero taches contient :<\/p>\n<p>1- FILORGA PIGMENT-WHITE\u00ae &#8211; 50ml<\/p>\n<p>2- FILORGA UV-DEFENCE\u00ae &#8211; 15ml &#8211; OFFERT<\/p>\n<p>3- FILORGA MESO-MASK\u00ae &#8211; 15ml &#8211; OFFERT<\/p>\n<p>TRIO \u00c9CLAT MULTI-CORRECTION T\u00c2CHES<\/p>\n<p>Pour les peaux ternes et pr\u00e9sentant des t\u00e2ches pigmentaires, FILORGA recommande l&rsquo;utilisation du :<\/p>\n<p>&#8211; Soin illuminateur [t\u00e2ches + \u00e9clat] quotidiennement<\/p>\n<p>&#8211; Soin protecteur SPF 50+ lors des expositions au soleil<\/p>\n<p>&#8211; Masque lissant et illuminateur une \u00e0 plusieurs fois par semaine.<\/p>\n<p>Le trio permet une r\u00e9duction visible des t\u00e2ches, un teint unifi\u00e9 et une peau \u00e9clatante.<\/p>\n<p>Ce coffret contient :<\/p>\n<p>&#8211; PIGMENT-WHITE\u00ae &#8211; 50ml<\/p>\n<p>&#8211; UV-DEFENCE\u00ae &#8211; 15ml &#8211; OFFERT<\/p>\n<p>&#8211; MESO-MASK\u00ae &#8211; 15ml &#8211; OFFERT<\/p>\n","protected":false},"excerpt":{"rendered":"<p>TRIO \u00c9CLAT MULTI-CORRECTION T\u00c2CHES Pour les peaux ternes et pr\u00e9sentant des t\u00e2ches pigmentaires, FILORGA recommande l&rsquo;utilisation du : &#8211; Soin illuminateur [t\u00e2ches + \u00e9clat] quotidiennement &#8211; Soin protecteur SPF 50+ lors des expositions au soleil.<\/p>\n","protected":false},"featured_media":23991,"comment_status":"open","ping_status":"closed","template":"","meta":[],"product_cat":[20],"product_tag":[],"class_list":{"0":"post-17094","1":"product","2":"type-product","3":"status-publish","4":"has-post-thumbnail","6":"product_cat-accessories","8":"first","9":"instock","10":"shipping-taxable","11":"product-type-simple"},"jetpack_sharing_enabled":true,"_links":{"self":[{"href":"https:\/\/para-pharmacity.tn\/index.php?rest_route=\/wp\/v2\/product\/17094","targetHints":{"allow":["GET"]}}],"collection":[{"href":"https:\/\/para-pharmacity.tn\/index.php?rest_route=\/wp\/v2\/product"}],"about":[{"href":"https:\/\/para-pharmacity.tn\/index.php?rest_route=\/wp\/v2\/types\/product"}],"replies":[{"embeddable":true,"href":"https:\/\/para-pharmacity.tn\/index.php?rest_route=%2Fwp%2Fv2%2Fcomments&post=17094"}],"version-history":[{"count":2,"href":"https:\/\/para-pharmacity.tn\/index.php?rest_route=\/wp\/v2\/product\/17094\/revisions"}],"predecessor-version":[{"id":23993,"href":"https:\/\/para-pharmacity.tn\/index.php?rest_route=\/wp\/v2\/product\/17094\/revisions\/23993"}],"wp:featuredmedia":[{"embeddable":true,"href":"https:\/\/para-pharmacity.tn\/index.php?rest_route=\/wp\/v2\/media\/23991"}],"wp:attachment":[{"href":"https:\/\/para-pharmacity.tn\/index.php?rest_route=%2Fwp%2Fv2%2Fmedia&parent=17094"}],"wp:term":[{"taxonomy":"product_cat","embeddable":true,"href":"https:\/\/para-pharmacity.tn\/index.php?rest_route=%2Fwp%2Fv2%2Fproduct_cat&post=17094"},{"taxonomy":"product_tag","embeddable":true,"href":"https:\/\/para-pharmacity.tn\/index.php?rest_route=%2Fwp%2Fv2%2Fproduct_tag&post=17094"}],"curies":[{"name":"wp","href":"https:\/\/api.w.org\/{rel}","templated":true}]}}