{"id":17093,"date":"2024-07-10T23:01:06","date_gmt":"2024-07-10T23:01:06","guid":{"rendered":"https:\/\/para-pharmacity.tn\/?product=filorga-coffret-perfect-skin-oxygen-glow"},"modified":"2024-08-23T15:28:36","modified_gmt":"2024-08-23T15:28:36","slug":"filorga-coffret-perfect-skin-oxygen-glow","status":"publish","type":"product","link":"https:\/\/para-pharmacity.tn\/?product=filorga-coffret-perfect-skin-oxygen-glow","title":{"rendered":"FILORGA COFFRET PERFECT SKIN OXYGEN GLOW"},"content":{"rendered":"<p><b>FILORGA VOTRE COFFRET OXYGEN-GLOW<\/b><\/p>\n<p>FILORGA VOTRE COFFRET OXYGEN-GLOW se compose de :<\/p>\n<ul>\n<li><b>Filorga Oxygen-Glow Cr\u00e8me Visage 50ML<\/b>\u00a0: est une cr\u00e8me super-perfectrice \u00e0 action \u00e9clairante instantan\u00e9e. Il se fond \u00e0 la peau et donne un visage au teint homog\u00e8ne et perfectionn\u00e9. Cache les imperfections et r\u00e9v\u00e8le un teint lumineux gr\u00e2ce \u00e0 la formule cr\u00e8me iris\u00e9e et perfectrice. Adapt\u00e9 \u00e0 tous les types de peaux au teint terne, irr\u00e9gulier et gris, il s&rsquo;inspire de la carboxyth\u00e9rapie r\u00e9alis\u00e9e au cabinet m\u00e9dical + Filorga Oxygen Glow Eyes est un soin contour des yeux \u00e9clairant et lissant id\u00e9al pour revitaliser les yeux ternes et fatigu\u00e9s et att\u00e9nuer les rides et les cernes. Gr\u00e2ce \u00e0 la pr\u00e9sence du comprim\u00e9 Super Skin Boostin Factors, cr\u00e9\u00e9 par les laboratoires Filorga, jour apr\u00e8s jour, le contour des yeux sera impeccable, de plus, gr\u00e2ce \u00e0 la technologie Photoperfector HD, la peau sera imm\u00e9diatement plus lumineuse et plus \u00e9clatante.<\/li>\n<li><b>Filorga Oxygen-Glow Eyes 4ML\u00a0<span style=\"color: #000000\">OFFERT\u00a0<\/span><\/b><\/li>\n<li><b>Filorga\u00a0bougie parfum\u00e9e OFFERTE\u00a0<\/b><\/li>\n<\/ul>\n","protected":false},"excerpt":{"rendered":"<p>D\u00e9couvrez le nouveau coffret de filorga \u00ab\u00a0HYDRA-HYAL\u00a0\u00bb pour une peau hydrat\u00e9e et repulp\u00e9e. Le coffret contient : &#8211; Une cr\u00e8me OXYGEN-GLOW 50 ml qui corrige la peau en temps r\u00e9el et booste l\u2019\u00e9clat instantan\u00e9ment &#8211; Un contour yeux OXYGEN-GLOW 4 ml OFFERT &#8211; Une mini bougie parfum\u00e9e OFFERTE<\/p>\n","protected":false},"featured_media":23959,"comment_status":"open","ping_status":"closed","template":"","meta":[],"product_cat":[20],"product_tag":[],"class_list":{"0":"post-17093","1":"product","2":"type-product","3":"status-publish","4":"has-post-thumbnail","6":"product_cat-accessories","8":"first","9":"instock","10":"shipping-taxable","11":"product-type-simple"},"jetpack_sharing_enabled":true,"_links":{"self":[{"href":"https:\/\/para-pharmacity.tn\/index.php?rest_route=\/wp\/v2\/product\/17093","targetHints":{"allow":["GET"]}}],"collection":[{"href":"https:\/\/para-pharmacity.tn\/index.php?rest_route=\/wp\/v2\/product"}],"about":[{"href":"https:\/\/para-pharmacity.tn\/index.php?rest_route=\/wp\/v2\/types\/product"}],"replies":[{"embeddable":true,"href":"https:\/\/para-pharmacity.tn\/index.php?rest_route=%2Fwp%2Fv2%2Fcomments&post=17093"}],"version-history":[{"count":2,"href":"https:\/\/para-pharmacity.tn\/index.php?rest_route=\/wp\/v2\/product\/17093\/revisions"}],"predecessor-version":[{"id":23961,"href":"https:\/\/para-pharmacity.tn\/index.php?rest_route=\/wp\/v2\/product\/17093\/revisions\/23961"}],"wp:featuredmedia":[{"embeddable":true,"href":"https:\/\/para-pharmacity.tn\/index.php?rest_route=\/wp\/v2\/media\/23959"}],"wp:attachment":[{"href":"https:\/\/para-pharmacity.tn\/index.php?rest_route=%2Fwp%2Fv2%2Fmedia&parent=17093"}],"wp:term":[{"taxonomy":"product_cat","embeddable":true,"href":"https:\/\/para-pharmacity.tn\/index.php?rest_route=%2Fwp%2Fv2%2Fproduct_cat&post=17093"},{"taxonomy":"product_tag","embeddable":true,"href":"https:\/\/para-pharmacity.tn\/index.php?rest_route=%2Fwp%2Fv2%2Fproduct_tag&post=17093"}],"curies":[{"name":"wp","href":"https:\/\/api.w.org\/{rel}","templated":true}]}}