{"id":17090,"date":"2024-07-10T23:01:06","date_gmt":"2024-07-10T23:01:06","guid":{"rendered":"https:\/\/para-pharmacity.tn\/?product=filorga-coffret-optim-eyes"},"modified":"2024-08-23T15:21:52","modified_gmt":"2024-08-23T15:21:52","slug":"filorga-coffret-optim-eyes","status":"publish","type":"product","link":"https:\/\/para-pharmacity.tn\/?product=filorga-coffret-optim-eyes","title":{"rendered":"FILORGA COFFRET OPTIM EYES"},"content":{"rendered":"<p style=\"font-weight: 400\">&#8211;\u00a0<b><strong>OPTIM-EYES :<\/strong><\/b>\u00a0Le soin contour des yeux hydratant triple action pour r\u00e9duire en un seul geste poches et rides.<\/p>\n<p style=\"font-weight: 400\">Le soin contour des yeux OPTIM-EYES s\u2019est impos\u00e9, en quelques ann\u00e9es, comme un best-seller de FILORGA : il r\u00e9duit efficacement les marques de fatigue et r\u00e9v\u00e8le le contour de l\u2019\u0153il pour un regard plus frais et plus jeune d\u00e8s le r\u00e9veil.<\/p>\n<p style=\"font-weight: 400\">\/ Action intensive [Cernes \u2013 Poches \u2013 Ridules]<\/p>\n<p style=\"font-weight: 400\">La EYE-IMPACT TECHNOLOGY r\u00e9unit [polyph\u00e9nol + peptides + acide hyaluronique] pour r\u00e9duire l\u2019apparence des cernes color\u00e9s et des poches, hydrater et lisser le contour de l\u2019\u0153il.<\/p>\n<p style=\"font-weight: 400\">\/ Action d\u00e9fatiguant renforc\u00e9e<\/p>\n<p style=\"font-weight: 400\">Le MELATON-EYES, un ingr\u00e9dient derni\u00e8re g\u00e9n\u00e9ration agit sur l\u2019apparence des marques de fatigue li\u00e9es au manque de sommeil.<\/p>\n<p style=\"font-weight: 400\">Texture hydratante fra\u00eeche et fondante, convient aux yeux sensibles \u2013 15ml<\/p>\n<p style=\"font-weight: 400\"><b><strong>MODE D\u2019UTILISATION :<\/strong><\/b><\/p>\n<p style=\"font-weight: 400\">Utiliser le soin contour des yeux matin et soir.<\/p>\n<p style=\"font-weight: 400\">1 \u2013 Appliquer sur l\u2019ossature du contour de l\u2019\u0153il en lissant d\u00e9licatement du coin interne vers le coin externe puis tapoter l\u00e9g\u00e8rement avec la pulpe de l\u2019index sans oublier la paupi\u00e8re sup\u00e9rieure.<\/p>\n<p style=\"font-weight: 400\">2 \u2013 Appliquer ensuite sur les pattes d\u2019oie en formant un 8.<\/p>\n<p style=\"font-weight: 400\">Conserver au r\u00e9frig\u00e9rateur pour optimiser l\u2019effet<\/p>\n<p style=\"font-weight: 400\">&#8211;\u00a0<b><strong>HYDRA-HYAL :<\/strong><\/b>\u00a0La cr\u00e8me visage repulpante \u00e0 l&rsquo;acide hyaluronique, pour une peau hydrat\u00e9e, liss\u00e9e et repulp\u00e9e.<\/p>\n<p style=\"font-weight: 400\">&#8211;\u00a0<b><strong>SCRUB&amp;DETOX<\/strong><\/b>\u00a0: Les masque gommant purifiant au charbon, convient aussi aux peaux sensibles.<\/p>\n","protected":false},"excerpt":{"rendered":"<p style=\"font-weight: 400\">Coffret Illuminez Votre Regard<\/p>\n<p style=\"font-weight: 400\">Contient : Optim-Eyes 15ml<\/p>\n<p style=\"font-weight: 400\">+ Hydra-Hyal Cr\u00e8me Hydratante Repulpante 15 ml offert<\/p>\n<p style=\"font-weight: 400\">+ Masque Gommant Scrub &amp; Detox 15ml offert<\/p>\n","protected":false},"featured_media":23956,"comment_status":"open","ping_status":"closed","template":"","meta":[],"product_cat":[20],"product_tag":[],"class_list":{"0":"post-17090","1":"product","2":"type-product","3":"status-publish","4":"has-post-thumbnail","6":"product_cat-accessories","8":"first","9":"instock","10":"shipping-taxable","11":"product-type-simple"},"jetpack_sharing_enabled":true,"_links":{"self":[{"href":"https:\/\/para-pharmacity.tn\/index.php?rest_route=\/wp\/v2\/product\/17090","targetHints":{"allow":["GET"]}}],"collection":[{"href":"https:\/\/para-pharmacity.tn\/index.php?rest_route=\/wp\/v2\/product"}],"about":[{"href":"https:\/\/para-pharmacity.tn\/index.php?rest_route=\/wp\/v2\/types\/product"}],"replies":[{"embeddable":true,"href":"https:\/\/para-pharmacity.tn\/index.php?rest_route=%2Fwp%2Fv2%2Fcomments&post=17090"}],"version-history":[{"count":2,"href":"https:\/\/para-pharmacity.tn\/index.php?rest_route=\/wp\/v2\/product\/17090\/revisions"}],"predecessor-version":[{"id":23957,"href":"https:\/\/para-pharmacity.tn\/index.php?rest_route=\/wp\/v2\/product\/17090\/revisions\/23957"}],"wp:featuredmedia":[{"embeddable":true,"href":"https:\/\/para-pharmacity.tn\/index.php?rest_route=\/wp\/v2\/media\/23956"}],"wp:attachment":[{"href":"https:\/\/para-pharmacity.tn\/index.php?rest_route=%2Fwp%2Fv2%2Fmedia&parent=17090"}],"wp:term":[{"taxonomy":"product_cat","embeddable":true,"href":"https:\/\/para-pharmacity.tn\/index.php?rest_route=%2Fwp%2Fv2%2Fproduct_cat&post=17090"},{"taxonomy":"product_tag","embeddable":true,"href":"https:\/\/para-pharmacity.tn\/index.php?rest_route=%2Fwp%2Fv2%2Fproduct_tag&post=17090"}],"curies":[{"name":"wp","href":"https:\/\/api.w.org\/{rel}","templated":true}]}}