{"id":17087,"date":"2024-07-10T23:01:04","date_gmt":"2024-07-10T23:01:04","guid":{"rendered":"https:\/\/para-pharmacity.tn\/?product=filorga-coffret-nutri-filler-lips"},"modified":"2024-08-23T10:51:21","modified_gmt":"2024-08-23T10:51:21","slug":"filorga-coffret-nutri-filler-lips","status":"publish","type":"product","link":"https:\/\/para-pharmacity.tn\/?product=filorga-coffret-nutri-filler-lips","title":{"rendered":"FILORGA COFFRET NUTRI FILLER + LIPS"},"content":{"rendered":"<p>Ce coffret de la gamme Super Nourishing de FILORGA contient une cr\u00e8me nutri-reconstituante pour le visage ainsi qu\u2019un baume nutri-repulpant pour les l\u00e8vres. La cr\u00e8me nutri-filler est un soin r\u00e9confortant qui a \u00e9t\u00e9 mis au point pour la nutrition et la reconstitution des peaux exigeantes. Elle aide \u00e9galement \u00e0 redessiner le contour du visage.<\/p>\n<h3>FILORGA NUTRI-FILLER 50ml<\/h3>\n<p>Filorga NUTRI-FILLER Cr\u00e8me Nutri-Reconstituante 50 ml est un soin nourrissant et r\u00e9g\u00e9n\u00e9rant pour les peaux s\u00e8ches qui permet de redonner confort et souplesse \u00e0 votre peau.<\/p>\n<p>Cette cr\u00e8me nutri-reconstituante contient de nombreux actifs tels que le beurre de karit\u00e9, associ\u00e9 \u00e0 l\u2019huile d\u2019argan, il permet de redonner souplesse et confort aux peaux s\u00e8ches \u00e0 tr\u00e8s s\u00e8ches.<\/p>\n<p>L\u2019extrait v\u00e9g\u00e9tal favorise efficacement le renouvellement ainsi que la protection du collag\u00e8ne pour une peau prot\u00e9g\u00e9e durablement.<\/p>\n<p>Cette cr\u00e8me procure \u00e9galement un effet liftant, gr\u00e2ce \u00e0 l\u2019algue rouge qui cible son action sur l\u2019ovale du visage et la zone du double menton pour un visage plus jeune.<\/p>\n<p>Jour apr\u00e8s jour, vous constaterez que votre peau est plus dense et l\u2019ovale du visage est ainsi redessin\u00e9.<\/p>\n<h3>FILORGA NUTRI-FILLER Lips 4g<\/h3>\n<p>Filorga Nutri-Filler Lips est un baume-huile ultra-nourrissant qui permet de r\u00e9conforter les l\u00e8vres s\u00e8ches tout en leur apportant rebond et \u00e9clat naturels.<\/p>\n<p>Ce soin est \u00e0 la fois nutritif et r\u00e9parateur gr\u00e2ce \u00e0 son duo d\u2019huiles de haute nutrition et au beurre de karit\u00e9 r\u00e9parateur qui nourrit, restaure et prot\u00e8ge les l\u00e8vres ab\u00eem\u00e9es.<\/p>\n<p>Il est \u00e9galement repulpant et lissant : un peptide booster de collag\u00e8ne qui va lisser les l\u00e8vres tout en leur redonnant un rebond naturel et en redessinant leur contour.<\/p>\n<p>Nutri-Filler Lips contient du NCTF, un cocktail d\u2019actifs revitalisants qui est associ\u00e9 \u00e0 un actif r\u00e9v\u00e9lateur d\u2019\u00e9clat qui ravive instantan\u00e9ment la couleur naturelle des l\u00e8vres.<\/p>\n<p>Les r\u00e9sultats sont visibles, jour apr\u00e8s jour, vos l\u00e8vres retrouvent tout leur confort et leur \u00e9clat naturel. Elles sont plus lisses, plus douces et repulp\u00e9es.<\/p>\n<h4>Conseils d\u2019utilisation<\/h4>\n<p><strong>Nutri-Filler Lips :<\/strong> Retirez le capot puis tournez la base du stylo\/flacon et attendez qu\u2019un peu de baume apparaisse sur l\u2019embout applicateur. Appliquez g\u00e9n\u00e9reusement sur les l\u00e8vres et renouvelez l\u2019application autant de fois que n\u00e9cessaire.<\/p>\n<p><strong>Nutri-Filler :<\/strong> Appliquer matin et\/ou soir sur peau propre et d\u00e9maquill\u00e9e, sur l\u2019ensemble du visage, cou et d\u00e9collet\u00e9.<\/p>\n","protected":false},"excerpt":{"rendered":"<div class=\"title\"><strong>Filorga Nutri-Filler Cr\u00e8me Multi Reconstituante<\/strong>\u00a0a une texture tr\u00e8s enveloppante qui nourrit en profondeur et redessine les contours du visage gr\u00e2ce \u00e0 sa formule au beurre de karit\u00e9 et \u00e0 l\u2019huile d\u2019argan. Ce soin rend toute sa souplesse \u00e0 la peau en la repulpant pour procurer au visage un aspect visiblement plus jeune.<\/div>\n<div class=\"title\"><strong>Filorga Nutri-Filler Baume<\/strong>\u00a0L\u00e8vres Nutri-Repulpant r\u00e9conforte m\u00eame les l\u00e8vres les plus s\u00e8ches et ab\u00eem\u00e9es gr\u00e2ce \u00e0 son duo d\u2019huiles haute nutrition. Il prot\u00e8ge, r\u00e9pare et restaure les l\u00e8vres tout en leur rendant leur rebond naturel. Il est \u00e9galement revitalisant et ravive imm\u00e9diatement la couleur naturelle des l\u00e8vres.<\/div>\n","protected":false},"featured_media":23946,"comment_status":"open","ping_status":"closed","template":"","meta":[],"product_cat":[20],"product_tag":[],"class_list":{"0":"post-17087","1":"product","2":"type-product","3":"status-publish","4":"has-post-thumbnail","6":"product_cat-accessories","8":"first","9":"instock","10":"shipping-taxable","11":"product-type-simple"},"jetpack_sharing_enabled":true,"_links":{"self":[{"href":"https:\/\/para-pharmacity.tn\/index.php?rest_route=\/wp\/v2\/product\/17087","targetHints":{"allow":["GET"]}}],"collection":[{"href":"https:\/\/para-pharmacity.tn\/index.php?rest_route=\/wp\/v2\/product"}],"about":[{"href":"https:\/\/para-pharmacity.tn\/index.php?rest_route=\/wp\/v2\/types\/product"}],"replies":[{"embeddable":true,"href":"https:\/\/para-pharmacity.tn\/index.php?rest_route=%2Fwp%2Fv2%2Fcomments&post=17087"}],"version-history":[{"count":6,"href":"https:\/\/para-pharmacity.tn\/index.php?rest_route=\/wp\/v2\/product\/17087\/revisions"}],"predecessor-version":[{"id":23954,"href":"https:\/\/para-pharmacity.tn\/index.php?rest_route=\/wp\/v2\/product\/17087\/revisions\/23954"}],"wp:featuredmedia":[{"embeddable":true,"href":"https:\/\/para-pharmacity.tn\/index.php?rest_route=\/wp\/v2\/media\/23946"}],"wp:attachment":[{"href":"https:\/\/para-pharmacity.tn\/index.php?rest_route=%2Fwp%2Fv2%2Fmedia&parent=17087"}],"wp:term":[{"taxonomy":"product_cat","embeddable":true,"href":"https:\/\/para-pharmacity.tn\/index.php?rest_route=%2Fwp%2Fv2%2Fproduct_cat&post=17087"},{"taxonomy":"product_tag","embeddable":true,"href":"https:\/\/para-pharmacity.tn\/index.php?rest_route=%2Fwp%2Fv2%2Fproduct_tag&post=17087"}],"curies":[{"name":"wp","href":"https:\/\/api.w.org\/{rel}","templated":true}]}}