{"id":17086,"date":"2024-07-10T23:01:04","date_gmt":"2024-07-10T23:01:04","guid":{"rendered":"https:\/\/para-pharmacity.tn\/?product=filorga-coffret-ncef-serumcreme-15ml"},"modified":"2024-08-23T10:33:53","modified_gmt":"2024-08-23T10:33:53","slug":"filorga-coffret-ncef-serumcreme-15ml","status":"publish","type":"product","link":"https:\/\/para-pharmacity.tn\/?product=filorga-coffret-ncef-serumcreme-15ml","title":{"rendered":"FILORGA COFFRET NCEF SERUM+CREME 15ML"},"content":{"rendered":"<p>CEF-REVERSE S\u00e9rum Multi-Correcteur Supr\u00eame 30 ml : \u00e0 la texture ultra-l\u00e9g\u00e8re \u00e0 haute p\u00e9n\u00e9tration est poly-revitalisant inspir\u00e9 des m\u00e9so-injections. Il contient une formule compos\u00e9e de la puissance du R\u00e9tinol associ\u00e9 au complexe Vitamine C et ADN V\u00e9g\u00e9tal pour une peau visiblement rajeunie. NCEF-REVERSE Cr\u00e8me Multi-Correctrice Supr\u00eame 15 ml : \u00e0 la texture ultra-confortable est enrichie en Karit\u00e9. Elle contient des actifs r\u00e9put\u00e9s dans la lutte contre le vieillissement (Acide Hyaluronique, collag\u00e8ne, Vitamines A, H et E) associ\u00e9s \u00e0 des boosters d&rsquo;efficacit\u00e9 qui agissent simultan\u00e9ment sur le lissage des rides, le rel\u00e2chement cutan\u00e9 et l&rsquo;homog\u00e9n\u00e9it\u00e9 du teint.<\/p>\n","protected":false},"excerpt":{"rendered":"<p>Coffret comprenant le s\u00e9rum NCEF et la cr\u00e8me NCEF de Filorga, 15ml chacun.<\/p>\n","protected":false},"featured_media":23942,"comment_status":"open","ping_status":"closed","template":"","meta":[],"product_cat":[20],"product_tag":[],"class_list":{"0":"post-17086","1":"product","2":"type-product","3":"status-publish","4":"has-post-thumbnail","6":"product_cat-accessories","8":"first","9":"instock","10":"shipping-taxable","11":"product-type-simple"},"jetpack_sharing_enabled":true,"_links":{"self":[{"href":"https:\/\/para-pharmacity.tn\/index.php?rest_route=\/wp\/v2\/product\/17086","targetHints":{"allow":["GET"]}}],"collection":[{"href":"https:\/\/para-pharmacity.tn\/index.php?rest_route=\/wp\/v2\/product"}],"about":[{"href":"https:\/\/para-pharmacity.tn\/index.php?rest_route=\/wp\/v2\/types\/product"}],"replies":[{"embeddable":true,"href":"https:\/\/para-pharmacity.tn\/index.php?rest_route=%2Fwp%2Fv2%2Fcomments&post=17086"}],"version-history":[{"count":2,"href":"https:\/\/para-pharmacity.tn\/index.php?rest_route=\/wp\/v2\/product\/17086\/revisions"}],"predecessor-version":[{"id":23943,"href":"https:\/\/para-pharmacity.tn\/index.php?rest_route=\/wp\/v2\/product\/17086\/revisions\/23943"}],"wp:featuredmedia":[{"embeddable":true,"href":"https:\/\/para-pharmacity.tn\/index.php?rest_route=\/wp\/v2\/media\/23942"}],"wp:attachment":[{"href":"https:\/\/para-pharmacity.tn\/index.php?rest_route=%2Fwp%2Fv2%2Fmedia&parent=17086"}],"wp:term":[{"taxonomy":"product_cat","embeddable":true,"href":"https:\/\/para-pharmacity.tn\/index.php?rest_route=%2Fwp%2Fv2%2Fproduct_cat&post=17086"},{"taxonomy":"product_tag","embeddable":true,"href":"https:\/\/para-pharmacity.tn\/index.php?rest_route=%2Fwp%2Fv2%2Fproduct_tag&post=17086"}],"curies":[{"name":"wp","href":"https:\/\/api.w.org\/{rel}","templated":true}]}}