{"id":17085,"date":"2024-07-10T23:01:04","date_gmt":"2024-07-10T23:01:04","guid":{"rendered":"https:\/\/para-pharmacity.tn\/?product=filorga-coffret-ncef-reverse-eyes"},"modified":"2024-08-23T10:29:50","modified_gmt":"2024-08-23T10:29:50","slug":"filorga-coffret-ncef-reverse-eyes","status":"publish","type":"product","link":"https:\/\/para-pharmacity.tn\/?product=filorga-coffret-ncef-reverse-eyes","title":{"rendered":"FILORGA COFFRET NCEF REVERSE EYES"},"content":{"rendered":"<h2>Coffret NCEF reverse eyes &#8211; Filorga<\/h2>\n<p>NCEF- REVERSE cr\u00e8me multi-correctrice supr\u00eame : pour traiter les rides et fermet\u00e9<\/p>\n<p>NCEF- REVERSE EYES soin regard multi-correction supr\u00eame pour traiter les rides, cernes, poches et fermet\u00e9.<\/p>\n","protected":false},"excerpt":{"rendered":"<p>Ce Coffret Contient:<\/p>\n<ul>\n<li class=\"product_title entry-title\">\n<h6>FILORGA NCEF(NCTF)-REVERSE EYES 15ML<\/h6>\n<\/li>\n<li>\n<h6>FILORGA NCEF(NCTF)-REVERSE CREME 15ML (CADEAUX )<\/h6>\n<\/li>\n<li>\n<h6>Trousse\u00a0 filorga (CADEAUX )<\/h6>\n<\/li>\n<\/ul>\n","protected":false},"featured_media":23935,"comment_status":"open","ping_status":"closed","template":"","meta":[],"product_cat":[20],"product_tag":[],"class_list":{"0":"post-17085","1":"product","2":"type-product","3":"status-publish","4":"has-post-thumbnail","6":"product_cat-accessories","8":"first","9":"instock","10":"shipping-taxable","11":"product-type-simple"},"jetpack_sharing_enabled":true,"_links":{"self":[{"href":"https:\/\/para-pharmacity.tn\/index.php?rest_route=\/wp\/v2\/product\/17085","targetHints":{"allow":["GET"]}}],"collection":[{"href":"https:\/\/para-pharmacity.tn\/index.php?rest_route=\/wp\/v2\/product"}],"about":[{"href":"https:\/\/para-pharmacity.tn\/index.php?rest_route=\/wp\/v2\/types\/product"}],"replies":[{"embeddable":true,"href":"https:\/\/para-pharmacity.tn\/index.php?rest_route=%2Fwp%2Fv2%2Fcomments&post=17085"}],"version-history":[{"count":4,"href":"https:\/\/para-pharmacity.tn\/index.php?rest_route=\/wp\/v2\/product\/17085\/revisions"}],"predecessor-version":[{"id":23940,"href":"https:\/\/para-pharmacity.tn\/index.php?rest_route=\/wp\/v2\/product\/17085\/revisions\/23940"}],"wp:featuredmedia":[{"embeddable":true,"href":"https:\/\/para-pharmacity.tn\/index.php?rest_route=\/wp\/v2\/media\/23935"}],"wp:attachment":[{"href":"https:\/\/para-pharmacity.tn\/index.php?rest_route=%2Fwp%2Fv2%2Fmedia&parent=17085"}],"wp:term":[{"taxonomy":"product_cat","embeddable":true,"href":"https:\/\/para-pharmacity.tn\/index.php?rest_route=%2Fwp%2Fv2%2Fproduct_cat&post=17085"},{"taxonomy":"product_tag","embeddable":true,"href":"https:\/\/para-pharmacity.tn\/index.php?rest_route=%2Fwp%2Fv2%2Fproduct_tag&post=17085"}],"curies":[{"name":"wp","href":"https:\/\/api.w.org\/{rel}","templated":true}]}}