{"id":17084,"date":"2024-07-10T23:01:03","date_gmt":"2024-07-10T23:01:03","guid":{"rendered":"https:\/\/para-pharmacity.tn\/?product=filorga-coffret-ncef-reverse-crnight"},"modified":"2024-08-23T10:20:03","modified_gmt":"2024-08-23T10:20:03","slug":"filorga-coffret-ncef-reverse-crnight","status":"publish","type":"product","link":"https:\/\/para-pharmacity.tn\/?product=filorga-coffret-ncef-reverse-crnight","title":{"rendered":"FILORGA COFFRET NCEF REVERSE CR+NIGHT"},"content":{"rendered":"","protected":false},"excerpt":{"rendered":"<p><strong>NCEF-REVERSE, un soin visage anti-\u00e2ge multi-correcteur concentr\u00e9 en NCEF pour une action pro-jeunesse renforc\u00e9e et une qualit\u00e9 de peau renouvel\u00e9e. D\u00e9couvrez une cr\u00e8me visage anti-\u00e2ge polyrevitalisante inspir\u00e9e des m\u00e9so-injections.<\/strong><\/p>\n","protected":false},"featured_media":23931,"comment_status":"open","ping_status":"closed","template":"","meta":[],"product_cat":[20],"product_tag":[],"class_list":{"0":"post-17084","1":"product","2":"type-product","3":"status-publish","4":"has-post-thumbnail","6":"product_cat-accessories","8":"first","9":"instock","10":"shipping-taxable","11":"product-type-simple"},"jetpack_sharing_enabled":true,"_links":{"self":[{"href":"https:\/\/para-pharmacity.tn\/index.php?rest_route=\/wp\/v2\/product\/17084","targetHints":{"allow":["GET"]}}],"collection":[{"href":"https:\/\/para-pharmacity.tn\/index.php?rest_route=\/wp\/v2\/product"}],"about":[{"href":"https:\/\/para-pharmacity.tn\/index.php?rest_route=\/wp\/v2\/types\/product"}],"replies":[{"embeddable":true,"href":"https:\/\/para-pharmacity.tn\/index.php?rest_route=%2Fwp%2Fv2%2Fcomments&post=17084"}],"version-history":[{"count":1,"href":"https:\/\/para-pharmacity.tn\/index.php?rest_route=\/wp\/v2\/product\/17084\/revisions"}],"predecessor-version":[{"id":23932,"href":"https:\/\/para-pharmacity.tn\/index.php?rest_route=\/wp\/v2\/product\/17084\/revisions\/23932"}],"wp:featuredmedia":[{"embeddable":true,"href":"https:\/\/para-pharmacity.tn\/index.php?rest_route=\/wp\/v2\/media\/23931"}],"wp:attachment":[{"href":"https:\/\/para-pharmacity.tn\/index.php?rest_route=%2Fwp%2Fv2%2Fmedia&parent=17084"}],"wp:term":[{"taxonomy":"product_cat","embeddable":true,"href":"https:\/\/para-pharmacity.tn\/index.php?rest_route=%2Fwp%2Fv2%2Fproduct_cat&post=17084"},{"taxonomy":"product_tag","embeddable":true,"href":"https:\/\/para-pharmacity.tn\/index.php?rest_route=%2Fwp%2Fv2%2Fproduct_tag&post=17084"}],"curies":[{"name":"wp","href":"https:\/\/api.w.org\/{rel}","templated":true}]}}