{"id":17083,"date":"2024-07-10T23:01:03","date_gmt":"2024-07-10T23:01:03","guid":{"rendered":"https:\/\/para-pharmacity.tn\/?product=filorga-coffret-ncef"},"modified":"2024-08-23T10:14:33","modified_gmt":"2024-08-23T10:14:33","slug":"filorga-coffret-ncef","status":"publish","type":"product","link":"https:\/\/para-pharmacity.tn\/?product=filorga-coffret-ncef","title":{"rendered":"FILORGA COFFRET NCEF"},"content":{"rendered":"<p>Ce coffret contient :<\/p>\n<p><strong>NCEF-SHOT 15ML<\/strong>\u00a0: Ce soin visage concentr\u00e9 anti-\u00e2ge et anti-rides est formul\u00e9 pour r\u00e9duire visiblement les rides, raffermir la peau et lui apporter un \u00e9clat incomparable. Gr\u00e2ce \u00e0 son activation cellulaire intensive, il agit en profondeur pour une correction efficace des signes du vieillissement. Id\u00e9al pour retrouver une peau lisse et \u00e9clatante.<\/p>\n<p><strong>NCEF NIGHT MASK 15 ml<\/strong>\u00a0: Ce masque de nuit anti-\u00e2ge est sp\u00e9cialement con\u00e7u pour les nuits courtes et les peaux fatigu\u00e9es et stress\u00e9es. Concentr\u00e9 en NCEF, il agit pendant votre sommeil pour r\u00e9duire les rides et raffermir la peau, tout en lui apportant une luminosit\u00e9 nouvelle. Sa formule r\u00e9novatrice intensive am\u00e9liore la qualit\u00e9 de la peau, vous offrant un teint radieux au r\u00e9veil.<\/p>\n<p><strong>NCEF-REVERSE EYES 4 ml<\/strong>\u00a0: Ce soin contour des yeux, inspir\u00e9 des m\u00e9so-injections, offre une action multi-correctrice pour les rides, la fermet\u00e9, l&rsquo;\u00e9clat, les cernes et les poches. Concentr\u00e9 en NCEF, il procure une r\u00e9g\u00e9n\u00e9ration compl\u00e8te et intensive de la zone du regard, am\u00e9liorant visiblement son apparence pour un regard rajeuni et d\u00e9fatigu\u00e9.<\/p>\n<p><strong>MINI BOUGIE<\/strong>\u00a0: Pour compl\u00e9ter ce rituel de soin, une mini bougie est incluse, cr\u00e9ant une ambiance apaisante et relaxante pour un moment de bien-\u00eatre ultime.<\/p>\n<p>Le Coffret Cadeau\u00a0Filorga NCEF est le cadeau parfait pour offrir ou pour s\u2019offrir une peau visiblement plus jeune, ferme et \u00e9clatante. Chaque produit de ce coffret est formul\u00e9 pour travailler en synergie, offrant des r\u00e9sultats exceptionnels gr\u00e2ce \u00e0 des ingr\u00e9dients hautement concentr\u00e9s et \u00e0 une technologie de pointe en soins anti-\u00e2ge. Transformez votre routine de soin quotidienne en un v\u00e9ritable moment de luxe et de r\u00e9g\u00e9n\u00e9ration avec ce coffret exclusif de Filorga.<\/p>\n","protected":false},"excerpt":{"rendered":"<p style=\"font-weight: 400\">FILORGA VOTRE COFFRET NCEF une s\u00e9lection de soins de la gamme NCEF. Il contient :<\/p>\n<p style=\"font-weight: 400\">FILORGA NCEF-SHOT 15ML : le produit soin visage concentr\u00e9 anti-\u00e2ge et anti-rides qui r\u00e9duit visiblement les rides pour une peau ferme et \u00e9clatante.<\/p>\n<p style=\"font-weight: 400\">FILORGA NCEF NIGHT MASK 15ML OFFERT<\/p>\n<p style=\"font-weight: 400\">FILORGA NCEF REVERSE EYES 4ML OFFERT<\/p>\n<p style=\"font-weight: 400\">FILORGA Bougie OFFERTE.<\/p>\n","protected":false},"featured_media":23926,"comment_status":"open","ping_status":"closed","template":"","meta":[],"product_cat":[20],"product_tag":[],"class_list":{"0":"post-17083","1":"product","2":"type-product","3":"status-publish","4":"has-post-thumbnail","6":"product_cat-accessories","8":"first","9":"instock","10":"shipping-taxable","11":"product-type-simple"},"jetpack_sharing_enabled":true,"_links":{"self":[{"href":"https:\/\/para-pharmacity.tn\/index.php?rest_route=\/wp\/v2\/product\/17083","targetHints":{"allow":["GET"]}}],"collection":[{"href":"https:\/\/para-pharmacity.tn\/index.php?rest_route=\/wp\/v2\/product"}],"about":[{"href":"https:\/\/para-pharmacity.tn\/index.php?rest_route=\/wp\/v2\/types\/product"}],"replies":[{"embeddable":true,"href":"https:\/\/para-pharmacity.tn\/index.php?rest_route=%2Fwp%2Fv2%2Fcomments&post=17083"}],"version-history":[{"count":3,"href":"https:\/\/para-pharmacity.tn\/index.php?rest_route=\/wp\/v2\/product\/17083\/revisions"}],"predecessor-version":[{"id":23930,"href":"https:\/\/para-pharmacity.tn\/index.php?rest_route=\/wp\/v2\/product\/17083\/revisions\/23930"}],"wp:featuredmedia":[{"embeddable":true,"href":"https:\/\/para-pharmacity.tn\/index.php?rest_route=\/wp\/v2\/media\/23926"}],"wp:attachment":[{"href":"https:\/\/para-pharmacity.tn\/index.php?rest_route=%2Fwp%2Fv2%2Fmedia&parent=17083"}],"wp:term":[{"taxonomy":"product_cat","embeddable":true,"href":"https:\/\/para-pharmacity.tn\/index.php?rest_route=%2Fwp%2Fv2%2Fproduct_cat&post=17083"},{"taxonomy":"product_tag","embeddable":true,"href":"https:\/\/para-pharmacity.tn\/index.php?rest_route=%2Fwp%2Fv2%2Fproduct_tag&post=17083"}],"curies":[{"name":"wp","href":"https:\/\/api.w.org\/{rel}","templated":true}]}}