{"id":17082,"date":"2024-07-10T23:01:02","date_gmt":"2024-07-10T23:01:02","guid":{"rendered":"https:\/\/para-pharmacity.tn\/?product=filorga-coffret-lift-structure"},"modified":"2024-08-23T10:02:08","modified_gmt":"2024-08-23T10:02:08","slug":"filorga-coffret-lift-structure","status":"publish","type":"product","link":"https:\/\/para-pharmacity.tn\/?product=filorga-coffret-lift-structure","title":{"rendered":"FILORGA COFFRET LIFT STRUCTURE"},"content":{"rendered":"<p><b>Description:<\/b><br \/>\nFILORGA COFFRET LIFT INTENSE LIFT-EFFECT<\/p>\n<p>Le coffret Lift Intense de Filorga forme le Routine Visage Fermet\u00e9 Jour et Nuuit, Il est compos\u00e9 de:<br \/>\nLIFT-STRUCTURE (50ml) + SLEEP &amp; LIFT (15ml) dans un coffret cadeau en \u00e9dition limit\u00e9e.<br \/>\nCe programme de soins anti-\u00e2ge visage contient une cr\u00e8me de jour LIFT-STRUCTURE format vente ainsi qu\u2019un soin de nuit SLEEP et LIFT dans sa version voyage. Cette routine de soin compl\u00e8te permet d\u2019obtenir un effet liftant visible nuit apr\u00e8s nuit.<\/p>\n<p>\u2013 LIFT-STRUCTURE50ML: une cr\u00e8me anti-\u00e2ge visage aux propri\u00e9t\u00e9s liftantes directement inspir\u00e9e de la m\u00e9decine esth\u00e9tique.<br \/>\nCr\u00e8me fermet\u00e9 absolue<br \/>\nUne formule enrichie d\u2019actifs v\u00e9g\u00e9taux pour un effet raffermissant renforc\u00e9 et une efficacit\u00e9 d\u00e9montr\u00e9e sur les pommettes et l\u2019ovale du visage.<br \/>\nTexture high-tech allie finesse et confort pour un effet \u00ab belle peau \u00bb et lui apporte un \u00e9clat instantan\u00e9 \u2013 Pot 50ml<\/p>\n<p>\u2013 SLEEP &amp; LIFT 15ML OFFERT: Soin de nuit liftant Ce baume sensoriel ultra-enveloppant apporte nutrition et confort au visage pour une peau redensifi\u00e9e et des traits regalb\u00e9s nuit apr\u00e8s nuit.<\/p>\n","protected":false},"excerpt":{"rendered":"<p>Routine Visage Fermet\u00e9 Jour &amp; Nuit.<br \/>\nLIFT-STRUCTURE (50ml) + SLEEP &amp; LIFT (15ml) dans un coffret cadeau en \u00e9dition limit\u00e9e.<\/p>\n","protected":false},"featured_media":23923,"comment_status":"open","ping_status":"closed","template":"","meta":[],"product_cat":[20],"product_tag":[],"class_list":{"0":"post-17082","1":"product","2":"type-product","3":"status-publish","4":"has-post-thumbnail","6":"product_cat-accessories","8":"first","9":"instock","10":"shipping-taxable","11":"product-type-simple"},"jetpack_sharing_enabled":true,"_links":{"self":[{"href":"https:\/\/para-pharmacity.tn\/index.php?rest_route=\/wp\/v2\/product\/17082","targetHints":{"allow":["GET"]}}],"collection":[{"href":"https:\/\/para-pharmacity.tn\/index.php?rest_route=\/wp\/v2\/product"}],"about":[{"href":"https:\/\/para-pharmacity.tn\/index.php?rest_route=\/wp\/v2\/types\/product"}],"replies":[{"embeddable":true,"href":"https:\/\/para-pharmacity.tn\/index.php?rest_route=%2Fwp%2Fv2%2Fcomments&post=17082"}],"version-history":[{"count":2,"href":"https:\/\/para-pharmacity.tn\/index.php?rest_route=\/wp\/v2\/product\/17082\/revisions"}],"predecessor-version":[{"id":23924,"href":"https:\/\/para-pharmacity.tn\/index.php?rest_route=\/wp\/v2\/product\/17082\/revisions\/23924"}],"wp:featuredmedia":[{"embeddable":true,"href":"https:\/\/para-pharmacity.tn\/index.php?rest_route=\/wp\/v2\/media\/23923"}],"wp:attachment":[{"href":"https:\/\/para-pharmacity.tn\/index.php?rest_route=%2Fwp%2Fv2%2Fmedia&parent=17082"}],"wp:term":[{"taxonomy":"product_cat","embeddable":true,"href":"https:\/\/para-pharmacity.tn\/index.php?rest_route=%2Fwp%2Fv2%2Fproduct_cat&post=17082"},{"taxonomy":"product_tag","embeddable":true,"href":"https:\/\/para-pharmacity.tn\/index.php?rest_route=%2Fwp%2Fv2%2Fproduct_tag&post=17082"}],"curies":[{"name":"wp","href":"https:\/\/api.w.org\/{rel}","templated":true}]}}