{"id":17081,"date":"2024-07-10T23:01:02","date_gmt":"2024-07-10T23:01:02","guid":{"rendered":"https:\/\/para-pharmacity.tn\/?product=filorga-coffret-hydra-hyal"},"modified":"2024-08-23T09:57:57","modified_gmt":"2024-08-23T09:57:57","slug":"filorga-coffret-hydra-hyal","status":"publish","type":"product","link":"https:\/\/para-pharmacity.tn\/?product=filorga-coffret-hydra-hyal","title":{"rendered":"FILORGA COFFRET HYDRA HYAL"},"content":{"rendered":"<p>FILORGA HYDRA-HYAL SERUM : Ce serum d\u00e9livre dans la peau 5 acides hyaluroniques diff\u00e9rents : r\u00e9ticul\u00e9, encapsul\u00e9, bas, moyen et haut poids mol\u00e9culaires. Ce soin hydratant anti-\u00e2ge va venir repulper et lisser la peau imm\u00e9diatement, tout en augment le taux d&rsquo;acide hyaluronique de +58% dans l\u2019\u00e9piderme. Gr\u00e2ce \u00e0 ses agents actifs, il va assurer une hydratation de 24h. Sa formule est enrichie d&rsquo;un puissant extrait botanique, qui lutte contre le vieillissement cutan\u00e9. Ce serum \u00e0 la texture fluide est riche en anti-oxydants qui stimulent les syst\u00e8mes de d\u00e9fenses naturelles de la peau face aux agressions ext\u00e9rieures quotidiennes pour la prot\u00e9ger et la r\u00e9g\u00e9n\u00e9rer durablement. FILORGA HYDRA-HYAL cr\u00e8me 15 ml OFFERTE : D\u00e9couvrez la cr\u00e8me visage HYDRA-HYAL enrichie \u00e0 l&rsquo;acide hyaluronique, sa texture onctueuse rafraichissante va hydrater et repulper la peau durablement. Pour compl\u00e9ter votre routine, combinez la cr\u00e8me et le serum.\u00a0 Une mini bougie parfum\u00e9e OFFERTE: Le coffret contient une bougie parfum\u00e9e aux notes de bergamote fra\u00eeche, de lait et de noix de coco m\u00eal\u00e9es \u00e0 de la vanille cr\u00e9meuse, de la p\u00eache douce et du ylang-ylang. Du c\u00e8dre chaud, du patchouli et du caramel formant sa base et vous permettant de profiter d\u2019un moment de d\u00e9tente garanti. Conseils d&rsquo;utilisation:\u00a0 Appliquer le s\u00e9rum en soin quotidien, avant la cr\u00e8me, le matin et le soir sur l&rsquo;ensemble du visage et cou en effectuant des massages circulaires. Pour une immersion garantie, allumez la bougie en effectuant votre routine du soir.<\/p>\n","protected":false},"excerpt":{"rendered":"<p><strong>D\u00e9couvrez dans ce coffret cadeau exclusif, une s\u00e9lection de soins de la gamme HYDRA. Il contient le s\u00e9rum HYDRA-HYAL (BOUTEILLE \u2013 30ml), la cr\u00e8me HYDRA-HYAL (TUBE \u2013 15ml) et une petite bougie.<\/strong><\/p>\n","protected":false},"featured_media":23921,"comment_status":"open","ping_status":"closed","template":"","meta":[],"product_cat":[20],"product_tag":[],"class_list":{"0":"post-17081","1":"product","2":"type-product","3":"status-publish","4":"has-post-thumbnail","6":"product_cat-accessories","8":"first","9":"instock","10":"shipping-taxable","11":"product-type-simple"},"jetpack_sharing_enabled":true,"_links":{"self":[{"href":"https:\/\/para-pharmacity.tn\/index.php?rest_route=\/wp\/v2\/product\/17081","targetHints":{"allow":["GET"]}}],"collection":[{"href":"https:\/\/para-pharmacity.tn\/index.php?rest_route=\/wp\/v2\/product"}],"about":[{"href":"https:\/\/para-pharmacity.tn\/index.php?rest_route=\/wp\/v2\/types\/product"}],"replies":[{"embeddable":true,"href":"https:\/\/para-pharmacity.tn\/index.php?rest_route=%2Fwp%2Fv2%2Fcomments&post=17081"}],"version-history":[{"count":2,"href":"https:\/\/para-pharmacity.tn\/index.php?rest_route=\/wp\/v2\/product\/17081\/revisions"}],"predecessor-version":[{"id":23917,"href":"https:\/\/para-pharmacity.tn\/index.php?rest_route=\/wp\/v2\/product\/17081\/revisions\/23917"}],"wp:featuredmedia":[{"embeddable":true,"href":"https:\/\/para-pharmacity.tn\/index.php?rest_route=\/wp\/v2\/media\/23921"}],"wp:attachment":[{"href":"https:\/\/para-pharmacity.tn\/index.php?rest_route=%2Fwp%2Fv2%2Fmedia&parent=17081"}],"wp:term":[{"taxonomy":"product_cat","embeddable":true,"href":"https:\/\/para-pharmacity.tn\/index.php?rest_route=%2Fwp%2Fv2%2Fproduct_cat&post=17081"},{"taxonomy":"product_tag","embeddable":true,"href":"https:\/\/para-pharmacity.tn\/index.php?rest_route=%2Fwp%2Fv2%2Fproduct_tag&post=17081"}],"curies":[{"name":"wp","href":"https:\/\/api.w.org\/{rel}","templated":true}]}}