{"id":17078,"date":"2024-07-10T23:01:01","date_gmt":"2024-07-10T23:01:01","guid":{"rendered":"https:\/\/para-pharmacity.tn\/?product=filorga-coffret-duo-ncef-nightscrub"},"modified":"2024-08-23T09:27:02","modified_gmt":"2024-08-23T09:27:02","slug":"filorga-coffret-duo-ncef-nightscrub","status":"publish","type":"product","link":"https:\/\/para-pharmacity.tn\/?product=filorga-coffret-duo-ncef-nightscrub","title":{"rendered":"FILORGA COFFRET DUO NCEF NIGHT+SCRUB"},"content":{"rendered":"<p>NCEF night mask 50ml + Scrub and Mask 55ml (Gratuit)<\/p>\n<p>NCEF-NIGHT MASK, un masque de nuit multi-correcteur concentr\u00e9 en NCEF pour une peau d\u2019apparence plus jeune.<\/p>\n<p>Ce masque visage de nuit concentr\u00e9 en NCEF est sp\u00e9cialement con\u00e7u pour les nuits courtes et peaux fatigu\u00e9es, stress\u00e9es.<\/p>\n<p>\/ R\u00e9novation intensive de la qualit\u00e9 de peau [r\u00e9g\u00e9n\u00e9ration activ\u00e9e]<\/p>\n<p>Une formule au NCEF, complexe polyrevitalisant unique mis au point par les Laboratoires FILORGA dans lequel 50 ingr\u00e9dients sont int\u00e9gr\u00e9s pour la premi\u00e8re fois dans des concentrations comparables \u00e0 celles utilis\u00e9es en m\u00e9so-injection*.<\/p>\n<p>\/ R\u00e9cup\u00e9ration cutan\u00e9e nocturne [rides + fermet\u00e9 + \u00e9clat]<\/p>\n<p>Le Melatonin\u2019CX, puissant d\u00e9fatiguant cutan\u00e9, agit pendant la nuit pour des traits repos\u00e9s tandis que des peptides repulpent la peau.<\/p>\n<p>En parall\u00e8le, un d\u00e9toxifiant naturel pour r\u00e9v\u00e9ler un teint rayonnant au r\u00e9veil.<\/p>\n<div class=\"watch-action\">\n<div class=\"watch-position align-left\">\n<div class=\"action-like\"><\/div>\n<\/div>\n<\/div>\n","protected":false},"excerpt":{"rendered":"<p><strong>FILORGA COFFRET DUO LISSANT ILLUMINATEUR se compose de\u00a0<\/strong><\/p>\n<p><strong>*FILORGA SCRUB &amp; MASK MASQUE EXFOLIANT REOXYGENANT :<\/strong>\u00a0C&rsquo;est un masque exfoliant r\u00e9oxyg\u00e9nant. Il se caract\u00e9rise par une formule riche en acide Hyaluronique pour une action anti \u00e2ge. C&rsquo;est un masque double exfoliation pour r\u00e9oxyg\u00e9ner votre peau<\/p>\n<p><strong>*FILORGA NCEF-NIGHT MASK 50ML<\/strong>\u00a0: Filorga le Masque de Nuit Multi-correcteur Supr\u00eame \u00e0 p\u00e9n\u00e9tration rapide qui s\u2019utilise comme une cr\u00e8me de nuit \u2013 Effet radical<\/p>\n<p>SP\u00c9CIAL NUITS COURTES &#8211; PEAUX FATIGU\u00c9ES, STRESS\u00c9E<\/p>\n","protected":false},"featured_media":23908,"comment_status":"open","ping_status":"closed","template":"","meta":[],"product_cat":[20],"product_tag":[],"class_list":{"0":"post-17078","1":"product","2":"type-product","3":"status-publish","4":"has-post-thumbnail","6":"product_cat-accessories","8":"first","9":"instock","10":"shipping-taxable","11":"product-type-simple"},"jetpack_sharing_enabled":true,"_links":{"self":[{"href":"https:\/\/para-pharmacity.tn\/index.php?rest_route=\/wp\/v2\/product\/17078","targetHints":{"allow":["GET"]}}],"collection":[{"href":"https:\/\/para-pharmacity.tn\/index.php?rest_route=\/wp\/v2\/product"}],"about":[{"href":"https:\/\/para-pharmacity.tn\/index.php?rest_route=\/wp\/v2\/types\/product"}],"replies":[{"embeddable":true,"href":"https:\/\/para-pharmacity.tn\/index.php?rest_route=%2Fwp%2Fv2%2Fcomments&post=17078"}],"version-history":[{"count":2,"href":"https:\/\/para-pharmacity.tn\/index.php?rest_route=\/wp\/v2\/product\/17078\/revisions"}],"predecessor-version":[{"id":23910,"href":"https:\/\/para-pharmacity.tn\/index.php?rest_route=\/wp\/v2\/product\/17078\/revisions\/23910"}],"wp:featuredmedia":[{"embeddable":true,"href":"https:\/\/para-pharmacity.tn\/index.php?rest_route=\/wp\/v2\/media\/23908"}],"wp:attachment":[{"href":"https:\/\/para-pharmacity.tn\/index.php?rest_route=%2Fwp%2Fv2%2Fmedia&parent=17078"}],"wp:term":[{"taxonomy":"product_cat","embeddable":true,"href":"https:\/\/para-pharmacity.tn\/index.php?rest_route=%2Fwp%2Fv2%2Fproduct_cat&post=17078"},{"taxonomy":"product_tag","embeddable":true,"href":"https:\/\/para-pharmacity.tn\/index.php?rest_route=%2Fwp%2Fv2%2Fproduct_tag&post=17078"}],"curies":[{"name":"wp","href":"https:\/\/api.w.org\/{rel}","templated":true}]}}