{"id":17074,"date":"2024-07-10T23:00:59","date_gmt":"2024-07-10T23:00:59","guid":{"rendered":"https:\/\/para-pharmacity.tn\/?product=filorga-coff-trio-double-corr-purify"},"modified":"2024-08-22T13:39:27","modified_gmt":"2024-08-22T13:39:27","slug":"filorga-coff-trio-double-corr-purify","status":"publish","type":"product","link":"https:\/\/para-pharmacity.tn\/?product=filorga-coff-trio-double-corr-purify","title":{"rendered":"FILORGA COFF TRIO DOUBLE CORR PURIFY"},"content":{"rendered":"<p>Filorga Trio Double Correction Coffret est id\u00e9al pour un traitement anti-\u00e2ge du visage.<\/p>\n<p>Contient :<\/p>\n<p>Filorga Age-Purfy 50ml : fluide purifiant, anti-\u00e2ge et anti-pollution, d\u00e9velopp\u00e9 avec des m\u00e9decins esth\u00e9tiques et des dermatologues, qui int\u00e8gre un c\u0153ur de formule totalement unique \u00e0 FILORGA. Gr\u00e2ce \u00e0 ce fluide, vous pouvez enfin prot\u00e9ger votre peau mixte ou grasse de la pollution et r\u00e9duire les imperfections, tout en traitant les signes de l&rsquo;\u00e2ge.<\/p>\n<p>Filorga Meso-Mask 15ml : masque riche en collag\u00e8ne et en \u00e9lastine qui hydrate et lisse les traits, enrichi en polysaccharides de rhamnose qui apaisent les rougeurs, \u00e9claircissent le teint et r\u00e9v\u00e8lent son \u00e9clat, il convient \u00e0 tous les types de peau. De plus, le puissant actif hydratant de sa formule redonne souplesse et douceur \u00e0 la peau.<\/p>\n<p>Filorga Age-Purify Intensive 7ml : s\u00e9rum r\u00e9\u00e9quilibrant anti-\u00e2ge unique en son genre, d\u00e9velopp\u00e9 avec des m\u00e9decins esth\u00e9tiques et des dermatologues (1), int\u00e8gre un c\u0153ur de formule totalement unique \u00e0 FILORGA. Gr\u00e2ce \u00e0 ce s\u00e9rum, vous r\u00e9duisez visiblement les imperfections et traitez les signes de l&rsquo;\u00e2ge.<\/p>\n","protected":false},"excerpt":{"rendered":"<p>Ce coffret se compose de :<\/p>\n<ul>\n<li>FILORGA AGE PURIFY Fluide Double Correction Rides + Imperfections<\/li>\n<\/ul>\n<p>EN CADEAU :<\/p>\n<ul>\n<li>FILORGA MESO-MASK 15ML<\/li>\n<li>FILORGA\u00a0 AGE-PURIFY INTENSIVE 7ML<\/li>\n<\/ul>\n","protected":false},"featured_media":23898,"comment_status":"open","ping_status":"closed","template":"","meta":[],"product_cat":[20],"product_tag":[],"class_list":{"0":"post-17074","1":"product","2":"type-product","3":"status-publish","4":"has-post-thumbnail","6":"product_cat-accessories","8":"first","9":"instock","10":"shipping-taxable","11":"product-type-simple"},"jetpack_sharing_enabled":true,"_links":{"self":[{"href":"https:\/\/para-pharmacity.tn\/index.php?rest_route=\/wp\/v2\/product\/17074","targetHints":{"allow":["GET"]}}],"collection":[{"href":"https:\/\/para-pharmacity.tn\/index.php?rest_route=\/wp\/v2\/product"}],"about":[{"href":"https:\/\/para-pharmacity.tn\/index.php?rest_route=\/wp\/v2\/types\/product"}],"replies":[{"embeddable":true,"href":"https:\/\/para-pharmacity.tn\/index.php?rest_route=%2Fwp%2Fv2%2Fcomments&post=17074"}],"version-history":[{"count":2,"href":"https:\/\/para-pharmacity.tn\/index.php?rest_route=\/wp\/v2\/product\/17074\/revisions"}],"predecessor-version":[{"id":23901,"href":"https:\/\/para-pharmacity.tn\/index.php?rest_route=\/wp\/v2\/product\/17074\/revisions\/23901"}],"wp:featuredmedia":[{"embeddable":true,"href":"https:\/\/para-pharmacity.tn\/index.php?rest_route=\/wp\/v2\/media\/23898"}],"wp:attachment":[{"href":"https:\/\/para-pharmacity.tn\/index.php?rest_route=%2Fwp%2Fv2%2Fmedia&parent=17074"}],"wp:term":[{"taxonomy":"product_cat","embeddable":true,"href":"https:\/\/para-pharmacity.tn\/index.php?rest_route=%2Fwp%2Fv2%2Fproduct_cat&post=17074"},{"taxonomy":"product_tag","embeddable":true,"href":"https:\/\/para-pharmacity.tn\/index.php?rest_route=%2Fwp%2Fv2%2Fproduct_tag&post=17074"}],"curies":[{"name":"wp","href":"https:\/\/api.w.org\/{rel}","templated":true}]}}