{"id":17073,"date":"2024-07-10T23:00:59","date_gmt":"2024-07-10T23:00:59","guid":{"rendered":"https:\/\/para-pharmacity.tn\/?product=filorga-coff-time-fillersleep-peel"},"modified":"2024-08-22T13:31:28","modified_gmt":"2024-08-22T13:31:28","slug":"filorga-coff-time-fillersleep-peel","status":"publish","type":"product","link":"https:\/\/para-pharmacity.tn\/?product=filorga-coff-time-fillersleep-peel","title":{"rendered":"FILORGA COFF TIME FILLER+SLEEP PEEL"},"content":{"rendered":"<p><strong>FILORGA<\/strong><\/p>\n<p><strong>Coffret<\/strong><\/p>\n<p><strong>Diviser vos rides par 2<\/strong><\/p>\n<p><strong>Contient : Time-filler 50ml + Sleep and Peel 30ml Offert<\/strong><\/p>\n<p><strong>Time-Filler Cr\u00e8me absolue correction rides 50ml :<\/strong><\/p>\n<p><strong>\/Rides de contraction :\u00a0<\/strong><\/p>\n<p><strong>Un tripeptide botox-like d\u00e9crispe la peau.<\/strong><\/p>\n<p><strong>\/Rides de creusement :<\/strong><\/p>\n<p><strong>Un puissant peptide, associ\u00e9 au NCTF, stimule la synth\u00e8se de collag\u00e8ne et d&rsquo;acide hyaluronique. En parall\u00e8le, un actif peeling-like lisse les micro-reliefs.<\/strong><\/p>\n<p><strong>\/Rides de dess\u00e8chement :<\/strong><\/p>\n<p><strong>l&rsquo;acide hyaluronique, mol\u00e9cule star des injections, est encapsul\u00e9 pour une diffusion profonde et un effet de comblement visible.<\/strong><\/p>\n<p><strong>Sleep and Peel Cr\u00e8me resurfa\u00e7ante nuit 30ml :<\/strong><\/p>\n<p><strong>Cr\u00e8me Resurfa\u00e7ante Nuit acc\u00e9l\u00e9ratrice du renouvellement cellulaire.\u00a0<\/strong><\/p>\n<p><strong>Peaux en manque d&rsquo;\u00e9clat et de douceur. Acc\u00e9l\u00e9rateur du renouvellement cellulaire, cette cr\u00e8me se fait ultra-apaisante et protectrice pour contrer le vieillissement pr\u00e9matur\u00e9.<\/strong><\/p>\n<p><strong>Au cocktail Nctf + acide hyaluronique s&rsquo;ajoutent 6 vari\u00e9t\u00e9s d&rsquo;acides (AHA et BHA) de diff\u00e9rents poids mol\u00e9culaires qui garantissent une exfoliation progressive et contr\u00f4l\u00e9e.\u00a0<\/strong><\/p>\n<p><strong>Time-Filler Cr\u00e8me absolue correction rides 50ml :<\/strong><\/p>\n<p><strong>Appliquer matin et\/ou soir sur peau propre et s\u00e8che.<\/strong><\/p>\n<p>Sleep and Peel Cr\u00e8me resurfa\u00e7ante nuit 30ml :<\/p>\n<p>Appliquer g\u00e9n\u00e9reusement chaque soir sur le visage parfaitement d\u00e9maquill\u00e9, en cure de 21 jours.<\/p>\n<p>Ne pas appliquer sur une peau humide, au contact de l&rsquo;il et des plaies ouvertes.<\/p>\n<p>Un l\u00e9ger picotement est sensible apr\u00e8s l&rsquo;application, les ingr\u00e9dients anti-\u00e2ge de la cr\u00e8meSleep &amp; Peel agissent.<\/p>\n","protected":false},"excerpt":{"rendered":"<p><strong>Time-Filler Cr\u00e8me 50ml :<\/strong><br \/>\nD\u00e9crispe, stimule, et comble les rides gr\u00e2ce \u00e0 un tripeptide botox-like, du collag\u00e8ne, et de l&rsquo;acide hyaluronique encapsul\u00e9.<\/p>\n<p><strong>Sleep and Peel Nuit 30ml :<\/strong><br \/>\nRenouvelle et exfolie la peau en douceur avec NCTF, acide hyaluronique, et 6 acides pour un teint \u00e9clatant.<\/p>\n","protected":false},"featured_media":23894,"comment_status":"open","ping_status":"closed","template":"","meta":[],"product_cat":[20],"product_tag":[],"class_list":{"0":"post-17073","1":"product","2":"type-product","3":"status-publish","4":"has-post-thumbnail","6":"product_cat-accessories","8":"first","9":"instock","10":"shipping-taxable","11":"product-type-simple"},"jetpack_sharing_enabled":true,"_links":{"self":[{"href":"https:\/\/para-pharmacity.tn\/index.php?rest_route=\/wp\/v2\/product\/17073","targetHints":{"allow":["GET"]}}],"collection":[{"href":"https:\/\/para-pharmacity.tn\/index.php?rest_route=\/wp\/v2\/product"}],"about":[{"href":"https:\/\/para-pharmacity.tn\/index.php?rest_route=\/wp\/v2\/types\/product"}],"replies":[{"embeddable":true,"href":"https:\/\/para-pharmacity.tn\/index.php?rest_route=%2Fwp%2Fv2%2Fcomments&post=17073"}],"version-history":[{"count":2,"href":"https:\/\/para-pharmacity.tn\/index.php?rest_route=\/wp\/v2\/product\/17073\/revisions"}],"predecessor-version":[{"id":23896,"href":"https:\/\/para-pharmacity.tn\/index.php?rest_route=\/wp\/v2\/product\/17073\/revisions\/23896"}],"wp:featuredmedia":[{"embeddable":true,"href":"https:\/\/para-pharmacity.tn\/index.php?rest_route=\/wp\/v2\/media\/23894"}],"wp:attachment":[{"href":"https:\/\/para-pharmacity.tn\/index.php?rest_route=%2Fwp%2Fv2%2Fmedia&parent=17073"}],"wp:term":[{"taxonomy":"product_cat","embeddable":true,"href":"https:\/\/para-pharmacity.tn\/index.php?rest_route=%2Fwp%2Fv2%2Fproduct_cat&post=17073"},{"taxonomy":"product_tag","embeddable":true,"href":"https:\/\/para-pharmacity.tn\/index.php?rest_route=%2Fwp%2Fv2%2Fproduct_tag&post=17073"}],"curies":[{"name":"wp","href":"https:\/\/api.w.org\/{rel}","templated":true}]}}