{"id":17071,"date":"2024-07-10T23:00:58","date_gmt":"2024-07-10T23:00:58","guid":{"rendered":"https:\/\/para-pharmacity.tn\/?product=filorga-coff-sleeplift-mini-lift"},"modified":"2024-08-22T12:53:44","modified_gmt":"2024-08-22T12:53:44","slug":"filorga-coff-sleeplift-mini-lift","status":"publish","type":"product","link":"https:\/\/para-pharmacity.tn\/?product=filorga-coff-sleeplift-mini-lift","title":{"rendered":"FILORGA COFF SLEEP&amp;LIFT +MINI LIFT"},"content":{"rendered":"","protected":false},"excerpt":{"rendered":"<p><strong>LIFT-STRUCTURE50ML:<\/strong><\/p>\n<p>une cr\u00e8me anti-\u00e2ge visage aux propri\u00e9t\u00e9s liftantes directement inspir\u00e9e de la m\u00e9decine esth\u00e9tique. Cr\u00e8me fermet\u00e9 absolue.<\/p>\n<p><strong>SLEEP &amp; LIFT 15ML OFFERT:<\/strong><\/p>\n<p>Soin de nuit liftant Ce baume sensoriel ultra-enveloppant apporte nutrition et confort au visage pour une peau redensifi\u00e9e et des traits regalb\u00e9s nuit apr\u00e8s nuit.<\/p>\n","protected":false},"featured_media":23891,"comment_status":"open","ping_status":"closed","template":"","meta":[],"product_cat":[20],"product_tag":[],"class_list":{"0":"post-17071","1":"product","2":"type-product","3":"status-publish","4":"has-post-thumbnail","6":"product_cat-accessories","8":"first","9":"instock","10":"shipping-taxable","11":"product-type-simple"},"jetpack_sharing_enabled":true,"_links":{"self":[{"href":"https:\/\/para-pharmacity.tn\/index.php?rest_route=\/wp\/v2\/product\/17071","targetHints":{"allow":["GET"]}}],"collection":[{"href":"https:\/\/para-pharmacity.tn\/index.php?rest_route=\/wp\/v2\/product"}],"about":[{"href":"https:\/\/para-pharmacity.tn\/index.php?rest_route=\/wp\/v2\/types\/product"}],"replies":[{"embeddable":true,"href":"https:\/\/para-pharmacity.tn\/index.php?rest_route=%2Fwp%2Fv2%2Fcomments&post=17071"}],"version-history":[{"count":2,"href":"https:\/\/para-pharmacity.tn\/index.php?rest_route=\/wp\/v2\/product\/17071\/revisions"}],"predecessor-version":[{"id":23893,"href":"https:\/\/para-pharmacity.tn\/index.php?rest_route=\/wp\/v2\/product\/17071\/revisions\/23893"}],"wp:featuredmedia":[{"embeddable":true,"href":"https:\/\/para-pharmacity.tn\/index.php?rest_route=\/wp\/v2\/media\/23891"}],"wp:attachment":[{"href":"https:\/\/para-pharmacity.tn\/index.php?rest_route=%2Fwp%2Fv2%2Fmedia&parent=17071"}],"wp:term":[{"taxonomy":"product_cat","embeddable":true,"href":"https:\/\/para-pharmacity.tn\/index.php?rest_route=%2Fwp%2Fv2%2Fproduct_cat&post=17071"},{"taxonomy":"product_tag","embeddable":true,"href":"https:\/\/para-pharmacity.tn\/index.php?rest_route=%2Fwp%2Fv2%2Fproduct_tag&post=17071"}],"curies":[{"name":"wp","href":"https:\/\/api.w.org\/{rel}","templated":true}]}}