{"id":17068,"date":"2024-07-10T23:00:56","date_gmt":"2024-07-10T23:00:56","guid":{"rendered":"https:\/\/para-pharmacity.tn\/?product=filorga-coff-optim-eyesmesoncef-serum"},"modified":"2024-08-22T12:34:53","modified_gmt":"2024-08-22T12:34:53","slug":"filorga-coff-optim-eyesmesoncef-serum","status":"publish","type":"product","link":"https:\/\/para-pharmacity.tn\/?product=filorga-coff-optim-eyesmesoncef-serum","title":{"rendered":"FILORGA COFF OPTIM EYES+MESO+NCEF SERUM"},"content":{"rendered":"","protected":false},"excerpt":{"rendered":"<p>FILORGA OPTIM-EYES CONTOUR DES YEUX FLACON 15 ML C&rsquo;est un rectifieur regard 360\u00b0 \u00e0 effet m\u00e9so. Ce soin pr\u00e9sente une action anti cernes visible , anti poche et anti \u00e2ge . FILORGA ncef intensive [Rides \u2013 Fermet\u00e9 \u2013 \u00c9clat], un s\u00e9rum multi-correcteur concentr\u00e9 en NCEF pour une action pro jeunesse renforc\u00e9e et une qualit\u00e9 de peau renouvel\u00e9e.<\/p>\n","protected":false},"featured_media":23883,"comment_status":"open","ping_status":"closed","template":"","meta":[],"product_cat":[20],"product_tag":[],"class_list":{"0":"post-17068","1":"product","2":"type-product","3":"status-publish","4":"has-post-thumbnail","6":"product_cat-accessories","8":"first","9":"instock","10":"shipping-taxable","11":"product-type-simple"},"jetpack_sharing_enabled":true,"_links":{"self":[{"href":"https:\/\/para-pharmacity.tn\/index.php?rest_route=\/wp\/v2\/product\/17068","targetHints":{"allow":["GET"]}}],"collection":[{"href":"https:\/\/para-pharmacity.tn\/index.php?rest_route=\/wp\/v2\/product"}],"about":[{"href":"https:\/\/para-pharmacity.tn\/index.php?rest_route=\/wp\/v2\/types\/product"}],"replies":[{"embeddable":true,"href":"https:\/\/para-pharmacity.tn\/index.php?rest_route=%2Fwp%2Fv2%2Fcomments&post=17068"}],"version-history":[{"count":1,"href":"https:\/\/para-pharmacity.tn\/index.php?rest_route=\/wp\/v2\/product\/17068\/revisions"}],"predecessor-version":[{"id":23884,"href":"https:\/\/para-pharmacity.tn\/index.php?rest_route=\/wp\/v2\/product\/17068\/revisions\/23884"}],"wp:featuredmedia":[{"embeddable":true,"href":"https:\/\/para-pharmacity.tn\/index.php?rest_route=\/wp\/v2\/media\/23883"}],"wp:attachment":[{"href":"https:\/\/para-pharmacity.tn\/index.php?rest_route=%2Fwp%2Fv2%2Fmedia&parent=17068"}],"wp:term":[{"taxonomy":"product_cat","embeddable":true,"href":"https:\/\/para-pharmacity.tn\/index.php?rest_route=%2Fwp%2Fv2%2Fproduct_cat&post=17068"},{"taxonomy":"product_tag","embeddable":true,"href":"https:\/\/para-pharmacity.tn\/index.php?rest_route=%2Fwp%2Fv2%2Fproduct_tag&post=17068"}],"curies":[{"name":"wp","href":"https:\/\/api.w.org\/{rel}","templated":true}]}}