{"id":17067,"date":"2024-07-10T23:00:55","date_gmt":"2024-07-10T23:00:55","guid":{"rendered":"https:\/\/para-pharmacity.tn\/?product=filorga-coff-optim-eyes-cymeso-mpatch"},"modified":"2024-08-22T11:45:36","modified_gmt":"2024-08-22T11:45:36","slug":"filorga-coff-optim-eyes-cymeso-mpatch","status":"publish","type":"product","link":"https:\/\/para-pharmacity.tn\/?product=filorga-coff-optim-eyes-cymeso-mpatch","title":{"rendered":"FILORGA COFF OPTIM EYES CY+MESO M+PATCH"},"content":{"rendered":"","protected":false},"excerpt":{"rendered":"<p>Le coffret anti-\u00e2ge contour des yeux Les Essentiels Filorga est un coffret \u00e9dition limit\u00e9e sp\u00e9cial regard contenant le contour des yeux Optim-Eyes accompagn\u00e9 de 2 produits Filorga offerts : le Meso-Mask en 15 ml et 2 patchs Optim-Eyes.<\/p>\n","protected":false},"featured_media":23881,"comment_status":"open","ping_status":"closed","template":"","meta":[],"product_cat":[20],"product_tag":[],"class_list":{"0":"post-17067","1":"product","2":"type-product","3":"status-publish","4":"has-post-thumbnail","6":"product_cat-accessories","8":"first","9":"instock","10":"shipping-taxable","11":"product-type-simple"},"jetpack_sharing_enabled":true,"_links":{"self":[{"href":"https:\/\/para-pharmacity.tn\/index.php?rest_route=\/wp\/v2\/product\/17067","targetHints":{"allow":["GET"]}}],"collection":[{"href":"https:\/\/para-pharmacity.tn\/index.php?rest_route=\/wp\/v2\/product"}],"about":[{"href":"https:\/\/para-pharmacity.tn\/index.php?rest_route=\/wp\/v2\/types\/product"}],"replies":[{"embeddable":true,"href":"https:\/\/para-pharmacity.tn\/index.php?rest_route=%2Fwp%2Fv2%2Fcomments&post=17067"}],"version-history":[{"count":1,"href":"https:\/\/para-pharmacity.tn\/index.php?rest_route=\/wp\/v2\/product\/17067\/revisions"}],"predecessor-version":[{"id":23882,"href":"https:\/\/para-pharmacity.tn\/index.php?rest_route=\/wp\/v2\/product\/17067\/revisions\/23882"}],"wp:featuredmedia":[{"embeddable":true,"href":"https:\/\/para-pharmacity.tn\/index.php?rest_route=\/wp\/v2\/media\/23881"}],"wp:attachment":[{"href":"https:\/\/para-pharmacity.tn\/index.php?rest_route=%2Fwp%2Fv2%2Fmedia&parent=17067"}],"wp:term":[{"taxonomy":"product_cat","embeddable":true,"href":"https:\/\/para-pharmacity.tn\/index.php?rest_route=%2Fwp%2Fv2%2Fproduct_cat&post=17067"},{"taxonomy":"product_tag","embeddable":true,"href":"https:\/\/para-pharmacity.tn\/index.php?rest_route=%2Fwp%2Fv2%2Fproduct_tag&post=17067"}],"curies":[{"name":"wp","href":"https:\/\/api.w.org\/{rel}","templated":true}]}}