{"id":17066,"date":"2024-07-10T23:00:55","date_gmt":"2024-07-10T23:00:55","guid":{"rendered":"https:\/\/para-pharmacity.tn\/?product=filorga-coff-ncef-shot-15-ml"},"modified":"2024-08-22T11:40:46","modified_gmt":"2024-08-22T11:40:46","slug":"filorga-coff-ncef-shot-15-ml","status":"publish","type":"product","link":"https:\/\/para-pharmacity.tn\/?product=filorga-coff-ncef-shot-15-ml","title":{"rendered":"FILORGA COFF NCEF SHOT 15 ML"},"content":{"rendered":"<p><b>FILORGA VOTRE COFFRET NCEF<\/b><\/p>\n<p>FILORGA VOTRE COFFRET NCEF\u00a0une s\u00e9lection de soins de la gamme NCEF. Il contient :<\/p>\n<ul>\n<li><b>FILORGA NCEF-SHOT 15ML<\/b>\u00a0:\u00a0le produit soin visage concentr\u00e9 anti-\u00e2ge et anti-rides qui r\u00e9duit visiblement les rides pour une peau ferme et \u00e9clatante.<\/li>\n<li><b>FILORGA\u00a0NCEF NIGHT MASK 15ML\u00a0<span style=\"color: #e79c9c\">OFFERT<\/span><\/b><\/li>\n<li><b>FILORGA\u00a0NCEF REVERSE EYES 4ML\u00a0<span style=\"color: #e79c9c\">OFFERT<\/span><\/b><\/li>\n<li><b>FILORGA\u00a0Bougie\u00a0<span style=\"color: #e79c9c\">OFFERTE<\/span>.<\/b><\/li>\n<\/ul>\n","protected":false},"excerpt":{"rendered":"<p><strong>D\u00e9couvrez dans ce coffret cadeau exclusif, une s\u00e9lection de soins de la gamme NCEF. Il contient le NCEF-SHOT (Flacon pipette\u00a0 \u2013 15ml), NCEF NIGHT MASK (TUBE \u2013 15ml), le soin NCEF REVERSE EYES (TUBE \u2013 4ml) et une petite bougie.<\/strong><\/p>\n","protected":false},"featured_media":23878,"comment_status":"open","ping_status":"closed","template":"","meta":[],"product_cat":[20],"product_tag":[],"class_list":{"0":"post-17066","1":"product","2":"type-product","3":"status-publish","4":"has-post-thumbnail","6":"product_cat-accessories","8":"first","9":"instock","10":"shipping-taxable","11":"product-type-simple"},"jetpack_sharing_enabled":true,"_links":{"self":[{"href":"https:\/\/para-pharmacity.tn\/index.php?rest_route=\/wp\/v2\/product\/17066","targetHints":{"allow":["GET"]}}],"collection":[{"href":"https:\/\/para-pharmacity.tn\/index.php?rest_route=\/wp\/v2\/product"}],"about":[{"href":"https:\/\/para-pharmacity.tn\/index.php?rest_route=\/wp\/v2\/types\/product"}],"replies":[{"embeddable":true,"href":"https:\/\/para-pharmacity.tn\/index.php?rest_route=%2Fwp%2Fv2%2Fcomments&post=17066"}],"version-history":[{"count":2,"href":"https:\/\/para-pharmacity.tn\/index.php?rest_route=\/wp\/v2\/product\/17066\/revisions"}],"predecessor-version":[{"id":23880,"href":"https:\/\/para-pharmacity.tn\/index.php?rest_route=\/wp\/v2\/product\/17066\/revisions\/23880"}],"wp:featuredmedia":[{"embeddable":true,"href":"https:\/\/para-pharmacity.tn\/index.php?rest_route=\/wp\/v2\/media\/23878"}],"wp:attachment":[{"href":"https:\/\/para-pharmacity.tn\/index.php?rest_route=%2Fwp%2Fv2%2Fmedia&parent=17066"}],"wp:term":[{"taxonomy":"product_cat","embeddable":true,"href":"https:\/\/para-pharmacity.tn\/index.php?rest_route=%2Fwp%2Fv2%2Fproduct_cat&post=17066"},{"taxonomy":"product_tag","embeddable":true,"href":"https:\/\/para-pharmacity.tn\/index.php?rest_route=%2Fwp%2Fv2%2Fproduct_tag&post=17066"}],"curies":[{"name":"wp","href":"https:\/\/api.w.org\/{rel}","templated":true}]}}