{"id":17065,"date":"2024-07-10T23:00:55","date_gmt":"2024-07-10T23:00:55","guid":{"rendered":"https:\/\/para-pharmacity.tn\/?product=filorga-coff-iso-structuremeso-mas"},"modified":"2024-08-22T11:36:14","modified_gmt":"2024-08-22T11:36:14","slug":"filorga-coff-iso-structuremeso-mas","status":"publish","type":"product","link":"https:\/\/para-pharmacity.tn\/?product=filorga-coff-iso-structuremeso-mas","title":{"rendered":"FILORGA COFF ISO STRUCTURE+MESO MAS"},"content":{"rendered":"<p>CR\u00c8ME ABSOLUE FERMET\u00c9<\/p>\n<p>SOIN R\u00c9PARATEUR AUX PUISSANTS ACTIFS REDENSIFIANTS : TRAITE LE RELACHEMENT DES TISSUS ET COMBLE LES RIDES INSTALLEES.<\/p>\n<p>De l\u2019acide hyaluronique agit en synergie avec un peptide, pr\u00e9curseur de laminine 5, pour renforcer la jonction dermo-\u00e9pidermique.<\/p>\n<p>Un complexe r\u00e9g\u00e9n\u00e9rant stimule la production de collag\u00e8ne pour procurer une sensation de maintien galbant instantan\u00e9e.<\/p>\n<p>Id\u00e9al comme base de maquillage.<\/p>\n<p>MESO-MASK<\/p>\n<p>MASQUE LISSANT ILLUMINATEUR<\/p>\n<p>UN MASQUE SUBLIMATEUR INTENSIF POUR ILLUMINER ET \u00c9CLAIRCIR LE TEINT, LISSER LES RIDES ET R\u00c9DUIRE LES SIGNES DE FATIGUE CUTAN\u00c9E<\/p>\n<p>\u25a0 Riche en collag\u00e8ne et \u00e9lastine pour hydrater, r\u00e9g\u00e9n\u00e9rer et lisser les traits<\/p>\n<p>\u25a0 Enrichi en polysaccharide de rhamnose pour apaiser les rougeurs, \u00e9claircir le teint et r\u00e9v\u00e9ler l\u2019\u00e9clat de la peau<\/p>\n<p>\u25a0 En compl\u00e9ment, un puissant actif hydratant pour redonner souplesse et douceur \u00e0 la peau.<\/p>\n<p>R\u00e9sultat : La peau est d\u00e9fatigu\u00e9e, revitalis\u00e9e, liss\u00e9e. Le teint est unifi\u00e9, lumineux et \u00e9clatant.<\/p>\n<p>Conseils d\u2019utilisation:<\/p>\n<p>Pour la cr\u00e8me :Appliquer matin et soir sur peau propre, sur le visage, le cou et le d\u00e9collet\u00e9 directement sur la peau ou apr\u00e8s votre<\/p>\n<p>s\u00e9rum Filorga.Faire p\u00e9n\u00e9trer du bout des doigts.<\/p>\n<p>Pour le masque :Appliquer le masque en couche g\u00e9n\u00e9reuse sur l\u2019ensemble du visage, contour des yeux, cou et d\u00e9collet\u00e9.<\/p>\n<p>Laisser agir entre 15 et 30 min.<\/p>\n<p>L\u2019application du masque se transforme en un vrai moment de relaxation et de plaisir pour votre peau.<\/p>\n<p>Retirer avec un coton humide.<\/p>\n","protected":false},"excerpt":{"rendered":"<p>Cr\u00e8me absolue fermet\u00e9.Soin r\u00e9parateur aux puissants actifs redensifiants: traite le relachement des tissus et comble les rides install\u00e9es.<\/p>\n","protected":false},"featured_media":23876,"comment_status":"open","ping_status":"closed","template":"","meta":[],"product_cat":[20],"product_tag":[],"class_list":{"0":"post-17065","1":"product","2":"type-product","3":"status-publish","4":"has-post-thumbnail","6":"product_cat-accessories","8":"first","9":"instock","10":"shipping-taxable","11":"product-type-simple"},"jetpack_sharing_enabled":true,"_links":{"self":[{"href":"https:\/\/para-pharmacity.tn\/index.php?rest_route=\/wp\/v2\/product\/17065","targetHints":{"allow":["GET"]}}],"collection":[{"href":"https:\/\/para-pharmacity.tn\/index.php?rest_route=\/wp\/v2\/product"}],"about":[{"href":"https:\/\/para-pharmacity.tn\/index.php?rest_route=\/wp\/v2\/types\/product"}],"replies":[{"embeddable":true,"href":"https:\/\/para-pharmacity.tn\/index.php?rest_route=%2Fwp%2Fv2%2Fcomments&post=17065"}],"version-history":[{"count":2,"href":"https:\/\/para-pharmacity.tn\/index.php?rest_route=\/wp\/v2\/product\/17065\/revisions"}],"predecessor-version":[{"id":23875,"href":"https:\/\/para-pharmacity.tn\/index.php?rest_route=\/wp\/v2\/product\/17065\/revisions\/23875"}],"wp:featuredmedia":[{"embeddable":true,"href":"https:\/\/para-pharmacity.tn\/index.php?rest_route=\/wp\/v2\/media\/23876"}],"wp:attachment":[{"href":"https:\/\/para-pharmacity.tn\/index.php?rest_route=%2Fwp%2Fv2%2Fmedia&parent=17065"}],"wp:term":[{"taxonomy":"product_cat","embeddable":true,"href":"https:\/\/para-pharmacity.tn\/index.php?rest_route=%2Fwp%2Fv2%2Fproduct_cat&post=17065"},{"taxonomy":"product_tag","embeddable":true,"href":"https:\/\/para-pharmacity.tn\/index.php?rest_route=%2Fwp%2Fv2%2Fproduct_tag&post=17065"}],"curies":[{"name":"wp","href":"https:\/\/api.w.org\/{rel}","templated":true}]}}