{"id":17064,"date":"2024-07-10T23:00:54","date_gmt":"2024-07-10T23:00:54","guid":{"rendered":"https:\/\/para-pharmacity.tn\/?product=filorga-coff-hydra-fillernutri-fil"},"modified":"2024-08-22T11:26:01","modified_gmt":"2024-08-22T11:26:01","slug":"filorga-coff-hydra-fillernutri-fil","status":"publish","type":"product","link":"https:\/\/para-pharmacity.tn\/?product=filorga-coff-hydra-fillernutri-fil","title":{"rendered":"FILORGA COFF HYDRA FILLER+NUTRI FIL"},"content":{"rendered":"<h1>FILORGA COFF HYDRA FILLER+NUTRI FIL<\/h1>\n<p>ce coffret contient:<\/p>\n<h4 class=\"h1 page-title page-title-pdct-cust\">FILORGA HYDRA-FILLER 50ML :<\/h4>\n<p style=\"font-weight: 400\"><b><strong>HYDRA-FILLER, toute la puissance de l\u2019acide hyaluronique pur dans un soin visage ultra hydratant pour ressourcer intens\u00e9ment la peau.<\/strong><\/b><b><strong>\u00a0<\/strong><\/b><\/p>\n<p style=\"font-weight: 400\"><b><strong>\u00a0Hydratation lissante et repulpante\u00a0:<\/strong><\/b>\u00a0Un puissant trio d\u2019acide hyaluronique pour une hydratation multicouches \u00e0 effet repulpant. Combin\u00e9 \u00e0 un extrait bio-actif pour restaurer le r\u00f4le barri\u00e8re de la peau et limiter la d\u00e9shydratation tout au long de la journ\u00e9e.<\/p>\n<p style=\"font-weight: 400\"><b><strong>Action pro-jeunesse\u00a0:<\/strong><\/b>\u00a0Une formule enrichie en booster lissant pour limiter les rides et cassures cutan\u00e9es.<\/p>\n<p style=\"font-weight: 400\"><b><strong>Conseil d&rsquo;utilisation<\/strong><\/b><\/p>\n<p style=\"font-weight: 400\">Appliquer g\u00e9n\u00e9reusement matin et \/ ou soir sur le visage, le cou et le d\u00e9collet\u00e9 parfaitement nettoy\u00e9s.<\/p>\n<p style=\"font-weight: 400\">Faire p\u00e9n\u00e9trer du bout des doigts. Id\u00e9al comme base de maquillage.<\/p>\n<p>&nbsp;<\/p>\n<h4 class=\"product_title entry-title\">NUTRI-FILLER :<\/h4>\n<p><strong>Filorga NUTRI-FILLER Cr\u00e8me Nutri-Reconstituante 50 ml<\/strong><br \/>\nCette cr\u00e8me nourrissante et reconstituante est con\u00e7ue pour revitaliser les peaux exigeantes et red\u00e9finir les contours du visage. Formul\u00e9e avec le complexe NCEF, elle combine des actifs inspir\u00e9s des injections pour une action cibl\u00e9e.<\/p>\n<p><strong>Nutrition intense :<\/strong><br \/>\nLe beurre de karit\u00e9 et l&rsquo;huile d&rsquo;argan apportent confort et souplesse aux peaux s\u00e8ches.<\/p>\n<p><strong>Action repulpante :<\/strong><br \/>\nUn extrait v\u00e9g\u00e9tal booste le collag\u00e8ne pour raffermir et repulper la peau.<\/p>\n<p><strong>Effet lift zone U :<\/strong><br \/>\nL&rsquo;algue rouge cible le cou et le double menton, red\u00e9finissant l&rsquo;ovale du visage.<\/p>\n<p>Les peaux s\u00e8ches retrouvent confort et densit\u00e9, et les contours du visage sont redessin\u00e9s.<\/p>\n<p><strong>Conseil d&rsquo;utilisation :<\/strong><br \/>\nAppliquer matin et\/ou soir sur une peau propre, en massant le visage, le cou, et le d\u00e9collet\u00e9.<\/p>\n<p><strong>Indication :<\/strong><br \/>\nSoin visage anti-\u00e2ge nourrissant et r\u00e9g\u00e9n\u00e9rant.<\/p>\n","protected":false},"excerpt":{"rendered":"<p class=\"h1 page-title page-title-pdct-cust\"><strong>FILORGA HYDRA-FILLER 50ML:<\/strong><\/p>\n<p>HYDRA-FILLER,<\/p>\n<p class=\"product_title entry-title\"><strong>NUTRI-FILLER :<\/strong><\/p>\n<p>NUTRI-FILLER, un soin hydratant visage r\u00e9confortant pour nourrir et reconstituer les peaux exigeantes tout en redessinant les contours du visage.<\/p>\n<p>la cr\u00e8me hydratante et anti-rides \u00e0 l\u2019acide hyaluronique pour les peaux d\u00e9shydrat\u00e9es.<\/p>\n","protected":false},"featured_media":23870,"comment_status":"open","ping_status":"closed","template":"","meta":[],"product_cat":[20],"product_tag":[],"class_list":{"0":"post-17064","1":"product","2":"type-product","3":"status-publish","4":"has-post-thumbnail","6":"product_cat-accessories","8":"first","9":"instock","10":"shipping-taxable","11":"product-type-simple"},"jetpack_sharing_enabled":true,"_links":{"self":[{"href":"https:\/\/para-pharmacity.tn\/index.php?rest_route=\/wp\/v2\/product\/17064","targetHints":{"allow":["GET"]}}],"collection":[{"href":"https:\/\/para-pharmacity.tn\/index.php?rest_route=\/wp\/v2\/product"}],"about":[{"href":"https:\/\/para-pharmacity.tn\/index.php?rest_route=\/wp\/v2\/types\/product"}],"replies":[{"embeddable":true,"href":"https:\/\/para-pharmacity.tn\/index.php?rest_route=%2Fwp%2Fv2%2Fcomments&post=17064"}],"version-history":[{"count":2,"href":"https:\/\/para-pharmacity.tn\/index.php?rest_route=\/wp\/v2\/product\/17064\/revisions"}],"predecessor-version":[{"id":23869,"href":"https:\/\/para-pharmacity.tn\/index.php?rest_route=\/wp\/v2\/product\/17064\/revisions\/23869"}],"wp:featuredmedia":[{"embeddable":true,"href":"https:\/\/para-pharmacity.tn\/index.php?rest_route=\/wp\/v2\/media\/23870"}],"wp:attachment":[{"href":"https:\/\/para-pharmacity.tn\/index.php?rest_route=%2Fwp%2Fv2%2Fmedia&parent=17064"}],"wp:term":[{"taxonomy":"product_cat","embeddable":true,"href":"https:\/\/para-pharmacity.tn\/index.php?rest_route=%2Fwp%2Fv2%2Fproduct_cat&post=17064"},{"taxonomy":"product_tag","embeddable":true,"href":"https:\/\/para-pharmacity.tn\/index.php?rest_route=%2Fwp%2Fv2%2Fproduct_tag&post=17064"}],"curies":[{"name":"wp","href":"https:\/\/api.w.org\/{rel}","templated":true}]}}