{"id":17063,"date":"2024-07-10T23:00:54","date_gmt":"2024-07-10T23:00:54","guid":{"rendered":"https:\/\/para-pharmacity.tn\/?product=filorga-coff-hydra-filler-hydra-hya"},"modified":"2024-08-22T10:44:37","modified_gmt":"2024-08-22T10:44:37","slug":"filorga-coff-hydra-filler-hydra-hya","status":"publish","type":"product","link":"https:\/\/para-pharmacity.tn\/?product=filorga-coff-hydra-filler-hydra-hya","title":{"rendered":"FILORGA COFF HYDRA FILLER HYDRA HYA"},"content":{"rendered":"<h1>FILORGA COFF HYDRA FILLER HYDRA HYA<\/h1>\n<p>ce coffret contient:<\/p>\n<h4 class=\"h1\">hydra-hyal 30ml :<\/h4>\n<p>Sa formule \u00e0 base de quatre types d&rsquo;acides hyaluroniques\u00a0permet d&rsquo;hydrater la peau du visage, m\u00eame les couches profondes, en reconstituant ses r\u00e9serves d&rsquo;eau. Ce s\u00e9rum anti-\u00e2ge\u00a0aide \u00e0 r\u00e9duire les rides de d\u00e9shydratation, tout en redonnant de l&rsquo;\u00e9clat \u00e0 la peau. Sa texture proche de l&rsquo;acide hyaluronique g\u00e9lifi\u00e9 poss\u00e8de\u00a0un fini doux, non collant.<\/p>\n<p>Indiqu\u00e9 pour les peaux fragilis\u00e9es.<\/p>\n<p>&nbsp;<\/p>\n<h4 class=\"h1\">hydra-filler 15ml :<\/h4>\n<p>Hydratation lissante et repulpante<br \/>\nUn puissant trio d\u2019acide hyaluronique pour une hydratation multicouches \u00e0 effet repulpant. Combin\u00e9 \u00e0 un extrait bio-actif pour restaurer le r\u00f4le barri\u00e8re de la peau et limiter la d\u00e9shydratation tout au long de la journ\u00e9e.<br \/>\nAction pro-jeunesse<br \/>\nUne formule enrichie en booster lissant pour limiter les rides et cassures cutan\u00e9es.<\/p>\n<p>Texture gel-baume<\/p>\n","protected":false},"excerpt":{"rendered":"<p class=\"h1\"><strong>hydra-hyal 30ml:<\/strong><\/p>\n<p>HYDRA-HYAL, toute la puissance de l\u2019acide-hyaluronique pur dans un s\u00e9rum visage hydratant concentr\u00e9 pour repulper intens\u00e9ment la peau.<\/p>\n<p>D\u00e9couvrez un s\u00e9rum visage hydra-repulpant concentr\u00e9 en acide hyaluronique.<\/p>\n<p class=\"h1\"><strong>hydra-filler 15ml:<\/strong><\/p>\n<div class=\"product attribute overview\">\n<div class=\"value\">\n<p>HYDRA-FILLER, la cr\u00e8me hydratante et anti-rides \u00e0 l\u2019acide hyaluronique pour les peaux d\u00e9shydrat\u00e9es.<\/p>\n<\/div>\n<\/div>\n<div data-bind=\"scope: 'amasty-rewards-highlight-catalog'\"><\/div>\n","protected":false},"featured_media":23868,"comment_status":"open","ping_status":"closed","template":"","meta":[],"product_cat":[20],"product_tag":[],"class_list":{"0":"post-17063","1":"product","2":"type-product","3":"status-publish","4":"has-post-thumbnail","6":"product_cat-accessories","8":"first","9":"instock","10":"shipping-taxable","11":"product-type-simple"},"jetpack_sharing_enabled":true,"_links":{"self":[{"href":"https:\/\/para-pharmacity.tn\/index.php?rest_route=\/wp\/v2\/product\/17063","targetHints":{"allow":["GET"]}}],"collection":[{"href":"https:\/\/para-pharmacity.tn\/index.php?rest_route=\/wp\/v2\/product"}],"about":[{"href":"https:\/\/para-pharmacity.tn\/index.php?rest_route=\/wp\/v2\/types\/product"}],"replies":[{"embeddable":true,"href":"https:\/\/para-pharmacity.tn\/index.php?rest_route=%2Fwp%2Fv2%2Fcomments&post=17063"}],"version-history":[{"count":2,"href":"https:\/\/para-pharmacity.tn\/index.php?rest_route=\/wp\/v2\/product\/17063\/revisions"}],"predecessor-version":[{"id":23867,"href":"https:\/\/para-pharmacity.tn\/index.php?rest_route=\/wp\/v2\/product\/17063\/revisions\/23867"}],"wp:featuredmedia":[{"embeddable":true,"href":"https:\/\/para-pharmacity.tn\/index.php?rest_route=\/wp\/v2\/media\/23868"}],"wp:attachment":[{"href":"https:\/\/para-pharmacity.tn\/index.php?rest_route=%2Fwp%2Fv2%2Fmedia&parent=17063"}],"wp:term":[{"taxonomy":"product_cat","embeddable":true,"href":"https:\/\/para-pharmacity.tn\/index.php?rest_route=%2Fwp%2Fv2%2Fproduct_cat&post=17063"},{"taxonomy":"product_tag","embeddable":true,"href":"https:\/\/para-pharmacity.tn\/index.php?rest_route=%2Fwp%2Fv2%2Fproduct_tag&post=17063"}],"curies":[{"name":"wp","href":"https:\/\/api.w.org\/{rel}","templated":true}]}}