{"id":17062,"date":"2024-07-10T23:00:54","date_gmt":"2024-07-10T23:00:54","guid":{"rendered":"https:\/\/para-pharmacity.tn\/?product=filorga-coff-eclat-scrub-and-mask"},"modified":"2024-08-22T10:18:34","modified_gmt":"2024-08-22T10:18:34","slug":"filorga-coff-eclat-scrub-and-mask","status":"publish","type":"product","link":"https:\/\/para-pharmacity.tn\/?product=filorga-coff-eclat-scrub-and-mask","title":{"rendered":"FILORGA COFF ECLAT SCRUB AND MASK"},"content":{"rendered":"<div class=\"titre_zone_desc\"><strong>DESCRIPTION :<\/strong><\/div>\n<div class=\"content_zone_desc tabcontent\">\n<div id=\"type_info_prio_11_1\">\n<p>Filorga Scrub and Mask Coffret Mission Coup d&rsquo;\u00c9clat est un programme lissant-illuminateur pour le visage, en 3 \u00e9tapes :<\/p>\n<p>&#8211; Filorga Scrub and Mask Masque Exfoliant R\u00e9oxyg\u00e9nant 55 ml est un soin anti-\u00e2ge qui offre \u00e0 la fois un gommage et un masque r\u00e9oxyg\u00e9nant, une action en deux \u00e9tapes :<\/p>\n<ul>\n<li>\u00c9tape 1 : Gommage \u00e9closion nouvelle peau.<br \/>\nD\u00e8s son application sur votre peau, des sph\u00e8res de perlite exfolient la peau avec douceur. Au m\u00eame moment, une enzyme mime le processus d&rsquo;\u00e9closion embryonnaire et stimule la desquamation pour un effet peau neuve.<\/li>\n<li>\u00c9tape 2 : Masque r\u00e9oxyg\u00e9nant anti-\u00e2ge.<\/li>\n<\/ul>\n<p>Les pores sont resserr\u00e9s, le grain de peau est affin\u00e9 et lisse. Comme r\u00e9oxyg\u00e9n\u00e9e, la peau respire d&rsquo;un nouvel \u00e9clat.<\/p>\n<p>&#8211; Filorga MESO-MASK Masque Lissant Illuminateur 15 ml (Offert) sublime la peau en lui apportant lumi\u00e8re et \u00e9clat. Il traite les rides et efface les signes de fatigue.<br \/>\nLe polysaccharide de rhamnose apaise les irritations, unifie et \u00e9claircit le teint instantan\u00e9ment et durablement. Le NCEF, c\u0153ur de formule exclusif, stimule l&rsquo;activit\u00e9 cellulaire et la production collag\u00e9nique. Une texture cr\u00e8me d\u00e9licate pour un moment unique de d\u00e9tente. La peau est repulp\u00e9e, \u00e9clatante de sant\u00e9 et de fra\u00eecheur.<\/p>\n<p>&#8211; Filorga OPTIM-EYES Contour des Yeux 3en1 4 ml (Offert) est un soin regard multi-action pour une correction des cernes, poches et ridules en un seul geste et une action ultra-d\u00e9fatiguante.<\/p>\n<ul>\n<li>Action correctrice intensive (cernes, poches, ridules) : La technologie Eye-Impact r\u00e9unit de la chrysine pour lutter contre les cernes color\u00e9s, des peptides tonifiants pour diminuer le volume des poches et de l&rsquo;acide hyaluronique repulpant pour lisser et hydrater.<\/li>\n<li>Action d\u00e9fatiguante renforc\u00e9e : Le Melaton-Eyes, un peptide revitalisant derni\u00e8re g\u00e9n\u00e9ration facilite la r\u00e9cup\u00e9ration cutan\u00e9e pour combattre les marques de fatigue li\u00e9es au manque de sommeil.<\/li>\n<\/ul>\n<p>Sa texture hydratante est fra\u00eeche et fondante.<br \/>\nConvient aux yeux sensibles.<\/p>\n<div class=\"titre_zone_desc bloc_depliable_zone_click\">\n<div><strong>CONSEIL D&rsquo;UTILISATION :<\/strong><\/div>\n<div class=\"div_arrow_desc\"><\/div>\n<\/div>\n<div class=\"content_zone_desc bloc_depliable_cnt cnt_deplie tabcontent\">\n<div>\n<div id=\"type_info_prio_6_1\">\n<p>&#8211; Masque Exfoliant :<\/p>\n<ul>\n<li>tape gommage : masser d\u00e9licatement sur une peau propre.<\/li>\n<li>tape masque : laisser poser, la texture va se transformer en une mousse de soin active. Des micro-bulles d&rsquo;oxyg\u00e8ne se lib\u00e8rent pour favoriser la respiration des peaux asphyxi\u00e9es. Quand les bulles ont disparu, rincer.<\/li>\n<\/ul>\n<p>&#8211; Masque Lissant :<br \/>\nUtiliser une fois par semaine pendant un mois, puis espacer les s\u00e9ances de 2 semaines pendant 2 mois.<br \/>\nAppliquer le masque en couche g\u00e9n\u00e9reuse sur l&rsquo;ensemble du visage, contour des yeux, cou et d\u00e9collet\u00e9. Laisser agir entre 15 et 30 min. Retirer avec un coton humide.<\/p>\n<p>&#8211; Contour des Yeux :<br \/>\nAppliquer sur le contour des yeux parfaitement nettoy\u00e9s, en tapotant l\u00e9g\u00e8rement.<\/p>\n<\/div>\n<div class=\"description_indication\"><span class=\"bold\">Indication<\/span>\u00a0:\u00a0<span id=\"type_info_prio_6_2_1\">Soins visage anti-\u00e2ge.<\/span><\/div>\n<\/div>\n<\/div>\n<\/div>\n<\/div>\n","protected":false},"excerpt":{"rendered":"<p>FILORGA SCRUB &amp; MASK Coffret Mission Coup d&rsquo;\u00c9clat est un programme lissant-illuminateur pour le visage. Il est compos\u00e9 de :<\/p>\n<p>&#8211; FILORGA SRCUB &amp; MASQUE Exfoliant R\u00e9oxyg\u00e9nant 55ML<\/p>\n<p>&#8211; FILORGA MESO-MASK Masque Lissant Illuminateur 15ML (Offert)<\/p>\n<p>&#8211; FILORGA OPTIM-EYES Contour des Yeux 3en1 4ML (Offert)<\/p>\n","protected":false},"featured_media":23862,"comment_status":"open","ping_status":"closed","template":"","meta":[],"product_cat":[20],"product_tag":[],"class_list":{"0":"post-17062","1":"product","2":"type-product","3":"status-publish","4":"has-post-thumbnail","6":"product_cat-accessories","8":"first","9":"instock","10":"shipping-taxable","11":"product-type-simple"},"jetpack_sharing_enabled":true,"_links":{"self":[{"href":"https:\/\/para-pharmacity.tn\/index.php?rest_route=\/wp\/v2\/product\/17062","targetHints":{"allow":["GET"]}}],"collection":[{"href":"https:\/\/para-pharmacity.tn\/index.php?rest_route=\/wp\/v2\/product"}],"about":[{"href":"https:\/\/para-pharmacity.tn\/index.php?rest_route=\/wp\/v2\/types\/product"}],"replies":[{"embeddable":true,"href":"https:\/\/para-pharmacity.tn\/index.php?rest_route=%2Fwp%2Fv2%2Fcomments&post=17062"}],"version-history":[{"count":2,"href":"https:\/\/para-pharmacity.tn\/index.php?rest_route=\/wp\/v2\/product\/17062\/revisions"}],"predecessor-version":[{"id":23864,"href":"https:\/\/para-pharmacity.tn\/index.php?rest_route=\/wp\/v2\/product\/17062\/revisions\/23864"}],"wp:featuredmedia":[{"embeddable":true,"href":"https:\/\/para-pharmacity.tn\/index.php?rest_route=\/wp\/v2\/media\/23862"}],"wp:attachment":[{"href":"https:\/\/para-pharmacity.tn\/index.php?rest_route=%2Fwp%2Fv2%2Fmedia&parent=17062"}],"wp:term":[{"taxonomy":"product_cat","embeddable":true,"href":"https:\/\/para-pharmacity.tn\/index.php?rest_route=%2Fwp%2Fv2%2Fproduct_cat&post=17062"},{"taxonomy":"product_tag","embeddable":true,"href":"https:\/\/para-pharmacity.tn\/index.php?rest_route=%2Fwp%2Fv2%2Fproduct_tag&post=17062"}],"curies":[{"name":"wp","href":"https:\/\/api.w.org\/{rel}","templated":true}]}}