{"id":17061,"date":"2024-07-10T23:00:53","date_gmt":"2024-07-10T23:00:53","guid":{"rendered":"https:\/\/para-pharmacity.tn\/?product=filorga-coff-clean-radiant-scrub"},"modified":"2024-08-22T10:09:22","modified_gmt":"2024-08-22T10:09:22","slug":"filorga-coff-clean-radiant-scrub","status":"publish","type":"product","link":"https:\/\/para-pharmacity.tn\/?product=filorga-coff-clean-radiant-scrub","title":{"rendered":"FILORGA COFF CLEAN &amp; RADIANT SCRUB"},"content":{"rendered":"<h3 style=\"font-style: inherit\">Filorga Clean &amp; Radiant<\/h3>\n<p style=\"font-style: inherit\">Description:<\/p>\n<p style=\"font-style: inherit\"><span style=\"font-style: inherit\">SCRUB &amp; MASK &#8211; Masque \u00e0 bulles gommant \u00e0 double action con\u00e7u pour rendre la peau plus propre et plus fra\u00eeche.<\/span><\/p>\n<p style=\"font-style: inherit\"><span style=\"font-style: inherit\">\u00c9tape 1: Gommage exfoliant peau neuve &#8211; Masser doucement la peau: des sph\u00e8res de perlite enlever d\u00e9licatement les couches mortes de l\u2019\u00e9piderme, tandis qu&rsquo;une enzyme exfoliante agit pour r\u00e9v\u00e9ler une peau d&rsquo;apparence compl\u00e8tement nouvelle.<\/span><\/p>\n<p style=\"font-style: inherit\"><span style=\"font-style: inherit\">\u00c9tape 2: Masque pr\u00e9ventif pro-jeunesse \u2013 Une fois le nettoyage de peau termin\u00e9, laisser agir le produit. Sa texture se transforme en une mousse lissante. Quand les bulles ont disparu, il est temps de se rincer.<\/span><\/p>\n<p style=\"font-style: inherit\"><span style=\"font-style: inherit\">MESO-MASK &#8211; Masque Lissant Radiance. C\u2019est un masque fortifiant qui illumine le teint, lisse les rides et att\u00e9nue visiblement les signes de fatigue de la peau. Il est formul\u00e9 avec du collag\u00e8ne et de l&rsquo;\u00e9lastine pour hydrater, rafra\u00eechir et lisser les traits.<\/span><\/p>\n<p style=\"font-style: inherit\"><span style=\"font-style: inherit\">Enrichi en polysaccharide de rhamnose, ce produit \u00e9claircit le teint et r\u00e9v\u00e8le l\u2019\u00e9clat de la peau.<\/span><\/p>\n<p style=\"font-style: inherit\"><span style=\"font-style: inherit\">Il comprend \u00e9galement un puissant ingr\u00e9dient hydratant pour restaurer la souplesse et la douceur de la peau.<\/span><\/p>\n","protected":false},"excerpt":{"rendered":"<p class=\"p1\">D\u00e9nomination du produit: Filorga\u00a0Clean &amp; Radiant<\/p>\n<p class=\"p1\">Volume: Scrub &amp; Mask 55ml, Meso-Mask 15ml<span class=\"Apple-converted-space\">\u00a0<\/span><\/p>\n<p class=\"p1\">Fabricant: Filorga\u00a0Laboratoires<\/p>\n<p>Origine: Europe<\/p>\n","protected":false},"featured_media":23858,"comment_status":"open","ping_status":"closed","template":"","meta":[],"product_cat":[20],"product_tag":[],"class_list":{"0":"post-17061","1":"product","2":"type-product","3":"status-publish","4":"has-post-thumbnail","6":"product_cat-accessories","8":"first","9":"instock","10":"shipping-taxable","11":"product-type-simple"},"jetpack_sharing_enabled":true,"_links":{"self":[{"href":"https:\/\/para-pharmacity.tn\/index.php?rest_route=\/wp\/v2\/product\/17061","targetHints":{"allow":["GET"]}}],"collection":[{"href":"https:\/\/para-pharmacity.tn\/index.php?rest_route=\/wp\/v2\/product"}],"about":[{"href":"https:\/\/para-pharmacity.tn\/index.php?rest_route=\/wp\/v2\/types\/product"}],"replies":[{"embeddable":true,"href":"https:\/\/para-pharmacity.tn\/index.php?rest_route=%2Fwp%2Fv2%2Fcomments&post=17061"}],"version-history":[{"count":2,"href":"https:\/\/para-pharmacity.tn\/index.php?rest_route=\/wp\/v2\/product\/17061\/revisions"}],"predecessor-version":[{"id":23860,"href":"https:\/\/para-pharmacity.tn\/index.php?rest_route=\/wp\/v2\/product\/17061\/revisions\/23860"}],"wp:featuredmedia":[{"embeddable":true,"href":"https:\/\/para-pharmacity.tn\/index.php?rest_route=\/wp\/v2\/media\/23858"}],"wp:attachment":[{"href":"https:\/\/para-pharmacity.tn\/index.php?rest_route=%2Fwp%2Fv2%2Fmedia&parent=17061"}],"wp:term":[{"taxonomy":"product_cat","embeddable":true,"href":"https:\/\/para-pharmacity.tn\/index.php?rest_route=%2Fwp%2Fv2%2Fproduct_cat&post=17061"},{"taxonomy":"product_tag","embeddable":true,"href":"https:\/\/para-pharmacity.tn\/index.php?rest_route=%2Fwp%2Fv2%2Fproduct_tag&post=17061"}],"curies":[{"name":"wp","href":"https:\/\/api.w.org\/{rel}","templated":true}]}}