{"id":17058,"date":"2024-07-10T23:00:52","date_gmt":"2024-07-10T23:00:52","guid":{"rendered":"https:\/\/para-pharmacity.tn\/?product=filorga-cof-ncef-shot-15ml"},"modified":"2024-08-21T14:53:42","modified_gmt":"2024-08-21T14:53:42","slug":"filorga-cof-ncef-shot-15ml","status":"publish","type":"product","link":"https:\/\/para-pharmacity.tn\/?product=filorga-cof-ncef-shot-15ml","title":{"rendered":"FILORGA COF NCEF SHOT 15ML"},"content":{"rendered":"<p>NCEF-SHOT est un s\u00e9rum ultra-concentr\u00e9 anti-\u00e2ge pour le visage, utilis\u00e9 comme traitement de 10 jours pour am\u00e9liorer la qualit\u00e9 de la peau et corriger les signes du vieillissement cutan\u00e9. Donne un vrai coup de pouce \u00e0 la peau fatigu\u00e9e et d\u00e9vitalis\u00e9e !<\/p>\n<p>Une formule ultra-concentr\u00e9e avec NCEF, un complexe polyrevitalisant unique d\u00e9velopp\u00e9 par les Laboratoires FILORGA dont les ingr\u00e9dients (acide hyaluronique, vitamines, acides amin\u00e9s, min\u00e9raux, coenzymes, antioxydants) sont inspir\u00e9s de la m\u00e9so-injection*.<br \/>\nR\u00e9sultat\u00a0: apr\u00e8s 10 jours de traitement, 90% des femmes disent que leur peau est plus lisse et ferme, tandis que 87% la trouvent plus lumineuse**.<br \/>\nId\u00e9al pour tous les types de peau, ce s\u00e9rum booster facial anti-rides a une texture ultra-l\u00e9g\u00e8re et tr\u00e8s absorbante.<br \/>\nTest\u00e9 sous contr\u00f4le dermatologique<br \/>\n** Auto\u00e9valuation 30 sujets &#8211; r\u00e9sultats apr\u00e8s 10 jours d\u2019application du concentr\u00e9 NCEF-SHOT deux fois par jour.<\/p>\n","protected":false},"excerpt":{"rendered":"<p>Le s\u00e9rum anti-\u00e2ge ultra-concentr\u00e9 est utilis\u00e9 en 10 jours, pour un coup de pouce suppl\u00e9mentaire contre les signes du vieillissement.<\/p>\n","protected":false},"featured_media":23845,"comment_status":"open","ping_status":"closed","template":"","meta":[],"product_cat":[20],"product_tag":[],"class_list":{"0":"post-17058","1":"product","2":"type-product","3":"status-publish","4":"has-post-thumbnail","6":"product_cat-accessories","8":"first","9":"instock","10":"shipping-taxable","11":"product-type-simple"},"jetpack_sharing_enabled":true,"_links":{"self":[{"href":"https:\/\/para-pharmacity.tn\/index.php?rest_route=\/wp\/v2\/product\/17058","targetHints":{"allow":["GET"]}}],"collection":[{"href":"https:\/\/para-pharmacity.tn\/index.php?rest_route=\/wp\/v2\/product"}],"about":[{"href":"https:\/\/para-pharmacity.tn\/index.php?rest_route=\/wp\/v2\/types\/product"}],"replies":[{"embeddable":true,"href":"https:\/\/para-pharmacity.tn\/index.php?rest_route=%2Fwp%2Fv2%2Fcomments&post=17058"}],"version-history":[{"count":2,"href":"https:\/\/para-pharmacity.tn\/index.php?rest_route=\/wp\/v2\/product\/17058\/revisions"}],"predecessor-version":[{"id":23844,"href":"https:\/\/para-pharmacity.tn\/index.php?rest_route=\/wp\/v2\/product\/17058\/revisions\/23844"}],"wp:featuredmedia":[{"embeddable":true,"href":"https:\/\/para-pharmacity.tn\/index.php?rest_route=\/wp\/v2\/media\/23845"}],"wp:attachment":[{"href":"https:\/\/para-pharmacity.tn\/index.php?rest_route=%2Fwp%2Fv2%2Fmedia&parent=17058"}],"wp:term":[{"taxonomy":"product_cat","embeddable":true,"href":"https:\/\/para-pharmacity.tn\/index.php?rest_route=%2Fwp%2Fv2%2Fproduct_cat&post=17058"},{"taxonomy":"product_tag","embeddable":true,"href":"https:\/\/para-pharmacity.tn\/index.php?rest_route=%2Fwp%2Fv2%2Fproduct_tag&post=17058"}],"curies":[{"name":"wp","href":"https:\/\/api.w.org\/{rel}","templated":true}]}}