{"id":17056,"date":"2024-07-10T23:00:52","date_gmt":"2024-07-10T23:00:52","guid":{"rendered":"https:\/\/para-pharmacity.tn\/?product=filorga-bb-perfect-beige-lumiere"},"modified":"2024-08-21T14:34:10","modified_gmt":"2024-08-21T14:34:10","slug":"filorga-bb-perfect-beige-lumiere","status":"publish","type":"product","link":"https:\/\/para-pharmacity.tn\/?product=filorga-bb-perfect-beige-lumiere","title":{"rendered":"FILORGA BB PERFECT BEIGE LUMIERE"},"content":{"rendered":"<p>La BB perfect 01 beige lumi\u00e8re de Filorga repr\u00e9sente un soin perfecteur multi fonction, en effet, cette cr\u00e8me de teint agit en hydratant intens\u00e9ment la peau, en diminuant les signes de vieillissement cutan\u00e9, en apaisant et en r\u00e9parant mais aussi en corrigeant et en couvrant la peau d&rsquo;une mani\u00e8re tr\u00e8s naturelle. La BB cr\u00e8me de teint Filorga combien en un seul geste toutes les \u00e9tapes cl\u00e9s de votre rituel beaut\u00e9, du soin au maquillage. La formulation de la BB perfect de Filorga est un v\u00e9ritable condens\u00e9 de nombreux actifs : &#8211; Acide hyaluronique : La BB perfect retient jusqu&rsquo;\u00e0 100 fois son poids en eau et booste le taux d&rsquo;hydratation de la peau &#8211; NCTF : elle r\u00e9active l&rsquo;ensemble des m\u00e9canismes biologiques de la peau &#8211; Actif issu du ma\u00efs : elle corrige les rides en activant les m\u00e9canismes de cicatrisation de la peau &#8211; Complexe d&rsquo;actifs apaisants : elle emp\u00eache le stress oxydatif responsable des micro-inflammations pour lutter contre l&rsquo;apparition de rougeurs ou les sensations de tiraillements &#8211; Nacre soft focus et pigments floutteurs : La BB perfect se fond dans la peau pour une couvrance naturelle et un teint z\u00e9ro d\u00e9faut &#8211; Indice de protection SPF 15 : Prot\u00e9geant ainsi du rayonnement et pr\u00e9venant le photo-vieillissement.<\/p>\n","protected":false},"excerpt":{"rendered":"<p>La BB perfect 01 beige lumi\u00e8re de Filorga repr\u00e9sente un soin perfecteur multi fonction<\/p>\n","protected":false},"featured_media":23836,"comment_status":"open","ping_status":"closed","template":"","meta":[],"product_cat":[20],"product_tag":[],"class_list":{"0":"post-17056","1":"product","2":"type-product","3":"status-publish","4":"has-post-thumbnail","6":"product_cat-accessories","8":"first","9":"instock","10":"shipping-taxable","11":"product-type-simple"},"jetpack_sharing_enabled":true,"_links":{"self":[{"href":"https:\/\/para-pharmacity.tn\/index.php?rest_route=\/wp\/v2\/product\/17056","targetHints":{"allow":["GET"]}}],"collection":[{"href":"https:\/\/para-pharmacity.tn\/index.php?rest_route=\/wp\/v2\/product"}],"about":[{"href":"https:\/\/para-pharmacity.tn\/index.php?rest_route=\/wp\/v2\/types\/product"}],"replies":[{"embeddable":true,"href":"https:\/\/para-pharmacity.tn\/index.php?rest_route=%2Fwp%2Fv2%2Fcomments&post=17056"}],"version-history":[{"count":2,"href":"https:\/\/para-pharmacity.tn\/index.php?rest_route=\/wp\/v2\/product\/17056\/revisions"}],"predecessor-version":[{"id":23838,"href":"https:\/\/para-pharmacity.tn\/index.php?rest_route=\/wp\/v2\/product\/17056\/revisions\/23838"}],"wp:featuredmedia":[{"embeddable":true,"href":"https:\/\/para-pharmacity.tn\/index.php?rest_route=\/wp\/v2\/media\/23836"}],"wp:attachment":[{"href":"https:\/\/para-pharmacity.tn\/index.php?rest_route=%2Fwp%2Fv2%2Fmedia&parent=17056"}],"wp:term":[{"taxonomy":"product_cat","embeddable":true,"href":"https:\/\/para-pharmacity.tn\/index.php?rest_route=%2Fwp%2Fv2%2Fproduct_cat&post=17056"},{"taxonomy":"product_tag","embeddable":true,"href":"https:\/\/para-pharmacity.tn\/index.php?rest_route=%2Fwp%2Fv2%2Fproduct_tag&post=17056"}],"curies":[{"name":"wp","href":"https:\/\/api.w.org\/{rel}","templated":true}]}}