{"id":17055,"date":"2024-07-10T23:00:52","date_gmt":"2024-07-10T23:00:52","guid":{"rendered":"https:\/\/para-pharmacity.tn\/?product=filorga-age-purify-mask-75ml"},"modified":"2024-08-21T14:22:25","modified_gmt":"2024-08-21T14:22:25","slug":"filorga-age-purify-mask-75ml","status":"publish","type":"product","link":"https:\/\/para-pharmacity.tn\/?product=filorga-age-purify-mask-75ml","title":{"rendered":"FILORGA AGE PURIFY MASK 75ML"},"content":{"rendered":"<h2 class=\"TextDisplay--small h5 py-2\">Description<\/h2>\n<div class=\"content\">\n<p>Masque rajeunissant \u00e0 la texture argilecr\u00e8me. Aide \u00e0 r\u00e9guler la production de s\u00e9bum dans les peaux mixtes ou grasses et \u00e0 affiner le grain de la peau tout en traitant les signes du vieillissement. Combine 3 principes actifs antirides pour lisser les rides. Combine 5 acides micropeeling, du zinc et un agent multipurifiant pour r\u00e9duire les pores, les boutons, les points noirs et la brillance. Avec un duo d&rsquo;une r\u00e9sine v\u00e9g\u00e9tale et d&rsquo;argile blanche qui aide \u00e0 r\u00e9duire visiblement la taille des pores et \u00e0 absorber l&rsquo;exc\u00e8s de s\u00e9bum.<\/p>\n<h2 class=\"TextDisplay--small h5 py-2\">Mode d&#8217;emploi<\/h2>\n<div class=\"content\">\n<p>Appliquez en couche \u00e9paisse sur l&rsquo;ensemble du visage, en \u00e9vitant le contour des yeux.<br \/>\nLaissez agir pendant 10 minutes.<br \/>\nRincez.<br \/>\nUtilisez deux fois par semaine.<\/p>\n<h2 class=\"TextDisplay--small h5 py-2\">Composition<\/h2>\n<div class=\"content\">\n<p>AQUA (WATER, EAU), GLYCERIN, COCO-CAPRYLATE\/CAPRATE, PROPANEDIOL, TALC, NIACINAMIDE, CETYL ALCOHOL, HEPTYL UNDECYLENATE, C10-18 TRIGLYCERIDES, CAPRYLIC\/CAPRIC TRIGLYCERIDE, GLUCONOLACTONE, CI 77891 (TITANIUM DIOXIDE), KAOLIN, BENTONITE, SODIUM CITRATE, GLYCERYL STEARATE, PEG-100 STEARATE, SODIUM HYDROXIDE, POTASSIUM CETYL PHOSPHATE, LACTIC ACID, BISABOLOL, TOCOPHERYL ACETATE, ZINC PCA, PARFUM (FRAGRANCE), XANTHAN GUM, ALCOHOL, CITRIC ACID, AZELAIC ACID, SUCROSE PALMITATE, MALTODEXTRIN, BIXA ORELLANA SEED EXTRACT, MANDELIC ACID, ZINC GLUCONATE, GLYCOLIC ACID, HYDROLYZED WHEAT FLOUR, GLYCERYL LINOLEATE, LECITHIN, PISTACIA LENTISCUS (MASTIC) GUM, PRUNUS AMYGDALUS DULCIS (SWEET ALMOND) OIL, SODIUM CHLORIDE, 1,2-HEXANEDIOL, CAPRYLYL GLYCOL, DIPEPTIDE DIAMINOBUTYROYL BENZYLAMIDE DIACETATE, CI 61570 (GREEN 5), GLUCOSE, PHENOXYETHANOL, SODIUM HYALURONATE, POTASSIUM CHLORIDE, POTASSIUM SORBATE, CALCIUM CHLORIDE, CI 19140 (YELLOW 5), MAGNESIUM SULFATE, GLUTAMINE, SODIUM PHOSPHATE, ASCORBIC ACID, SODIUM ACETATE, TOCOPHEROL, LYSINE HCL, ARGININE HCL, ALANINE, HISTIDINE HCL, VALINE, LEUCINE, THREONINE, ISOLEUCINE, TRYPTOPHAN, PHENYLALANINE, TYROSINE, GLYCINE, POLYSORBATE 80, SERINE, CYSTINE, CYANOCOBALAMIN, GLUTATHIONE, ASPARAGINE, ASPARTIC ACID, ORNITHINE HCL, GLUTAMIC ACID, NICOTINAMIDE ADENINE DINUCLEOTIDE, PROLINE, METHIONINE, TAURINE, HYDROXYPROLINE, GLUCOSAMINE HCL, COENZYME A, SODIUM GLUCURONATE, THIAMINE DIPHOSPHATE, RETINYL ACETATE, INOSITOL, NIACIN, PYRIDOXINE HCL, BIOTIN, CALCIUM PANTOTHENATE, RIBOFLAVIN, SODIUM TOCOPHERYL PHOSPHATE, THIAMINE HCL, FOLIC ACID.<\/p>\n<\/div>\n<\/div>\n<\/div>\n","protected":false},"excerpt":{"rendered":"<p>C&rsquo;est un masque qui offre une double correction,\u00a0contre les rides et contre les imperfections.<\/p>\n<p>Ses r\u00e9sultats sont visibles d\u00e8s 7 jour. Il est destin\u00e9 aux peaux mixtes \u00e0 grasses.<\/p>\n","protected":false},"featured_media":23829,"comment_status":"open","ping_status":"closed","template":"","meta":[],"product_cat":[20],"product_tag":[],"class_list":{"0":"post-17055","1":"product","2":"type-product","3":"status-publish","4":"has-post-thumbnail","6":"product_cat-accessories","8":"first","9":"instock","10":"shipping-taxable","11":"product-type-simple"},"jetpack_sharing_enabled":true,"_links":{"self":[{"href":"https:\/\/para-pharmacity.tn\/index.php?rest_route=\/wp\/v2\/product\/17055","targetHints":{"allow":["GET"]}}],"collection":[{"href":"https:\/\/para-pharmacity.tn\/index.php?rest_route=\/wp\/v2\/product"}],"about":[{"href":"https:\/\/para-pharmacity.tn\/index.php?rest_route=\/wp\/v2\/types\/product"}],"replies":[{"embeddable":true,"href":"https:\/\/para-pharmacity.tn\/index.php?rest_route=%2Fwp%2Fv2%2Fcomments&post=17055"}],"version-history":[{"count":2,"href":"https:\/\/para-pharmacity.tn\/index.php?rest_route=\/wp\/v2\/product\/17055\/revisions"}],"predecessor-version":[{"id":23834,"href":"https:\/\/para-pharmacity.tn\/index.php?rest_route=\/wp\/v2\/product\/17055\/revisions\/23834"}],"wp:featuredmedia":[{"embeddable":true,"href":"https:\/\/para-pharmacity.tn\/index.php?rest_route=\/wp\/v2\/media\/23829"}],"wp:attachment":[{"href":"https:\/\/para-pharmacity.tn\/index.php?rest_route=%2Fwp%2Fv2%2Fmedia&parent=17055"}],"wp:term":[{"taxonomy":"product_cat","embeddable":true,"href":"https:\/\/para-pharmacity.tn\/index.php?rest_route=%2Fwp%2Fv2%2Fproduct_cat&post=17055"},{"taxonomy":"product_tag","embeddable":true,"href":"https:\/\/para-pharmacity.tn\/index.php?rest_route=%2Fwp%2Fv2%2Fproduct_tag&post=17055"}],"curies":[{"name":"wp","href":"https:\/\/api.w.org\/{rel}","templated":true}]}}