{"id":17054,"date":"2024-07-10T23:00:51","date_gmt":"2024-07-10T23:00:51","guid":{"rendered":"https:\/\/para-pharmacity.tn\/?product=filorga-age-purify-intensive-30ml"},"modified":"2024-08-21T14:10:36","modified_gmt":"2024-08-21T14:10:36","slug":"filorga-age-purify-intensive-30ml","status":"publish","type":"product","link":"https:\/\/para-pharmacity.tn\/?product=filorga-age-purify-intensive-30ml","title":{"rendered":"FILORGA AGE PURIFY INTENSIVE 30ML"},"content":{"rendered":"<p><strong>FILORGA AGE PURIFY INTENSIVE Serum Double Correction\u00a0[Rides + Imperfections]<\/strong><\/p>\n<p>FILORGA AGE PURIFY INTENSIVE Serum a une\u00a0formule double action qui a \u00e9t\u00e9 sp\u00e9cialement con\u00e7ue pour cibler deux des premiers signes de vieillissement : les pores dilat\u00e9s et les ridules. En m\u00eame temps, il aide \u00e0 am\u00e9liorer la texture de la peau pour une apparence plus lisse et plus uniforme.<\/p>\n<p>&nbsp;<\/p>\n<ul>\n<li><em><strong>Correction rides [expertise m\u00e9decine esth\u00e9tique<\/strong><\/em><\/li>\n<\/ul>\n<p>Le HYALURO-YOUTH CX renferme [acide hyaluronique + peptide d\u00e9froissant+ glycopeptide comblant] pour lisser les rides.<\/p>\n<ul>\n<li><em><strong>Correction imperfections [expertise dermatologique<\/strong><\/em><\/li>\n<\/ul>\n<p>Le DERMO-RESCUE CX combine [5 acides micro-peeling + zinc + agent multi-purifiant] pour r\u00e9duire pores, rougeurs, brillances, boutons et points noirs.<\/p>\n<p>&nbsp;<\/p>\n<p>FILORGA AGE PURIFY\u00a0 Serum poss\u00e8de une texture hydratante ultra-l\u00e9g\u00e8re,\u00a0Id\u00e9ale pour les peaux mixtes \u00e0 grasses, sujettes aux imperfections qui excerce\u00a0une action r\u00e9\u00e9quilibrante long terme.<\/p>\n","protected":false},"excerpt":{"rendered":"<p>Le\u00a0s\u00e9rum double correction Age-Purify intensive\u00a0de la marque\u00a0Filorga\u00a0est un soin concentr\u00e9 en actif capables de traiter les imperfections et de r\u00e9duire significativement les rides.<br \/>\nCe soin est destin\u00e9 aux\u00a0peaux mixtes \u00e0 grasses\u00a0sujettes aux imperfections qui souhaitent \u00e9galement r\u00e9duire les signes de l&rsquo;\u00e2ge.<\/p>\n","protected":false},"featured_media":23825,"comment_status":"open","ping_status":"closed","template":"","meta":[],"product_cat":[20],"product_tag":[],"class_list":{"0":"post-17054","1":"product","2":"type-product","3":"status-publish","4":"has-post-thumbnail","6":"product_cat-accessories","8":"first","9":"instock","10":"shipping-taxable","11":"product-type-simple"},"jetpack_sharing_enabled":true,"_links":{"self":[{"href":"https:\/\/para-pharmacity.tn\/index.php?rest_route=\/wp\/v2\/product\/17054","targetHints":{"allow":["GET"]}}],"collection":[{"href":"https:\/\/para-pharmacity.tn\/index.php?rest_route=\/wp\/v2\/product"}],"about":[{"href":"https:\/\/para-pharmacity.tn\/index.php?rest_route=\/wp\/v2\/types\/product"}],"replies":[{"embeddable":true,"href":"https:\/\/para-pharmacity.tn\/index.php?rest_route=%2Fwp%2Fv2%2Fcomments&post=17054"}],"version-history":[{"count":2,"href":"https:\/\/para-pharmacity.tn\/index.php?rest_route=\/wp\/v2\/product\/17054\/revisions"}],"predecessor-version":[{"id":23827,"href":"https:\/\/para-pharmacity.tn\/index.php?rest_route=\/wp\/v2\/product\/17054\/revisions\/23827"}],"wp:featuredmedia":[{"embeddable":true,"href":"https:\/\/para-pharmacity.tn\/index.php?rest_route=\/wp\/v2\/media\/23825"}],"wp:attachment":[{"href":"https:\/\/para-pharmacity.tn\/index.php?rest_route=%2Fwp%2Fv2%2Fmedia&parent=17054"}],"wp:term":[{"taxonomy":"product_cat","embeddable":true,"href":"https:\/\/para-pharmacity.tn\/index.php?rest_route=%2Fwp%2Fv2%2Fproduct_cat&post=17054"},{"taxonomy":"product_tag","embeddable":true,"href":"https:\/\/para-pharmacity.tn\/index.php?rest_route=%2Fwp%2Fv2%2Fproduct_tag&post=17054"}],"curies":[{"name":"wp","href":"https:\/\/api.w.org\/{rel}","templated":true}]}}