{"id":17053,"date":"2024-07-10T23:00:51","date_gmt":"2024-07-10T23:00:51","guid":{"rendered":"https:\/\/para-pharmacity.tn\/?product=filorga-age-purify-fluide-50ml"},"modified":"2024-08-21T14:00:35","modified_gmt":"2024-08-21T14:00:35","slug":"filorga-age-purify-fluide-50ml","status":"publish","type":"product","link":"https:\/\/para-pharmacity.tn\/?product=filorga-age-purify-fluide-50ml","title":{"rendered":"FILORGA AGE PURIFY FLUIDE 50ML"},"content":{"rendered":"<p>le fluide visage double correction agit sur les rides et les imperfections de la peau. Le soin id\u00e9al pour lutter contre les agressions du temps et contre la pollution.<\/p>\n<p>Correction rides [expertise m\u00e9decine esth\u00e9tique]<\/p>\n<p>Le HYALURO-YOUTH CX renferme [acide hyaluronique repulpant + peptide d\u00e9froissant+ glycopeptide comblant] pour lisser les rides et corriger les signes de l\u2019\u00e2ge.<\/p>\n<p>Correction imperfections [expertise dermatologique]<\/p>\n<p>Le DERMO-RESCUE CX combine [5 acides micro-peeling + zinc s\u00e9bo-r\u00e9gulateur + agent multi-purifiant] pour r\u00e9duire pores, rougeurs, brillances, boutons et points noirs.<\/p>\n<p><strong>Conseils D&rsquo;utilisation<\/strong><\/p>\n<p>Utiliser en soin quotidien matin et soir sur l\u2019ensemble du visage.<\/p>\n","protected":false},"excerpt":{"rendered":"<p>D\u00e9couvrez le fluide visage double correction qui agit sur les rides et les imperfections de la peau. Le soin id\u00e9al pour lutter contre les agressions du temps et contre la pollution.<\/p>\n","protected":false},"featured_media":23817,"comment_status":"open","ping_status":"closed","template":"","meta":[],"product_cat":[20],"product_tag":[],"class_list":{"0":"post-17053","1":"product","2":"type-product","3":"status-publish","4":"has-post-thumbnail","6":"product_cat-accessories","8":"first","9":"instock","10":"shipping-taxable","11":"product-type-simple"},"jetpack_sharing_enabled":true,"_links":{"self":[{"href":"https:\/\/para-pharmacity.tn\/index.php?rest_route=\/wp\/v2\/product\/17053","targetHints":{"allow":["GET"]}}],"collection":[{"href":"https:\/\/para-pharmacity.tn\/index.php?rest_route=\/wp\/v2\/product"}],"about":[{"href":"https:\/\/para-pharmacity.tn\/index.php?rest_route=\/wp\/v2\/types\/product"}],"replies":[{"embeddable":true,"href":"https:\/\/para-pharmacity.tn\/index.php?rest_route=%2Fwp%2Fv2%2Fcomments&post=17053"}],"version-history":[{"count":2,"href":"https:\/\/para-pharmacity.tn\/index.php?rest_route=\/wp\/v2\/product\/17053\/revisions"}],"predecessor-version":[{"id":23822,"href":"https:\/\/para-pharmacity.tn\/index.php?rest_route=\/wp\/v2\/product\/17053\/revisions\/23822"}],"wp:featuredmedia":[{"embeddable":true,"href":"https:\/\/para-pharmacity.tn\/index.php?rest_route=\/wp\/v2\/media\/23817"}],"wp:attachment":[{"href":"https:\/\/para-pharmacity.tn\/index.php?rest_route=%2Fwp%2Fv2%2Fmedia&parent=17053"}],"wp:term":[{"taxonomy":"product_cat","embeddable":true,"href":"https:\/\/para-pharmacity.tn\/index.php?rest_route=%2Fwp%2Fv2%2Fproduct_cat&post=17053"},{"taxonomy":"product_tag","embeddable":true,"href":"https:\/\/para-pharmacity.tn\/index.php?rest_route=%2Fwp%2Fv2%2Fproduct_tag&post=17053"}],"curies":[{"name":"wp","href":"https:\/\/api.w.org\/{rel}","templated":true}]}}