{"id":17052,"date":"2024-07-10T23:00:51","date_gmt":"2024-07-10T23:00:51","guid":{"rendered":"https:\/\/para-pharmacity.tn\/?product=figorhume-30-gel"},"modified":"2024-08-21T13:47:57","modified_gmt":"2024-08-21T13:47:57","slug":"figorhume-30-gel","status":"publish","type":"product","link":"https:\/\/para-pharmacity.tn\/?product=figorhume-30-gel","title":{"rendered":"FIGORHUME 30 GEL"},"content":{"rendered":"<p>FIGORHUME est une association \u00e9quilibr\u00e9e et synergique de microsph\u00e8res de plantes qui contribuent \u00e0 traiter et pr\u00e9venir le rhume et l\u2019\u00e9tat grippal.<\/p>\n<p>Il est recommand\u00e9 de prendre FIGORHUME pour un :<\/p>\n<p>Traitement symptomatique et pr\u00e9ventif de la grippe<br \/>\nTraitement symptomatique et pr\u00e9ventif du rhume<br \/>\nFIGORHUME se pr\u00e9sente sous forme de boite de 10 et de 30 g\u00e9lules.<\/p>\n","protected":false},"excerpt":{"rendered":"<p>FIGORHUME est une association \u00e9quilibr\u00e9e et synergique de microsph\u00e8res de plantes qui contribuent \u00e0 traiter et pr\u00e9venir le rhume et l\u2019\u00e9tat grippal<\/p>\n","protected":false},"featured_media":23813,"comment_status":"open","ping_status":"closed","template":"","meta":[],"product_cat":[20],"product_tag":[],"class_list":{"0":"post-17052","1":"product","2":"type-product","3":"status-publish","4":"has-post-thumbnail","6":"product_cat-accessories","8":"first","9":"instock","10":"shipping-taxable","11":"product-type-simple"},"jetpack_sharing_enabled":true,"_links":{"self":[{"href":"https:\/\/para-pharmacity.tn\/index.php?rest_route=\/wp\/v2\/product\/17052","targetHints":{"allow":["GET"]}}],"collection":[{"href":"https:\/\/para-pharmacity.tn\/index.php?rest_route=\/wp\/v2\/product"}],"about":[{"href":"https:\/\/para-pharmacity.tn\/index.php?rest_route=\/wp\/v2\/types\/product"}],"replies":[{"embeddable":true,"href":"https:\/\/para-pharmacity.tn\/index.php?rest_route=%2Fwp%2Fv2%2Fcomments&post=17052"}],"version-history":[{"count":2,"href":"https:\/\/para-pharmacity.tn\/index.php?rest_route=\/wp\/v2\/product\/17052\/revisions"}],"predecessor-version":[{"id":23815,"href":"https:\/\/para-pharmacity.tn\/index.php?rest_route=\/wp\/v2\/product\/17052\/revisions\/23815"}],"wp:featuredmedia":[{"embeddable":true,"href":"https:\/\/para-pharmacity.tn\/index.php?rest_route=\/wp\/v2\/media\/23813"}],"wp:attachment":[{"href":"https:\/\/para-pharmacity.tn\/index.php?rest_route=%2Fwp%2Fv2%2Fmedia&parent=17052"}],"wp:term":[{"taxonomy":"product_cat","embeddable":true,"href":"https:\/\/para-pharmacity.tn\/index.php?rest_route=%2Fwp%2Fv2%2Fproduct_cat&post=17052"},{"taxonomy":"product_tag","embeddable":true,"href":"https:\/\/para-pharmacity.tn\/index.php?rest_route=%2Fwp%2Fv2%2Fproduct_tag&post=17052"}],"curies":[{"name":"wp","href":"https:\/\/api.w.org\/{rel}","templated":true}]}}