{"id":17051,"date":"2024-07-10T23:00:51","date_gmt":"2024-07-10T23:00:51","guid":{"rendered":"https:\/\/para-pharmacity.tn\/?product=figo-vasoprev-abg10-30-gelules"},"modified":"2024-08-21T13:40:03","modified_gmt":"2024-08-21T13:40:03","slug":"figo-vasoprev-abg10-30-gelules","status":"publish","type":"product","link":"https:\/\/para-pharmacity.tn\/?product=figo-vasoprev-abg10-30-gelules","title":{"rendered":"FIGO VASOPREV ABG10+ 30 GELULES"},"content":{"rendered":"<p>VASOPREV\u00ae est un m\u00e9lange d\u2019extrait sec d\u2019ail noir ferment\u00e9 titr\u00e9 \u00e0 &gt;= 0.1 % de S-Allyl-cysteine, vitamine C, vitamine D3 et s\u00e9l\u00e9nium.<\/p>\n<p>VASOPREV\u00ae se pr\u00e9sente sous forme de boite de 30 g\u00e9lules<\/p>\n<p>Il est recommand\u00e9 de prendre VASOPREV\u00ae pour :<\/p>\n<ul>\n<li>Dyslipid\u00e9mie.<\/li>\n<li>Pr\u00e9vention des maladies cardiovasculaires.<\/li>\n<li>Pr\u00e9vention des maladies c\u00e9r\u00e9brovasculaires<\/li>\n<\/ul>\n<p>conseil d\u2019utilisation<\/p>\n<ul>\n<li>R\u00e9server \u00e0 l\u2019adulte :<\/li>\n<li>Prendre 2 g\u00e9lules par jour par voie orale<\/li>\n<\/ul>\n<p>Par mesure de pr\u00e9caution, pour la femme enceinte et allaitante, il est pr\u00e9f\u00e9rable de demander conseil \u00e0 votre m\u00e9decin ou \u00e0 votre pharmacien avant de prendre VASOPREV\u00ae<\/p>\n","protected":false},"excerpt":{"rendered":"<p><strong>VASOPREV\u00ae<\/strong>\u00a0est un m\u00e9lange d\u2019extrait sec d\u2019ail noir ferment\u00e9 titr\u00e9 \u00e0 &gt;= 0.1 % de S-Allyl-cysteine, vitamine C, vitamine D3 et s\u00e9l\u00e9nium.<\/p>\n<p><strong>VASOPREV\u00ae<\/strong>\u00a0se pr\u00e9sente sous forme de boite de 30 g\u00e9lules<\/p>\n<p>Il est recommand\u00e9 de prendre\u00a0<strong>VASOPREV\u00ae<\/strong>\u00a0pour :<\/p>\n<ul>\n<li>Dyslipid\u00e9mie.<\/li>\n<li>Pr\u00e9vention des maladies cardiovasculaires.<\/li>\n<li>Pr\u00e9vention des maladies c\u00e9r\u00e9brovasculaires<\/li>\n<\/ul>\n","protected":false},"featured_media":23812,"comment_status":"open","ping_status":"closed","template":"","meta":[],"product_cat":[20],"product_tag":[],"class_list":{"0":"post-17051","1":"product","2":"type-product","3":"status-publish","4":"has-post-thumbnail","6":"product_cat-accessories","8":"first","9":"instock","10":"shipping-taxable","11":"product-type-simple"},"jetpack_sharing_enabled":true,"_links":{"self":[{"href":"https:\/\/para-pharmacity.tn\/index.php?rest_route=\/wp\/v2\/product\/17051","targetHints":{"allow":["GET"]}}],"collection":[{"href":"https:\/\/para-pharmacity.tn\/index.php?rest_route=\/wp\/v2\/product"}],"about":[{"href":"https:\/\/para-pharmacity.tn\/index.php?rest_route=\/wp\/v2\/types\/product"}],"replies":[{"embeddable":true,"href":"https:\/\/para-pharmacity.tn\/index.php?rest_route=%2Fwp%2Fv2%2Fcomments&post=17051"}],"version-history":[{"count":2,"href":"https:\/\/para-pharmacity.tn\/index.php?rest_route=\/wp\/v2\/product\/17051\/revisions"}],"predecessor-version":[{"id":23810,"href":"https:\/\/para-pharmacity.tn\/index.php?rest_route=\/wp\/v2\/product\/17051\/revisions\/23810"}],"wp:featuredmedia":[{"embeddable":true,"href":"https:\/\/para-pharmacity.tn\/index.php?rest_route=\/wp\/v2\/media\/23812"}],"wp:attachment":[{"href":"https:\/\/para-pharmacity.tn\/index.php?rest_route=%2Fwp%2Fv2%2Fmedia&parent=17051"}],"wp:term":[{"taxonomy":"product_cat","embeddable":true,"href":"https:\/\/para-pharmacity.tn\/index.php?rest_route=%2Fwp%2Fv2%2Fproduct_cat&post=17051"},{"taxonomy":"product_tag","embeddable":true,"href":"https:\/\/para-pharmacity.tn\/index.php?rest_route=%2Fwp%2Fv2%2Fproduct_tag&post=17051"}],"curies":[{"name":"wp","href":"https:\/\/api.w.org\/{rel}","templated":true}]}}