{"id":17050,"date":"2024-07-10T23:00:50","date_gmt":"2024-07-10T23:00:50","guid":{"rendered":"https:\/\/para-pharmacity.tn\/?product=figo-stradep-30-gelules"},"modified":"2024-08-21T13:17:37","modified_gmt":"2024-08-21T13:17:37","slug":"figo-stradep-30-gelules","status":"publish","type":"product","link":"https:\/\/para-pharmacity.tn\/?product=figo-stradep-30-gelules","title":{"rendered":"FIGO STRADEP 30 GELULES"},"content":{"rendered":"<p>STRADEP g\u00e9lules est une association \u00e0 effet synergique de microsph\u00e8res et d&rsquo;extraits secs de plantes m\u00e9dicinales pour aider \u00e0 lutter contre le stress, l\u2019anxi\u00e9t\u00e9, le burn\u2013out, faciliter l&rsquo;endormissement et am\u00e9liorer la qualit\u00e9 du sommeil.<\/p>\n<p>STRADEP g\u00e9lules peut \u00eatre utilis\u00e9 par les personnes qui souhaitent un traitement naturel de la d\u00e9pression l\u00e9g\u00e8re \u00e0 mod\u00e9r\u00e9e et des troubles de l&rsquo;humeur sans risque d&rsquo;accoutumance physique et psychique.<\/p>\n<p>STRADEP se pr\u00e9sente sous forme de 30 g\u00e9lules.<\/p>\n<h4>conseil d&rsquo;utilisation<\/h4>\n<p>R\u00e9server \u00e0 l\u2019adulte :<\/p>\n<ul>\n<li>En cas de stress mod\u00e9r\u00e9 et insomnie l\u00e9g\u00e8re prendre 1 g\u00e9lule le soir.<\/li>\n<li>En cas d\u2019anxi\u00e9t\u00e9 et \u00e9tat d\u00e9pressif prendre 1 g\u00e9lule le soir et 1 g\u00e9lule avant le coucher.<\/li>\n<\/ul>\n<p>Respectez une fen\u00eatre th\u00e9rapeutique d\u2019une semaine toutes les 6 semaines.<\/p>\n<p>Mode et voie d\u2019administration : Prendre les g\u00e9lules avec un verre d\u2019eau loin de toutes prises alimentaires et m\u00e9dicamenteuses.<\/p>\n<p>Par mesure de pr\u00e9caution, pour la femme enceinte, il est pr\u00e9f\u00e9rable de demander conseil \u00e0 votre m\u00e9decin ou \u00e0 votre pharmacien avant de prendre STRADEP g\u00e9lules.<\/p>\n","protected":false},"excerpt":{"rendered":"<p>STRADEP g\u00e9lules est une association \u00e0 effet synergique de microsph\u00e8res et d&rsquo;extraits secs de plantes m\u00e9dicinales pour aider \u00e0 lutter contre le stress, l\u2019anxi\u00e9t\u00e9, le burn\u2013out, faciliter l&rsquo;endormissement et am\u00e9liorer la qualit\u00e9 du sommeil.<\/p>\n","protected":false},"featured_media":23807,"comment_status":"open","ping_status":"closed","template":"","meta":[],"product_cat":[20],"product_tag":[],"class_list":{"0":"post-17050","1":"product","2":"type-product","3":"status-publish","4":"has-post-thumbnail","6":"product_cat-accessories","8":"first","9":"instock","10":"shipping-taxable","11":"product-type-simple"},"jetpack_sharing_enabled":true,"_links":{"self":[{"href":"https:\/\/para-pharmacity.tn\/index.php?rest_route=\/wp\/v2\/product\/17050","targetHints":{"allow":["GET"]}}],"collection":[{"href":"https:\/\/para-pharmacity.tn\/index.php?rest_route=\/wp\/v2\/product"}],"about":[{"href":"https:\/\/para-pharmacity.tn\/index.php?rest_route=\/wp\/v2\/types\/product"}],"replies":[{"embeddable":true,"href":"https:\/\/para-pharmacity.tn\/index.php?rest_route=%2Fwp%2Fv2%2Fcomments&post=17050"}],"version-history":[{"count":2,"href":"https:\/\/para-pharmacity.tn\/index.php?rest_route=\/wp\/v2\/product\/17050\/revisions"}],"predecessor-version":[{"id":23809,"href":"https:\/\/para-pharmacity.tn\/index.php?rest_route=\/wp\/v2\/product\/17050\/revisions\/23809"}],"wp:featuredmedia":[{"embeddable":true,"href":"https:\/\/para-pharmacity.tn\/index.php?rest_route=\/wp\/v2\/media\/23807"}],"wp:attachment":[{"href":"https:\/\/para-pharmacity.tn\/index.php?rest_route=%2Fwp%2Fv2%2Fmedia&parent=17050"}],"wp:term":[{"taxonomy":"product_cat","embeddable":true,"href":"https:\/\/para-pharmacity.tn\/index.php?rest_route=%2Fwp%2Fv2%2Fproduct_cat&post=17050"},{"taxonomy":"product_tag","embeddable":true,"href":"https:\/\/para-pharmacity.tn\/index.php?rest_route=%2Fwp%2Fv2%2Fproduct_tag&post=17050"}],"curies":[{"name":"wp","href":"https:\/\/api.w.org\/{rel}","templated":true}]}}