{"id":17048,"date":"2024-07-10T23:00:50","date_gmt":"2024-07-10T23:00:50","guid":{"rendered":"https:\/\/para-pharmacity.tn\/?product=figo-hepatox-30-gelules"},"modified":"2024-08-21T13:02:59","modified_gmt":"2024-08-21T13:02:59","slug":"figo-hepatox-30-gelules","status":"publish","type":"product","link":"https:\/\/para-pharmacity.tn\/?product=figo-hepatox-30-gelules","title":{"rendered":"FIGO HEPATOX 30 GELULES"},"content":{"rendered":"<p>HEPATOX est un compl\u00e9ment alimentaire compos\u00e9 de plantes s\u00e9lectionn\u00e9es pour leurs vertus d\u00e9toxfi\u00adantes et h\u00e9pato-protectrices.<\/p>\n<p>Il est recommand\u00e9 de prendre HEPATOX en cas de :<\/p>\n<ul>\n<li>D\u00e9toxification h\u00e9patique<\/li>\n<li>H\u00e9pato protection<\/li>\n<li>St\u00e9atose h\u00e9patique<\/li>\n<li>H\u00e9patite virale au d\u00e9but de la maladie<\/li>\n<\/ul>\n<p>HEPATOX se pr\u00e9sente sous forme de boite de 30 g\u00e9lules.<\/p>\n<h4>conseil d&rsquo;utilisation<\/h4>\n<ul>\n<li>Enfant de 12 \u00e0 18 ans : prendre 1 g\u00e9lule deux fois par jour avant les repas.<\/li>\n<li>Adulte : prendre 1 g\u00e9lule trois fois par jour avant les repas<\/li>\n<\/ul>\n<p>Par mesure de pr\u00e9caution, pour la femme enceinte et allaitante, il est pr\u00e9f\u00e9rable de demander conseil \u00e0 votre m\u00e9decin ou \u00e0 votre pharmacien avant de prendre HEPATOX.<\/p>\n","protected":false},"excerpt":{"rendered":"<p>HEPATOX est un compl\u00e9ment alimentaire compos\u00e9 de plantes s\u00e9lectionn\u00e9es pour leurs vertus d\u00e9toxfi\u00adantes et h\u00e9pato-protectrices.<\/p>\n","protected":false},"featured_media":23801,"comment_status":"open","ping_status":"closed","template":"","meta":[],"product_cat":[20],"product_tag":[],"class_list":{"0":"post-17048","1":"product","2":"type-product","3":"status-publish","4":"has-post-thumbnail","6":"product_cat-accessories","8":"first","9":"instock","10":"shipping-taxable","11":"product-type-simple"},"jetpack_sharing_enabled":true,"_links":{"self":[{"href":"https:\/\/para-pharmacity.tn\/index.php?rest_route=\/wp\/v2\/product\/17048","targetHints":{"allow":["GET"]}}],"collection":[{"href":"https:\/\/para-pharmacity.tn\/index.php?rest_route=\/wp\/v2\/product"}],"about":[{"href":"https:\/\/para-pharmacity.tn\/index.php?rest_route=\/wp\/v2\/types\/product"}],"replies":[{"embeddable":true,"href":"https:\/\/para-pharmacity.tn\/index.php?rest_route=%2Fwp%2Fv2%2Fcomments&post=17048"}],"version-history":[{"count":2,"href":"https:\/\/para-pharmacity.tn\/index.php?rest_route=\/wp\/v2\/product\/17048\/revisions"}],"predecessor-version":[{"id":23802,"href":"https:\/\/para-pharmacity.tn\/index.php?rest_route=\/wp\/v2\/product\/17048\/revisions\/23802"}],"wp:featuredmedia":[{"embeddable":true,"href":"https:\/\/para-pharmacity.tn\/index.php?rest_route=\/wp\/v2\/media\/23801"}],"wp:attachment":[{"href":"https:\/\/para-pharmacity.tn\/index.php?rest_route=%2Fwp%2Fv2%2Fmedia&parent=17048"}],"wp:term":[{"taxonomy":"product_cat","embeddable":true,"href":"https:\/\/para-pharmacity.tn\/index.php?rest_route=%2Fwp%2Fv2%2Fproduct_cat&post=17048"},{"taxonomy":"product_tag","embeddable":true,"href":"https:\/\/para-pharmacity.tn\/index.php?rest_route=%2Fwp%2Fv2%2Fproduct_tag&post=17048"}],"curies":[{"name":"wp","href":"https:\/\/api.w.org\/{rel}","templated":true}]}}